{"id":2866963,"date":"2020-06-15T06:24:42","date_gmt":"2020-06-15T11:24:42","guid":{"rendered":"https:\/\/www.salvilaw.com\/?page_id=2866963"},"modified":"2025-12-02T18:02:23","modified_gmt":"2025-12-03T00:02:23","slug":"accidentes-de-motocicleta-leyes-de-casco","status":"publish","type":"page","link":"https:\/\/www.salvilaw.com\/es\/accidentes-de-motocicleta-leyes-de-casco\/","title":{"rendered":"Leyes sobre el uso de casco en motocicletas"},"content":{"rendered":"<p>En Illinois, no existe ninguna ley que exija a los motociclistas usar casco. Sin embargo, los defensores de la seguridad alientan a los conductores a hacerlo para su propia protecci\u00f3n. Desafortunadamente, no importa cu\u00e1n seguro o h\u00e1bil sea un conductor, un automovilista imprudente puede causar lesiones devastadoras y con potencial de ser mortales en un accidente. Aunque un casco no puede prevenir todas las lesiones, proporciona una capa adicional de protecci\u00f3n para el motociclista.<\/p>\n<p>En Salvi, Schostok &amp; Pritchard, P.C., defendemos a los motociclistas y queremos que los conductores en Illinois conozcan las leyes y c\u00f3mo protegerse en caso de un accidente.<\/p>\n<h2>Comprendiendo las leyes sobre cascos de motocicletas en Illinois<\/h2>\n<p>Solo existen dos estados en los Estados Unidos que no cuentan con requisitos de uso de casco en motocicleta: Iowa e Illinois. Durante las \u00faltimas d\u00e9cadas, las organizaciones de seguridad vial han presionado con \u00e9xito a muchos cuerpos legislativos estatales para hacer obligatorio el uso de casco entre los motociclistas adultos. La justificaci\u00f3n cient\u00edfica para estas leyes es concluyente.<\/p>\n<p>\u201cLos cascos para motocicletas son altamente efectivos para proteger la cabeza de los motociclistas en un accidente\u201d, seg\u00fan los Centros para el Control y la Prevenci\u00f3n de Enfermedades (CDC). Las investigaciones han documentado que los cascos reducen de manera significativa tanto el n\u00famero de muertes como las lesiones cerebrales traum\u00e1ticas causadas por accidentes de motocicleta.<\/p>\n<p>Con una fuerte evidencia estad\u00edstica a su favor, quienes abogan por leyes m\u00e1s estrictas sobre el uso de casco han logrado persuadir a casi todos los estados. No obstante, hasta ahora, Illinois ha resistido estas reformas y mantiene su estatus como un estado en el que el uso de casco queda a libre elecci\u00f3n del motociclista.<\/p>\n<h2>Ley de cascos en Illinois para menores<\/h2>\n<p>Algunos estados que no cuentan con leyes obligatorias de casco para adultos han establecido normativas espec\u00edficas que exigen el uso de casco a los menores de edad. Dependiendo del estado, los conductores menores de 18 o 21 a\u00f1os pueden tener requisitos m\u00e1s estrictos que los motociclistas mayores. Este compromiso busca proteger a los j\u00f3venes conductores, quienes son m\u00e1s propensos a tomar resoluciones impulsivas, al tiempo que permite que el resto de los conductores tomen sus propias decisiones. Hasta el a\u00f1o 2020, Illinois no contaba con una ley que exigiera el uso de casco a los menores de edad.<\/p>\n<h2>La importancia de usar un casco<\/h2>\n<p>Aunque en Illinois no es obligatorio usar casco al conducir una motocicleta, es <a href=\"https:\/\/www.salvilaw.com\/motorcycle-accidents\/wear-your-helmet\/\">muy recomendable optar por hacerlo<\/a>. Numerosos estudios cient\u00edficos sobre estad\u00edsticas de accidentes de motocicleta han demostrado que es m\u00e1s probable sobrevivir a una colisi\u00f3n o ca\u00edda si se usa un casco.<\/p>\n<p>Si, como muchos habitantes de Chicago, rara vez conduce a gran velocidad porque suele estar atrapado en el tr\u00e1fico de la ciudad, puede pensar que no necesita un casco voluminoso y costoso. Sin embargo, incluso los accidentes a baja velocidad pueden provocar lesiones graves en los motociclistas. Recuerde que no puede confiar solo en su propia conducci\u00f3n segura. Usted comparte la carretera con autom\u00f3viles y camiones, muchos de los cuales tienen puntos ciegos grandes que pueden ocultar veh\u00edculos peque\u00f1os como las motocicletas. Los conductores negligentes, especialmente aquellos que manejan en estado de ebriedad o distra\u00eddos, causan accidentes cuando no prestan atenci\u00f3n al 100% en la carretera.<\/p>\n<p>De acuerdo con los Centros para el Control y la Prevenci\u00f3n de Enfermedades, el uso del casco reduce las lesiones cerebrales entre un 41% y un 69%. Las lesiones cerebrales traum\u00e1ticas pueden tener efectos de por vida, desde s\u00edntomas relativamente menores pero persistentes, como mareos, hasta traumas graves como el coma o la muerte cerebral. El uso adecuado del casco tambi\u00e9n reduce significativamente el n\u00famero de muertes por accidentes de motocicleta, disminuyendo las fatalidades entre un 22% y un 42%.<\/p>\n<h2>Qu\u00e9 debe considerar al elegir un casco<\/h2>\n<p>La <a href=\"https:\/\/www.nhtsa.gov\/motorcycle-safety\/choose-right-motorcycle-helmet\" target=\"_blank\" rel=\"noopener\">Administraci\u00f3n Nacional de Seguridad del Tr\u00e1fico en las Carreteras<\/a> (NHTSA, por sus siglas en ingl\u00e9s) public\u00f3 una gu\u00eda sobre cascos para motocicletas que resulta muy \u00fatil como referencia. Seg\u00fan la NHTSA, estos son algunos aspectos que debe considerar al elegir un casco:<\/p>\n<ul>\n<li><strong>Aseg\u00farese de que el casco se adapte a la forma de su cabeza<\/strong>. Usted puede tener una cabeza de forma ovalada redonda, ovalada larga u ovalada intermedia. Cada forma requiere un tipo diferente de casco.<br \/>\n<strong>Mida su cabeza<\/strong>. Use una cinta m\u00e9trica flexible para medir la circunferencia de su cr\u00e1neo. Aseg\u00farese de rodear la parte m\u00e1s ancha de su cabeza. Compare esa medida con las especificaciones del fabricante y aseg\u00farese de que coincidan. Un casco flojo no lo proteger\u00e1 tan bien como uno que ajuste de manera firme.<\/li>\n<li><strong>Elija un estilo que se adapte a sus h\u00e1bitos de conducci\u00f3n<\/strong>. Si alguna vez conduce fuera de carretera, podr\u00eda requerir un tipo de casco diferente al que necesita si pasa la mayor parte del tiempo en la autopista.<\/li>\n<li><strong>Busque el <a href=\"http:\/\/idot.illinois.gov\/\" target=\"_blank\" rel=\"noopener\">s\u00edmbolo del Departamento de Transporte<\/a><\/strong>. Si el casco cumple con la Norma Federal de Seguridad de Veh\u00edculos Motorizados No. 218, debe estar marcado. Estos cascos cumplen con los requisitos m\u00ednimos establecidos por el gobierno federal.<\/li>\n<li><strong>Nunca intente usar un casco de bicicleta o de disfraz<\/strong>. Solo elija cascos debidamente certificados y espec\u00edficamente dise\u00f1ados para motociclistas.<\/li>\n<\/ul>\n<p>Los motociclistas en Illinois tienen derecho a tomar sus propias decisiones cuando se suben a sus motocicletas. Muchos optan por no usar casco. Sin embargo, la opci\u00f3n m\u00e1s segura es usar un casco apropiado que cumpla con los est\u00e1ndares nacionales. Tambi\u00e9n es recomendable usar ropa protectora, como chaquetas resistentes a la abrasi\u00f3n, para prevenir otras lesiones graves.<br \/>\nSi usted resulta lesionado en un accidente de motocicleta, ya sea que llevara casco o no, debe hablar lo antes posible con un abogado calificado sobre sus derechos legales.<\/p>\n<h2>\u00bfLesionado en un accidente? Contacte hoy mismo a nuestros abogados de accidentes de motocicleta<\/h2>\n<p>Usted no deber\u00eda sufrir consecuencias financieras si ha resultado lesionado por un conductor negligente o imprudente en un accidente de motocicleta. Cuando elige a los abogados experimentados de Salvi, Schostok &amp; Pritchard, P.C., lucharemos con firmeza para obtener la <a href=\"https:\/\/www.salvilaw.com\/personal-injury\/case-worth\/\">compensaci\u00f3n justa y completa<\/a> que usted merece.<br \/>\nNuestros <a href=\"https:\/\/www.salvilaw.com\/es\/accidentes-de-motocicleta\/\">abogados especializados en accidentes de motocicleta<\/a> pueden ayudarle a comprender sus opciones legales y qu\u00e9 esperar en su caso. Nuestro equipo legal maneja todos los detalles de su situaci\u00f3n de principio a fin, para que usted pueda concentrarse en su recuperaci\u00f3n. Ll\u00e1menos hoy mismo o cont\u00e1ctenos en l\u00ednea para programar una consulta gratuita y sin compromiso.<\/p>\n","protected":false},"excerpt":{"rendered":"<p>En Illinois, no existe ninguna ley que exija a los motociclistas usar casco. Sin embargo, los defensores de la seguridad alientan a los conductores a hacerlo para su propia protecci\u00f3n. Desafortunadamente, no importa cu\u00e1n seguro o h\u00e1bil sea un conductor, un automovilista imprudente puede causar lesiones devastadoras y con potencial&#8230;<\/p>\n","protected":false},"author":59,"featured_media":2803257,"parent":0,"menu_order":117,"comment_status":"closed","ping_status":"closed","template":"","meta":{"_acf_changed":false,"footnotes":""},"class_list":["post-2866963","page","type-page","status-publish","has-post-thumbnail","hentry"],"acf":[],"yoast_head":"<!-- This site is optimized with the Yoast SEO Premium plugin v27.2 (Yoast SEO v27.3) - https:\/\/yoast.com\/product\/yoast-seo-premium-wordpress\/ -->\n<title>Leyes sobre el uso de casco en motocicletas | Salvi, Schostok &amp; Pritchard<\/title>\n<meta name=\"description\" content=\"Defendemos a los motociclistas y queremos que los conductores en Illinois conozcan las leyes y c\u00f3mo protegerse en caso de un accidente.\" \/>\n<meta name=\"robots\" content=\"index, follow, max-snippet:-1, max-image-preview:large, max-video-preview:-1\" \/>\n<link rel=\"canonical\" href=\"https:\/\/www.salvilaw.com\/es\/accidentes-de-motocicleta-leyes-de-casco\/\" \/>\n<meta property=\"og:locale\" content=\"es_ES\" \/>\n<meta property=\"og:type\" content=\"article\" \/>\n<meta property=\"og:title\" content=\"Leyes sobre el uso de casco en motocicletas\" \/>\n<meta property=\"og:description\" content=\"Defendemos a los motociclistas y queremos que los conductores en Illinois conozcan las leyes y c\u00f3mo protegerse en caso de un accidente.\" \/>\n<meta property=\"og:url\" content=\"https:\/\/www.salvilaw.com\/es\/accidentes-de-motocicleta-leyes-de-casco\/\" \/>\n<meta property=\"og:site_name\" content=\"Salvi, Schostok &amp; Pritchard P.C.\" \/>\n<meta property=\"article:publisher\" content=\"https:\/\/www.facebook.com\/SalviLaw\/\" \/>\n<meta property=\"article:modified_time\" content=\"2025-12-03T00:02:23+00:00\" \/>\n<meta property=\"og:image\" content=\"https:\/\/www.salvilaw.com\/wp-content\/uploads\/2013\/06\/Wear-Your-Motorcycle-Helmet-in-Chicago-and-Illinois1.jpg\" \/>\n\t<meta property=\"og:image:width\" content=\"507\" \/>\n\t<meta property=\"og:image:height\" content=\"338\" \/>\n\t<meta property=\"og:image:type\" content=\"image\/jpeg\" \/>\n<meta name=\"twitter:card\" content=\"summary_large_image\" \/>\n<meta name=\"twitter:site\" content=\"@SalviLaw\" \/>\n<script type=\"application\/ld+json\" class=\"yoast-schema-graph\">{\"@context\":\"https:\\\/\\\/schema.org\",\"@graph\":[{\"@type\":\"WebPage\",\"@id\":\"https:\\\/\\\/www.salvilaw.com\\\/es\\\/accidentes-de-motocicleta-leyes-de-casco\\\/\",\"url\":\"https:\\\/\\\/www.salvilaw.com\\\/es\\\/accidentes-de-motocicleta-leyes-de-casco\\\/\",\"name\":\"Leyes sobre el uso de casco en motocicletas | Salvi, Schostok & Pritchard\",\"isPartOf\":{\"@id\":\"https:\\\/\\\/www.salvilaw.com\\\/es\\\/#website\"},\"primaryImageOfPage\":{\"@id\":\"https:\\\/\\\/www.salvilaw.com\\\/es\\\/accidentes-de-motocicleta-leyes-de-casco\\\/#primaryimage\"},\"image\":{\"@id\":\"https:\\\/\\\/www.salvilaw.com\\\/es\\\/accidentes-de-motocicleta-leyes-de-casco\\\/#primaryimage\"},\"thumbnailUrl\":\"https:\\\/\\\/www.salvilaw.com\\\/wp-content\\\/uploads\\\/2013\\\/06\\\/Wear-Your-Motorcycle-Helmet-in-Chicago-and-Illinois1.jpg\",\"datePublished\":\"2020-06-15T11:24:42+00:00\",\"dateModified\":\"2025-12-03T00:02:23+00:00\",\"description\":\"Defendemos a los motociclistas y queremos que los conductores en Illinois conozcan las leyes y c\u00f3mo protegerse en caso de un accidente.\",\"breadcrumb\":{\"@id\":\"https:\\\/\\\/www.salvilaw.com\\\/es\\\/accidentes-de-motocicleta-leyes-de-casco\\\/#breadcrumb\"},\"inLanguage\":\"es\",\"potentialAction\":[{\"@type\":\"ReadAction\",\"target\":[\"https:\\\/\\\/www.salvilaw.com\\\/es\\\/accidentes-de-motocicleta-leyes-de-casco\\\/\"]}]},{\"@type\":\"ImageObject\",\"inLanguage\":\"es\",\"@id\":\"https:\\\/\\\/www.salvilaw.com\\\/es\\\/accidentes-de-motocicleta-leyes-de-casco\\\/#primaryimage\",\"url\":\"https:\\\/\\\/www.salvilaw.com\\\/wp-content\\\/uploads\\\/2013\\\/06\\\/Wear-Your-Motorcycle-Helmet-in-Chicago-and-Illinois1.jpg\",\"contentUrl\":\"https:\\\/\\\/www.salvilaw.com\\\/wp-content\\\/uploads\\\/2013\\\/06\\\/Wear-Your-Motorcycle-Helmet-in-Chicago-and-Illinois1.jpg\",\"width\":507,\"height\":338},{\"@type\":\"BreadcrumbList\",\"@id\":\"https:\\\/\\\/www.salvilaw.com\\\/es\\\/accidentes-de-motocicleta-leyes-de-casco\\\/#breadcrumb\",\"itemListElement\":[{\"@type\":\"ListItem\",\"position\":1,\"name\":\"Inicio\",\"item\":\"https:\\\/\\\/www.salvilaw.com\\\/es\\\/\"},{\"@type\":\"ListItem\",\"position\":2,\"name\":\"Leyes sobre el uso de casco en motocicletas\"}]},{\"@type\":\"WebSite\",\"@id\":\"https:\\\/\\\/www.salvilaw.com\\\/es\\\/#website\",\"url\":\"https:\\\/\\\/www.salvilaw.com\\\/es\\\/\",\"name\":\"Salvi, Schostok & Pritchard P.C.\",\"description\":\"Your Illinois Medical Malpractice and Personal Injury Attorneys\",\"publisher\":{\"@id\":\"https:\\\/\\\/www.salvilaw.com\\\/es\\\/#organization\"},\"potentialAction\":[{\"@type\":\"SearchAction\",\"target\":{\"@type\":\"EntryPoint\",\"urlTemplate\":\"https:\\\/\\\/www.salvilaw.com\\\/es\\\/?s={search_term_string}\"},\"query-input\":{\"@type\":\"PropertyValueSpecification\",\"valueRequired\":true,\"valueName\":\"search_term_string\"}}],\"inLanguage\":\"es\"},{\"@type\":\"ImageObject\",\"inLanguage\":\"es\",\"@id\":\"https:\\\/\\\/www.salvilaw.com\\\/es\\\/accidentes-de-motocicleta-leyes-de-casco\\\/#local-main-organization-logo\",\"url\":\"https:\\\/\\\/www.salvilaw.com\\\/wp-content\\\/uploads\\\/2018\\\/11\\\/logo.png\",\"contentUrl\":\"https:\\\/\\\/www.salvilaw.com\\\/wp-content\\\/uploads\\\/2018\\\/11\\\/logo.png\",\"width\":266,\"height\":108,\"caption\":\"Salvi, Schostok & Pritchard P.C.\"}]}<\/script>\n<meta name=\"geo.region\" content=\"Estados Unidos (EEUU)\" \/>\n<!-- \/ Yoast SEO Premium plugin. -->","yoast_head_json":{"title":"Leyes sobre el uso de casco en motocicletas | Salvi, Schostok & Pritchard","description":"Defendemos a los motociclistas y queremos que los conductores en Illinois conozcan las leyes y c\u00f3mo protegerse en caso de un accidente.","robots":{"index":"index","follow":"follow","max-snippet":"max-snippet:-1","max-image-preview":"max-image-preview:large","max-video-preview":"max-video-preview:-1"},"canonical":"https:\/\/www.salvilaw.com\/es\/accidentes-de-motocicleta-leyes-de-casco\/","og_locale":"es_ES","og_type":"article","og_title":"Leyes sobre el uso de casco en motocicletas","og_description":"Defendemos a los motociclistas y queremos que los conductores en Illinois conozcan las leyes y c\u00f3mo protegerse en caso de un accidente.","og_url":"https:\/\/www.salvilaw.com\/es\/accidentes-de-motocicleta-leyes-de-casco\/","og_site_name":"Salvi, Schostok &amp; Pritchard P.C.","article_publisher":"https:\/\/www.facebook.com\/SalviLaw\/","article_modified_time":"2025-12-03T00:02:23+00:00","og_image":[{"width":507,"height":338,"url":"https:\/\/www.salvilaw.com\/wp-content\/uploads\/2013\/06\/Wear-Your-Motorcycle-Helmet-in-Chicago-and-Illinois1.jpg","type":"image\/jpeg"}],"twitter_card":"summary_large_image","twitter_site":"@SalviLaw","schema":{"@context":"https:\/\/schema.org","@graph":[{"@type":"WebPage","@id":"https:\/\/www.salvilaw.com\/es\/accidentes-de-motocicleta-leyes-de-casco\/","url":"https:\/\/www.salvilaw.com\/es\/accidentes-de-motocicleta-leyes-de-casco\/","name":"Leyes sobre el uso de casco en motocicletas | Salvi, Schostok & Pritchard","isPartOf":{"@id":"https:\/\/www.salvilaw.com\/es\/#website"},"primaryImageOfPage":{"@id":"https:\/\/www.salvilaw.com\/es\/accidentes-de-motocicleta-leyes-de-casco\/#primaryimage"},"image":{"@id":"https:\/\/www.salvilaw.com\/es\/accidentes-de-motocicleta-leyes-de-casco\/#primaryimage"},"thumbnailUrl":"https:\/\/www.salvilaw.com\/wp-content\/uploads\/2013\/06\/Wear-Your-Motorcycle-Helmet-in-Chicago-and-Illinois1.jpg","datePublished":"2020-06-15T11:24:42+00:00","dateModified":"2025-12-03T00:02:23+00:00","description":"Defendemos a los motociclistas y queremos que los conductores en Illinois conozcan las leyes y c\u00f3mo protegerse en caso de un accidente.","breadcrumb":{"@id":"https:\/\/www.salvilaw.com\/es\/accidentes-de-motocicleta-leyes-de-casco\/#breadcrumb"},"inLanguage":"es","potentialAction":[{"@type":"ReadAction","target":["https:\/\/www.salvilaw.com\/es\/accidentes-de-motocicleta-leyes-de-casco\/"]}]},{"@type":"ImageObject","inLanguage":"es","@id":"https:\/\/www.salvilaw.com\/es\/accidentes-de-motocicleta-leyes-de-casco\/#primaryimage","url":"https:\/\/www.salvilaw.com\/wp-content\/uploads\/2013\/06\/Wear-Your-Motorcycle-Helmet-in-Chicago-and-Illinois1.jpg","contentUrl":"https:\/\/www.salvilaw.com\/wp-content\/uploads\/2013\/06\/Wear-Your-Motorcycle-Helmet-in-Chicago-and-Illinois1.jpg","width":507,"height":338},{"@type":"BreadcrumbList","@id":"https:\/\/www.salvilaw.com\/es\/accidentes-de-motocicleta-leyes-de-casco\/#breadcrumb","itemListElement":[{"@type":"ListItem","position":1,"name":"Inicio","item":"https:\/\/www.salvilaw.com\/es\/"},{"@type":"ListItem","position":2,"name":"Leyes sobre el uso de casco en motocicletas"}]},{"@type":"WebSite","@id":"https:\/\/www.salvilaw.com\/es\/#website","url":"https:\/\/www.salvilaw.com\/es\/","name":"Salvi, Schostok & Pritchard P.C.","description":"Your Illinois Medical Malpractice and Personal Injury Attorneys","publisher":{"@id":"https:\/\/www.salvilaw.com\/es\/#organization"},"potentialAction":[{"@type":"SearchAction","target":{"@type":"EntryPoint","urlTemplate":"https:\/\/www.salvilaw.com\/es\/?s={search_term_string}"},"query-input":{"@type":"PropertyValueSpecification","valueRequired":true,"valueName":"search_term_string"}}],"inLanguage":"es"},{"@type":"ImageObject","inLanguage":"es","@id":"https:\/\/www.salvilaw.com\/es\/accidentes-de-motocicleta-leyes-de-casco\/#local-main-organization-logo","url":"https:\/\/www.salvilaw.com\/wp-content\/uploads\/2018\/11\/logo.png","contentUrl":"https:\/\/www.salvilaw.com\/wp-content\/uploads\/2018\/11\/logo.png","width":266,"height":108,"caption":"Salvi, Schostok & Pritchard P.C."}]},"geo.region":"Estados Unidos (EEUU)"},"parsely":{"version":"1.1.0","canonical_url":"https:\/\/salvilaw.com\/es\/accidentes-de-motocicleta-leyes-de-casco\/","smart_links":{"inbound":0,"outbound":0},"traffic_boost_suggestions_count":0,"meta":{"@context":"https:\/\/schema.org","@type":"WebPage","headline":"Leyes sobre el uso de casco en motocicletas","url":"http:\/\/www.salvilaw.com\/es\/accidentes-de-motocicleta-leyes-de-casco\/","mainEntityOfPage":{"@type":"WebPage","@id":"http:\/\/www.salvilaw.com\/es\/accidentes-de-motocicleta-leyes-de-casco\/"},"thumbnailUrl":"https:\/\/www.salvilaw.com\/wp-content\/uploads\/2013\/06\/Wear-Your-Motorcycle-Helmet-in-Chicago-and-Illinois1-150x150.jpg","image":{"@type":"ImageObject","url":"https:\/\/www.salvilaw.com\/wp-content\/uploads\/2013\/06\/Wear-Your-Motorcycle-Helmet-in-Chicago-and-Illinois1.jpg"},"articleSection":"Sin categorizar","author":[{"@type":"Person","name":"Patrick A. Salvi II"}],"creator":["Patrick A. Salvi II"],"publisher":{"@type":"Organization","name":"Salvi, Schostok &amp; Pritchard P.C.","logo":"https:\/\/www.salvilaw.com\/wp-content\/uploads\/2018\/10\/SSP-favicon.png"},"keywords":[],"dateCreated":"2020-06-15T11:24:42Z","datePublished":"2020-06-15T11:24:42Z","dateModified":"2025-12-03T00:02:23Z"},"rendered":"<script type=\"application\/ld+json\" class=\"wp-parsely-metadata\">{\"@context\":\"https:\\\/\\\/schema.org\",\"@type\":\"WebPage\",\"headline\":\"Leyes sobre el uso de casco en motocicletas\",\"url\":\"http:\\\/\\\/www.salvilaw.com\\\/es\\\/accidentes-de-motocicleta-leyes-de-casco\\\/\",\"mainEntityOfPage\":{\"@type\":\"WebPage\",\"@id\":\"http:\\\/\\\/www.salvilaw.com\\\/es\\\/accidentes-de-motocicleta-leyes-de-casco\\\/\"},\"thumbnailUrl\":\"https:\\\/\\\/www.salvilaw.com\\\/wp-content\\\/uploads\\\/2013\\\/06\\\/Wear-Your-Motorcycle-Helmet-in-Chicago-and-Illinois1-150x150.jpg\",\"image\":{\"@type\":\"ImageObject\",\"url\":\"https:\\\/\\\/www.salvilaw.com\\\/wp-content\\\/uploads\\\/2013\\\/06\\\/Wear-Your-Motorcycle-Helmet-in-Chicago-and-Illinois1.jpg\"},\"articleSection\":\"Sin categorizar\",\"author\":[{\"@type\":\"Person\",\"name\":\"Patrick A. Salvi II\"}],\"creator\":[\"Patrick A. Salvi II\"],\"publisher\":{\"@type\":\"Organization\",\"name\":\"Salvi, Schostok &amp; Pritchard P.C.\",\"logo\":\"https:\\\/\\\/www.salvilaw.com\\\/wp-content\\\/uploads\\\/2018\\\/10\\\/SSP-favicon.png\"},\"keywords\":[],\"dateCreated\":\"2020-06-15T11:24:42Z\",\"datePublished\":\"2020-06-15T11:24:42Z\",\"dateModified\":\"2025-12-03T00:02:23Z\"}<\/script>","tracker_url":"https:\/\/cdn.parsely.com\/keys\/salvilaw.com\/p.js"},"_links":{"self":[{"href":"https:\/\/www.salvilaw.com\/es\/wp-json\/wp\/v2\/pages\/2866963","targetHints":{"allow":["GET"]}}],"collection":[{"href":"https:\/\/www.salvilaw.com\/es\/wp-json\/wp\/v2\/pages"}],"about":[{"href":"https:\/\/www.salvilaw.com\/es\/wp-json\/wp\/v2\/types\/page"}],"author":[{"embeddable":true,"href":"https:\/\/www.salvilaw.com\/es\/wp-json\/wp\/v2\/users\/59"}],"replies":[{"embeddable":true,"href":"https:\/\/www.salvilaw.com\/es\/wp-json\/wp\/v2\/comments?post=2866963"}],"version-history":[{"count":0,"href":"https:\/\/www.salvilaw.com\/es\/wp-json\/wp\/v2\/pages\/2866963\/revisions"}],"wp:featuredmedia":[{"embeddable":true,"href":"https:\/\/www.salvilaw.com\/es\/wp-json\/wp\/v2\/media\/2803257"}],"wp:attachment":[{"href":"https:\/\/www.salvilaw.com\/es\/wp-json\/wp\/v2\/media?parent=2866963"}],"curies":[{"name":"wp","href":"https:\/\/api.w.org\/{rel}","templated":true}]}}