{"id":2866964,"date":"2018-09-30T13:46:00","date_gmt":"2018-09-30T18:46:00","guid":{"rendered":"https:\/\/www.salvilaw.com\/?page_id=2866964"},"modified":"2026-03-31T13:52:18","modified_gmt":"2026-03-31T18:52:18","slug":"danos-punitivos","status":"publish","type":"page","link":"https:\/\/www.salvilaw.com\/es\/recurso-lesiones-chicago\/danos-punitivos\/","title":{"rendered":"Da\u00f1os punitivos"},"content":{"rendered":"<p>Cuando usted se ve involucrado en un accidente, la persona o empresa responsable del accidente tiene la obligaci\u00f3n de compensarle por sus lesiones.<\/p>\n<p>La mayor\u00eda de los diferentes tipos de compensaci\u00f3n monetaria disponibles para usted despu\u00e9s de un accidente son da\u00f1os \u201ccompensatorios\u201d y\/o \u201cecon\u00f3micos\u201d. Estos da\u00f1os est\u00e1n dise\u00f1ados para reembolsarle por p\u00e9rdidas econ\u00f3micas reales y por aspectos como el dolor y el sufrimiento. Sin embargo, existe otro tipo de compensaci\u00f3n que usted podr\u00eda recibir: los da\u00f1os punitivos.<\/p>\n<p>Los da\u00f1os punitivos no est\u00e1n disponibles en todas las demandas por lesiones personales o por <a href=\"https:\/\/www.salvilaw.com\/es\/abogado-de-muerte-injusta-en-chicago\/\">muerte injusta en Illinois<\/a>. Pueden ser apropiados cuando el demandado contra quien usted presenta el reclamo ha cometido una falta grave.<\/p>\n<p>Los da\u00f1os punitivos pueden aumentar de manera significativa la compensaci\u00f3n que usted recibe, por lo que es importante comprender en qu\u00e9 casos tiene derecho a estos da\u00f1os y cu\u00e1nto deber\u00eda recibir.<\/p>\n<p>Un <a href=\"https:\/\/www.salvilaw.com\/es\/\">abogado de lesiones personales<\/a> con experiencia de Salvi, Schostok &amp; Pritchard P.C. puede ayudarle a determinar si los da\u00f1os punitivos son apropiados en su caso y a obtener la compensaci\u00f3n que usted merece. El primer paso es programar una revisi\u00f3n gratuita de su caso, ya sea llam\u00e1ndonos hoy mismo o simplemente llenando nuestro formulario en l\u00ednea.<\/p>\n<h2>Comprendiendo los da\u00f1os punitivos<\/h2>\n<p>Despu\u00e9s de un accidente en Illinois, la persona responsable de las lesiones debe pagar por sus facturas m\u00e9dicas, ingresos perdidos, dolor y sufrimiento y\/o por la muerte injusta de su ser querido. Todos estos da\u00f1os est\u00e1n dise\u00f1ados para \u201crestituirle\u201d o reembolsarle por las p\u00e9rdidas reales sufridas.<\/p>\n<p>Los da\u00f1os punitivos, en cambio, est\u00e1n dise\u00f1ados para castigar al demandado. Tambi\u00e9n tienen como objetivo disuadir conductas indebidas futuras y responsabilizar a individuos, empresas, hospitales y otros cuando su comportamiento excede los l\u00edmites de lo que la sociedad considera aceptable.<\/p>\n<p>Un demandado que cause un accidente por ser solo un poco descuidado no estar\u00e1 obligado a pagar da\u00f1os punitivos. Sin embargo, un demandado que act\u00fae con extrema imprudencia respecto a la vida de otras personas, o que cometa un acto intencionalmente indebido, probablemente s\u00ed tendr\u00e1 que pagar este tipo de da\u00f1os.<\/p>\n<h2>\u00bfCu\u00e1ndo son apropiados los da\u00f1os punitivos?<\/h2>\n<p>Illinois explica el concepto de da\u00f1os punitivos en la Secci\u00f3n 35.01 de sus instrucciones al jurado civil. De acuerdo con dichas instrucciones, la ley establece que el jurado puede otorgar da\u00f1os punitivos, adem\u00e1s de los compensatorios, si la conducta del demandado fue intencional, voluntaria y temeraria, o fraudulenta. La conducta indebida o gravemente negligente tambi\u00e9n debe haber sido la causa directa de alg\u00fan da\u00f1o al demandante.<\/p>\n<p>Las instrucciones al jurado se\u00f1alan que este debe considerar varios factores al otorgar da\u00f1os punitivos, entre ellos:<\/p>\n<ul>\n<li>Los hechos y circunstancias de la conducta del demandado.<\/li>\n<li>El grado de vulnerabilidad financiera del demandante.<\/li>\n<li>La duraci\u00f3n de la mala conducta.<\/li>\n<li>La frecuencia con la que el demandado actu\u00f3 de manera indebida.<\/li>\n<li>Si el da\u00f1o sufrido por el demandante fue f\u00edsico o econ\u00f3mico.<\/li>\n<li>Si el demandado intent\u00f3 ocultar su mala conducta.<\/li>\n<li>El da\u00f1o real y potencial causado por la conducta del demandado.<\/li>\n<li>La cantidad de dinero necesaria para castigar al demandado y disuadir conductas futuras, considerando su situaci\u00f3n financiera actual.<\/li>\n<\/ul>\n<p>Aunque el dinero est\u00e1 destinado a castigar al demandado, las sumas pagadas por el responsable o por quien actu\u00f3 con negligencia grave a\u00fan se entregan al demandante. Esto significa que una persona lesionada por una conducta intencionalmente indebida o por imprudencia grave puede recibir una compensaci\u00f3n mucho mayor que la necesaria para cubrir \u00fanicamente sus p\u00e9rdidas reales.<\/p>\n<h2>Obtenci\u00f3n de da\u00f1os punitivos<\/h2>\n<p>Los da\u00f1os punitivos suelen obtenerse en un juicio, m\u00e1s que en un acuerdo extrajudicial. Esto se debe a que es un jurado quien decide cu\u00e1nto es apropiado para castigar al demandado. No obstante, si usted est\u00e1 negociando un acuerdo fuera de los tribunales, debe asegurarse de que la compensaci\u00f3n sea lo suficientemente grande para incluir los da\u00f1os punitivos que probablemente obtendr\u00eda en juicio.<\/p>\n<p>En el estado de Illinois no existen l\u00edmites m\u00e1ximos sobre la cantidad de da\u00f1os punitivos que pueden otorgarse. Estos est\u00e1n disponibles en cualquier situaci\u00f3n en la que las acciones del demandado hayan sido intencionales o extremadamente negligentes. Esto incluye casos de <a href=\"https:\/\/www.salvilaw.com\/es\/accidentes-de-auto\/\">accidentes de auto<\/a>, medicamentos defectuosos, productos peligrosos y accidentes por <a href=\"https:\/\/www.salvilaw.com\/es\/abogado-responsabilidad-civil-instalaciones\/resbalones-caidas\/\">resbalones y ca\u00eddas<\/a>.<\/p>\n<h2>Un abogado de lesiones en Chicago puede ayudarle a reclamar da\u00f1os punitivos<\/h2>\n<p>Si usted tiene derecho a da\u00f1os punitivos, nunca debe dejar pasar esa compensaci\u00f3n. Antes de aceptar una oferta de acuerdo, siempre debe hablar con un abogado para asegurarse de que ha recibido la cantidad completa de da\u00f1os que le corresponden.<\/p>\n<p>Su abogado puede ayudarle a evaluar si los da\u00f1os punitivos son apropiados en su caso y garantizar que no reciba menos dinero del que deber\u00eda. Tambi\u00e9n puede ayudarle a convencer al tribunal de que los da\u00f1os punitivos son justificados si su caso llega a juicio.<\/p>\n<p>En Salvi, Schostok &amp; Pritchard P.C., hemos ayudado a clientes a obtener importantes compensaciones por da\u00f1os punitivos. En m\u00e1s de 400 veredictos y acuerdos multimillonarios, nuestros <a href=\"https:\/\/www.salvilaw.com\/es\/resultados-de-casos\/\">clientes han recibido al menos 1 mill\u00f3n de d\u00f3lares<\/a> o m\u00e1s. En conjunto, hemos asegurado m\u00e1s de 3.5 mil millones de d\u00f3lares en favor de nuestros clientes.<\/p>\n<p>Podemos poner nuestra experiencia legal a trabajar para ayudarle a obtener el dinero que merece despu\u00e9s de su accidente y lesiones. Ll\u00e1menos o <a href=\"https:\/\/www.salvilaw.com\/es\/contactenos\/\">cont\u00e1ctenos en l\u00ednea<\/a> para programar una consulta gratuita y comenzar hoy mismo con su caso.<\/p>\n<p>&nbsp;<\/p>\n","protected":false},"excerpt":{"rendered":"<p>Cuando usted se ve involucrado en un accidente, la persona o empresa responsable del accidente tiene la obligaci\u00f3n de compensarle por sus lesiones. La mayor\u00eda de los diferentes tipos de compensaci\u00f3n monetaria disponibles para usted despu\u00e9s de un accidente son da\u00f1os \u201ccompensatorios\u201d y\/o \u201cecon\u00f3micos\u201d. Estos da\u00f1os est\u00e1n dise\u00f1ados para reembolsarle&#8230;<\/p>\n","protected":false},"author":59,"featured_media":2803963,"parent":2814776,"menu_order":537,"comment_status":"closed","ping_status":"closed","template":"","meta":{"_acf_changed":false,"footnotes":""},"class_list":["post-2866964","page","type-page","status-publish","has-post-thumbnail","hentry"],"acf":[],"yoast_head":"<!-- This site is optimized with the Yoast SEO Premium plugin v27.2 (Yoast SEO v27.3) - https:\/\/yoast.com\/product\/yoast-seo-premium-wordpress\/ -->\n<title>Da\u00f1os punitivos | Salvi, Schostok &amp; Pritchard<\/title>\n<meta name=\"description\" content=\"Salvi, Schostok &amp; Pritchard P.C., puede ayudarle a determinar si es apropiado reclamar da\u00f1os punitivos en su caso.\" \/>\n<meta name=\"robots\" content=\"index, follow, max-snippet:-1, max-image-preview:large, max-video-preview:-1\" \/>\n<link rel=\"canonical\" href=\"https:\/\/www.salvilaw.com\/es\/recurso-lesiones-chicago\/danos-punitivos\/\" \/>\n<meta property=\"og:locale\" content=\"es_ES\" \/>\n<meta property=\"og:type\" content=\"article\" \/>\n<meta property=\"og:title\" content=\"Da\u00f1os punitivos\" \/>\n<meta property=\"og:description\" content=\"Salvi, Schostok &amp; Pritchard P.C., puede ayudarle a determinar si es apropiado reclamar da\u00f1os punitivos en su caso.\" \/>\n<meta property=\"og:url\" content=\"https:\/\/www.salvilaw.com\/es\/recurso-lesiones-chicago\/danos-punitivos\/\" \/>\n<meta property=\"og:site_name\" content=\"Salvi, Schostok &amp; Pritchard P.C.\" \/>\n<meta property=\"article:publisher\" content=\"https:\/\/www.facebook.com\/SalviLaw\/\" \/>\n<meta property=\"article:modified_time\" content=\"2026-03-31T18:52:18+00:00\" \/>\n<meta property=\"og:image\" content=\"https:\/\/www.salvilaw.com\/wp-content\/uploads\/2018\/11\/punitive-damages.jpg\" \/>\n\t<meta property=\"og:image:width\" content=\"500\" \/>\n\t<meta property=\"og:image:height\" content=\"333\" \/>\n\t<meta property=\"og:image:type\" content=\"image\/jpeg\" \/>\n<meta name=\"twitter:card\" content=\"summary_large_image\" \/>\n<meta name=\"twitter:site\" content=\"@SalviLaw\" \/>\n<script type=\"application\/ld+json\" class=\"yoast-schema-graph\">{\"@context\":\"https:\\\/\\\/schema.org\",\"@graph\":[{\"@type\":\"WebPage\",\"@id\":\"https:\\\/\\\/www.salvilaw.com\\\/es\\\/recurso-lesiones-chicago\\\/danos-punitivos\\\/\",\"url\":\"https:\\\/\\\/www.salvilaw.com\\\/es\\\/recurso-lesiones-chicago\\\/danos-punitivos\\\/\",\"name\":\"Da\u00f1os punitivos | Salvi, Schostok & Pritchard\",\"isPartOf\":{\"@id\":\"https:\\\/\\\/www.salvilaw.com\\\/es\\\/#website\"},\"primaryImageOfPage\":{\"@id\":\"https:\\\/\\\/www.salvilaw.com\\\/es\\\/recurso-lesiones-chicago\\\/danos-punitivos\\\/#primaryimage\"},\"image\":{\"@id\":\"https:\\\/\\\/www.salvilaw.com\\\/es\\\/recurso-lesiones-chicago\\\/danos-punitivos\\\/#primaryimage\"},\"thumbnailUrl\":\"https:\\\/\\\/www.salvilaw.com\\\/wp-content\\\/uploads\\\/2018\\\/11\\\/punitive-damages.jpg\",\"datePublished\":\"2018-09-30T18:46:00+00:00\",\"dateModified\":\"2026-03-31T18:52:18+00:00\",\"description\":\"Salvi, Schostok & Pritchard P.C., puede ayudarle a determinar si es apropiado reclamar da\u00f1os punitivos en su caso.\",\"breadcrumb\":{\"@id\":\"https:\\\/\\\/www.salvilaw.com\\\/es\\\/recurso-lesiones-chicago\\\/danos-punitivos\\\/#breadcrumb\"},\"inLanguage\":\"es\",\"potentialAction\":[{\"@type\":\"ReadAction\",\"target\":[\"https:\\\/\\\/www.salvilaw.com\\\/es\\\/recurso-lesiones-chicago\\\/danos-punitivos\\\/\"]}]},{\"@type\":\"ImageObject\",\"inLanguage\":\"es\",\"@id\":\"https:\\\/\\\/www.salvilaw.com\\\/es\\\/recurso-lesiones-chicago\\\/danos-punitivos\\\/#primaryimage\",\"url\":\"https:\\\/\\\/www.salvilaw.com\\\/wp-content\\\/uploads\\\/2018\\\/11\\\/punitive-damages.jpg\",\"contentUrl\":\"https:\\\/\\\/www.salvilaw.com\\\/wp-content\\\/uploads\\\/2018\\\/11\\\/punitive-damages.jpg\",\"width\":500,\"height\":333},{\"@type\":\"BreadcrumbList\",\"@id\":\"https:\\\/\\\/www.salvilaw.com\\\/es\\\/recurso-lesiones-chicago\\\/danos-punitivos\\\/#breadcrumb\",\"itemListElement\":[{\"@type\":\"ListItem\",\"position\":1,\"name\":\"Inicio\",\"item\":\"https:\\\/\\\/www.salvilaw.com\\\/es\\\/\"},{\"@type\":\"ListItem\",\"position\":2,\"name\":\"Lesiones Personales\",\"item\":\"https:\\\/\\\/www.salvilaw.com\\\/es\\\/recurso-lesiones-chicago\\\/\"},{\"@type\":\"ListItem\",\"position\":3,\"name\":\"Da\u00f1os punitivos\"}]},{\"@type\":\"WebSite\",\"@id\":\"https:\\\/\\\/www.salvilaw.com\\\/es\\\/#website\",\"url\":\"https:\\\/\\\/www.salvilaw.com\\\/es\\\/\",\"name\":\"Salvi, Schostok & Pritchard P.C.\",\"description\":\"Your Illinois Medical Malpractice and Personal Injury Attorneys\",\"publisher\":{\"@id\":\"https:\\\/\\\/www.salvilaw.com\\\/es\\\/#organization\"},\"potentialAction\":[{\"@type\":\"SearchAction\",\"target\":{\"@type\":\"EntryPoint\",\"urlTemplate\":\"https:\\\/\\\/www.salvilaw.com\\\/es\\\/?s={search_term_string}\"},\"query-input\":{\"@type\":\"PropertyValueSpecification\",\"valueRequired\":true,\"valueName\":\"search_term_string\"}}],\"inLanguage\":\"es\"},{\"@type\":\"ImageObject\",\"inLanguage\":\"es\",\"@id\":\"https:\\\/\\\/www.salvilaw.com\\\/es\\\/recurso-lesiones-chicago\\\/danos-punitivos\\\/#local-main-organization-logo\",\"url\":\"https:\\\/\\\/www.salvilaw.com\\\/wp-content\\\/uploads\\\/2018\\\/11\\\/logo.png\",\"contentUrl\":\"https:\\\/\\\/www.salvilaw.com\\\/wp-content\\\/uploads\\\/2018\\\/11\\\/logo.png\",\"width\":266,\"height\":108,\"caption\":\"Salvi, Schostok & Pritchard P.C.\"}]}<\/script>\n<meta name=\"geo.region\" content=\"Estados Unidos (EEUU)\" \/>\n<!-- \/ Yoast SEO Premium plugin. -->","yoast_head_json":{"title":"Da\u00f1os punitivos | Salvi, Schostok & Pritchard","description":"Salvi, Schostok & Pritchard P.C., puede ayudarle a determinar si es apropiado reclamar da\u00f1os punitivos en su caso.","robots":{"index":"index","follow":"follow","max-snippet":"max-snippet:-1","max-image-preview":"max-image-preview:large","max-video-preview":"max-video-preview:-1"},"canonical":"https:\/\/www.salvilaw.com\/es\/recurso-lesiones-chicago\/danos-punitivos\/","og_locale":"es_ES","og_type":"article","og_title":"Da\u00f1os punitivos","og_description":"Salvi, Schostok & Pritchard P.C., puede ayudarle a determinar si es apropiado reclamar da\u00f1os punitivos en su caso.","og_url":"https:\/\/www.salvilaw.com\/es\/recurso-lesiones-chicago\/danos-punitivos\/","og_site_name":"Salvi, Schostok &amp; Pritchard P.C.","article_publisher":"https:\/\/www.facebook.com\/SalviLaw\/","article_modified_time":"2026-03-31T18:52:18+00:00","og_image":[{"width":500,"height":333,"url":"https:\/\/www.salvilaw.com\/wp-content\/uploads\/2018\/11\/punitive-damages.jpg","type":"image\/jpeg"}],"twitter_card":"summary_large_image","twitter_site":"@SalviLaw","schema":{"@context":"https:\/\/schema.org","@graph":[{"@type":"WebPage","@id":"https:\/\/www.salvilaw.com\/es\/recurso-lesiones-chicago\/danos-punitivos\/","url":"https:\/\/www.salvilaw.com\/es\/recurso-lesiones-chicago\/danos-punitivos\/","name":"Da\u00f1os punitivos | Salvi, Schostok & Pritchard","isPartOf":{"@id":"https:\/\/www.salvilaw.com\/es\/#website"},"primaryImageOfPage":{"@id":"https:\/\/www.salvilaw.com\/es\/recurso-lesiones-chicago\/danos-punitivos\/#primaryimage"},"image":{"@id":"https:\/\/www.salvilaw.com\/es\/recurso-lesiones-chicago\/danos-punitivos\/#primaryimage"},"thumbnailUrl":"https:\/\/www.salvilaw.com\/wp-content\/uploads\/2018\/11\/punitive-damages.jpg","datePublished":"2018-09-30T18:46:00+00:00","dateModified":"2026-03-31T18:52:18+00:00","description":"Salvi, Schostok & Pritchard P.C., puede ayudarle a determinar si es apropiado reclamar da\u00f1os punitivos en su caso.","breadcrumb":{"@id":"https:\/\/www.salvilaw.com\/es\/recurso-lesiones-chicago\/danos-punitivos\/#breadcrumb"},"inLanguage":"es","potentialAction":[{"@type":"ReadAction","target":["https:\/\/www.salvilaw.com\/es\/recurso-lesiones-chicago\/danos-punitivos\/"]}]},{"@type":"ImageObject","inLanguage":"es","@id":"https:\/\/www.salvilaw.com\/es\/recurso-lesiones-chicago\/danos-punitivos\/#primaryimage","url":"https:\/\/www.salvilaw.com\/wp-content\/uploads\/2018\/11\/punitive-damages.jpg","contentUrl":"https:\/\/www.salvilaw.com\/wp-content\/uploads\/2018\/11\/punitive-damages.jpg","width":500,"height":333},{"@type":"BreadcrumbList","@id":"https:\/\/www.salvilaw.com\/es\/recurso-lesiones-chicago\/danos-punitivos\/#breadcrumb","itemListElement":[{"@type":"ListItem","position":1,"name":"Inicio","item":"https:\/\/www.salvilaw.com\/es\/"},{"@type":"ListItem","position":2,"name":"Lesiones Personales","item":"https:\/\/www.salvilaw.com\/es\/recurso-lesiones-chicago\/"},{"@type":"ListItem","position":3,"name":"Da\u00f1os punitivos"}]},{"@type":"WebSite","@id":"https:\/\/www.salvilaw.com\/es\/#website","url":"https:\/\/www.salvilaw.com\/es\/","name":"Salvi, Schostok & Pritchard P.C.","description":"Your Illinois Medical Malpractice and Personal Injury Attorneys","publisher":{"@id":"https:\/\/www.salvilaw.com\/es\/#organization"},"potentialAction":[{"@type":"SearchAction","target":{"@type":"EntryPoint","urlTemplate":"https:\/\/www.salvilaw.com\/es\/?s={search_term_string}"},"query-input":{"@type":"PropertyValueSpecification","valueRequired":true,"valueName":"search_term_string"}}],"inLanguage":"es"},{"@type":"ImageObject","inLanguage":"es","@id":"https:\/\/www.salvilaw.com\/es\/recurso-lesiones-chicago\/danos-punitivos\/#local-main-organization-logo","url":"https:\/\/www.salvilaw.com\/wp-content\/uploads\/2018\/11\/logo.png","contentUrl":"https:\/\/www.salvilaw.com\/wp-content\/uploads\/2018\/11\/logo.png","width":266,"height":108,"caption":"Salvi, Schostok & Pritchard P.C."}]},"geo.region":"Estados Unidos (EEUU)"},"parsely":{"version":"1.1.0","canonical_url":"https:\/\/salvilaw.com\/es\/recurso-lesiones-chicago\/danos-punitivos\/","smart_links":{"inbound":0,"outbound":0},"traffic_boost_suggestions_count":0,"meta":{"@context":"https:\/\/schema.org","@type":"WebPage","headline":"Da\u00f1os punitivos","url":"http:\/\/www.salvilaw.com\/es\/recurso-lesiones-chicago\/danos-punitivos\/","mainEntityOfPage":{"@type":"WebPage","@id":"http:\/\/www.salvilaw.com\/es\/recurso-lesiones-chicago\/danos-punitivos\/"},"thumbnailUrl":"https:\/\/www.salvilaw.com\/wp-content\/uploads\/2018\/11\/punitive-damages-150x150.jpg","image":{"@type":"ImageObject","url":"https:\/\/www.salvilaw.com\/wp-content\/uploads\/2018\/11\/punitive-damages.jpg"},"articleSection":"Sin categorizar","author":[{"@type":"Person","name":"Patrick A. Salvi II"}],"creator":["Patrick A. Salvi II"],"publisher":{"@type":"Organization","name":"Salvi, Schostok &amp; Pritchard P.C.","logo":"https:\/\/www.salvilaw.com\/wp-content\/uploads\/2018\/10\/SSP-favicon.png"},"keywords":[],"dateCreated":"2018-09-30T18:46:00Z","datePublished":"2018-09-30T18:46:00Z","dateModified":"2026-03-31T18:52:18Z"},"rendered":"<script type=\"application\/ld+json\" class=\"wp-parsely-metadata\">{\"@context\":\"https:\\\/\\\/schema.org\",\"@type\":\"WebPage\",\"headline\":\"Da\\u00f1os punitivos\",\"url\":\"http:\\\/\\\/www.salvilaw.com\\\/es\\\/recurso-lesiones-chicago\\\/danos-punitivos\\\/\",\"mainEntityOfPage\":{\"@type\":\"WebPage\",\"@id\":\"http:\\\/\\\/www.salvilaw.com\\\/es\\\/recurso-lesiones-chicago\\\/danos-punitivos\\\/\"},\"thumbnailUrl\":\"https:\\\/\\\/www.salvilaw.com\\\/wp-content\\\/uploads\\\/2018\\\/11\\\/punitive-damages-150x150.jpg\",\"image\":{\"@type\":\"ImageObject\",\"url\":\"https:\\\/\\\/www.salvilaw.com\\\/wp-content\\\/uploads\\\/2018\\\/11\\\/punitive-damages.jpg\"},\"articleSection\":\"Sin categorizar\",\"author\":[{\"@type\":\"Person\",\"name\":\"Patrick A. Salvi II\"}],\"creator\":[\"Patrick A. Salvi II\"],\"publisher\":{\"@type\":\"Organization\",\"name\":\"Salvi, Schostok &amp; Pritchard P.C.\",\"logo\":\"https:\\\/\\\/www.salvilaw.com\\\/wp-content\\\/uploads\\\/2018\\\/10\\\/SSP-favicon.png\"},\"keywords\":[],\"dateCreated\":\"2018-09-30T18:46:00Z\",\"datePublished\":\"2018-09-30T18:46:00Z\",\"dateModified\":\"2026-03-31T18:52:18Z\"}<\/script>","tracker_url":"https:\/\/cdn.parsely.com\/keys\/salvilaw.com\/p.js"},"_links":{"self":[{"href":"https:\/\/www.salvilaw.com\/es\/wp-json\/wp\/v2\/pages\/2866964","targetHints":{"allow":["GET"]}}],"collection":[{"href":"https:\/\/www.salvilaw.com\/es\/wp-json\/wp\/v2\/pages"}],"about":[{"href":"https:\/\/www.salvilaw.com\/es\/wp-json\/wp\/v2\/types\/page"}],"author":[{"embeddable":true,"href":"https:\/\/www.salvilaw.com\/es\/wp-json\/wp\/v2\/users\/59"}],"replies":[{"embeddable":true,"href":"https:\/\/www.salvilaw.com\/es\/wp-json\/wp\/v2\/comments?post=2866964"}],"version-history":[{"count":0,"href":"https:\/\/www.salvilaw.com\/es\/wp-json\/wp\/v2\/pages\/2866964\/revisions"}],"up":[{"embeddable":true,"href":"https:\/\/www.salvilaw.com\/es\/wp-json\/wp\/v2\/pages\/2814776"}],"wp:featuredmedia":[{"embeddable":true,"href":"https:\/\/www.salvilaw.com\/es\/wp-json\/wp\/v2\/media\/2803963"}],"wp:attachment":[{"href":"https:\/\/www.salvilaw.com\/es\/wp-json\/wp\/v2\/media?parent=2866964"}],"curies":[{"name":"wp","href":"https:\/\/api.w.org\/{rel}","templated":true}]}}