{"id":2866969,"date":"2024-12-05T14:07:43","date_gmt":"2024-12-05T20:07:43","guid":{"rendered":"https:\/\/www.salvilaw.com\/?page_id=2866969"},"modified":"2025-12-03T11:32:16","modified_gmt":"2025-12-03T17:32:16","slug":"demanda-depo-provera","status":"publish","type":"page","link":"https:\/\/www.salvilaw.com\/es\/abogado-de-responsabilidad-del-producto-en-chicago\/demanda-depo-provera\/","title":{"rendered":"Demanda por meningioma relacionado con Depo-Provera"},"content":{"rendered":"<p>La inyecci\u00f3n Depo-Provera, un m\u00e9todo anticonceptivo inyectable ampliamente utilizado, ha estado recientemente bajo escrutinio. Muchas mujeres que optaron por este anticonceptivo durante m\u00e1s de un a\u00f1o o que experimentaron su uso prolongado de m\u00e1s de dos a\u00f1os est\u00e1n descubriendo ahora un riesgo incrementado: el desarrollo de un tumor cerebral asociado a Depo-Provera.<\/p>\n<p style=\"text-align: center;\">\n\t\t\t\t\n\t\t\t\t\t<div id=\"video_play-2865687\" class=\" vid-aligncenter\" style=\"display:block\">\n\t\t\t\t\t\t\n\t\t\t\t\t\t\t<iframe loading=\"lazy\" class=\"cw_video_single\" src=\"https:\/\/www.youtube.com\/embed\/dnfV619iEGQ?rel=0&amp;showinfo=1&amp;autoplay=0\" allowfullscreen=\"allowfullscreen\" width=\"500px\" height=\"281px\" ><\/iframe>\n\n\t\t\t\t\t\t\n\t\t\t\t\t<\/div>\n\n\t\t\t\t\n\n\n\n\t\t\t\n\t\t\t\t<\/p>\n<p>El 1 de octubre de 2024 se present\u00f3 una <a href=\"https:\/\/www.pacermonitor.com\/public\/case\/55288072\/SCHMIDT_v_Pfizer_Inc_et_al\" target=\"_blank\" rel=\"noopener\">demanda importante sobre Depo-Provera<\/a>, contra Pfizer Inc. y sus compa\u00f1\u00edas afiliadas en tribunales federales. Esta demanda por Depo-Provera alega que Pfizer sab\u00eda, o deber\u00eda haber sabido, desde hace d\u00e9cadas que su producto anticonceptivo inyectable, comercializado como Depo-Provera (que contiene acetato de medroxiprogesterona), presentaba un mayor riesgo de desarrollar meningioma. Los reclamos por Depo-Provera sostienen que Pfizer no advirti\u00f3 adecuadamente a las usuarias, en particular a las mujeres que buscaban anticoncepci\u00f3n a largo plazo, sobre este riesgo potencial para la salud. La demandante en este caso alega que desarroll\u00f3 un tumor cerebral como resultado directo del uso de Depo-Provera.<\/p>\n<h2>\u00bfQu\u00e9 es un meningioma?<\/h2>\n<p>Un meningioma es un tipo espec\u00edfico de tumor que se origina en las meninges, los tejidos protectores que rodean el cerebro y la m\u00e9dula espinal. Un meningioma intracraneal, que se forma dentro de la cabeza, es el tipo m\u00e1s com\u00fan de tumor en esta categor\u00eda. La mayor\u00eda de los meningiomas crecen muy lentamente, a menudo durante muchos a\u00f1os, y pueden no causar s\u00edntomas notorios al inicio.<\/p>\n<h3>Meningioma<\/h3>\n<ul>\n<li>Dolores de cabeza<\/li>\n<li>Fatiga o letargo<\/li>\n<li>V\u00f3mitos<\/li>\n<li>P\u00e9rdida del olfato<\/li>\n<li>P\u00e9rdida de audici\u00f3n<\/li>\n<li>Visi\u00f3n borrosa o doble<\/li>\n<li>Debilidad en brazos y piernas<\/li>\n<\/ul>\n<p>Cuando un meningioma intracraneal provoca s\u00edntomas, estos pueden variar ampliamente seg\u00fan el tama\u00f1o del tumor y su ubicaci\u00f3n en el cerebro. Debido a que suelen crecer lentamente, los s\u00edntomas pueden comenzar de manera gradual y ser sutiles al principio.<\/p>\n<h2>S\u00edntomas comunes de meningioma intracraneal incluyen:<\/h2>\n<ul>\n<li>Dolores de cabeza, que pueden empeorar con el tiempo o ser m\u00e1s intensos por la ma\u00f1ana<\/li>\n<li>Cambios en la visi\u00f3n, como visi\u00f3n borrosa o doble, e incluso p\u00e9rdida de la visi\u00f3n<\/li>\n<li>Debilidad en brazos o piernas<\/li>\n<li>Convulsiones<\/li>\n<li>P\u00e9rdida de audici\u00f3n o zumbido en los o\u00eddos (tinnitus)<\/li>\n<li>P\u00e9rdida de memoria o cambios en la funci\u00f3n mental<\/li>\n<li>P\u00e9rdida del olfato (anosmia)<\/li>\n<li>Dificultades para hablar<\/li>\n<li>Cambios en la personalidad o comportamiento<\/li>\n<\/ul>\n<p>El diagn\u00f3stico de un meningioma generalmente implica un examen neurol\u00f3gico y pruebas de imagen. La Resonancia Magn\u00e9tica (MRI, por sus siglas en ingl\u00e9s) es una herramienta com\u00fan y eficaz utilizada para obtener im\u00e1genes detalladas del cerebro e identificar el tumor; tambi\u00e9n puede emplearse una tomograf\u00eda computarizada (CT, por sus siglas en ingl\u00e9s).<\/p>\n<p>Aunque se trata de un tumor cerebral benigno (no canceroso), el crecimiento del meningioma puede ejercer presi\u00f3n sobre el cerebro o los nervios adyacentes, lo que puede generar s\u00edntomas significativos y puede requerir intervenci\u00f3n m\u00e9dica debido al riesgo de complicaciones graves. En algunos casos, es necesario extirpar el tumor cerebral. Sin embargo, los procedimientos cerca de estructuras cr\u00edticas del cerebro conllevan riesgos, entre ellos, da\u00f1o en la funci\u00f3n cerebral, aparici\u00f3n de convulsiones y el riesgo de desarrollar depresi\u00f3n o ansiedad posoperatoria.<\/p>\n<h2>El v\u00ednculo entre Depo-Provera y los tumores cerebrales<\/h2>\n<p><img loading=\"lazy\" decoding=\"async\" class=\"size-medium wp-image-2852633 alignright\" src=\"https:\/\/www.salvilaw.com\/wp-content\/uploads\/2024\/10\/Depo-Provera-Linked-to-Brain-Tumors-225x300.jpg\" alt=\"Depo Provera Brain Tumors\" width=\"225\" height=\"300\" srcset=\"https:\/\/www.salvilaw.com\/wp-content\/uploads\/2024\/10\/Depo-Provera-Linked-to-Brain-Tumors-225x300.jpg 225w, https:\/\/www.salvilaw.com\/wp-content\/uploads\/2024\/10\/Depo-Provera-Linked-to-Brain-Tumors-768x1024.jpg 768w, https:\/\/www.salvilaw.com\/wp-content\/uploads\/2024\/10\/Depo-Provera-Linked-to-Brain-Tumors-1152x1536.jpg 1152w, https:\/\/www.salvilaw.com\/wp-content\/uploads\/2024\/10\/Depo-Provera-Linked-to-Brain-Tumors-1536x2048.jpg 1536w\" sizes=\"auto, (max-width: 225px) 100vw, 225px\" \/>\u00bfExiste una relaci\u00f3n entre Depo-Provera y los tumores cerebrales? Investigadores en un destacado estudio nacional de casos y controles, publicado en medios como el <a href=\"https:\/\/www.bmj.com\/content\/384\/bmj-2023-078078\" target=\"_blank\" rel=\"noopener\">British Medical Journal<\/a>, han investigado la conexi\u00f3n entre Depo-Provera y el meningioma. Este estudio reciente examin\u00f3 a m\u00e1s de 100,000 mujeres, muchas de ellas usuarias de Depo-Provera, y encontr\u00f3 una asociaci\u00f3n entre el uso prolongado de anticonceptivos inyectables como Depo-Provera y un mayor riesgo de desarrollar un tumor cerebral. Espec\u00edficamente, el uso de Depo-Provera, que contiene acetato de medroxiprogesterona (una progesterona sint\u00e9tica), se vincul\u00f3 a un riesgo 5.6 veces mayor de desarrollar un meningioma intracraneal que requer\u00eda intervenci\u00f3n quir\u00fargica. Este hallazgo resalta las preocupaciones sobre el uso de Depo-Provera y el potencial de un tumor cerebral. Las investigaciones contin\u00faan analizando esta conexi\u00f3n.<\/p>\n<h2>Demandas actuales contra Depo-Provera y responsabilidad de Pfizer<\/h2>\n<p>La presentaci\u00f3n del 1 de octubre marc\u00f3 la primera demanda contra Pfizer por Depo-Provera espec\u00edficamente en relaci\u00f3n con el meningioma. Las demandantes en este tipo de reclamos suelen declarar que recibieron inyecciones regulares de Depo-Provera (acetato de medroxiprogesterona), el anticonceptivo inyectable, durante un per\u00edodo prolongado, a veces m\u00e1s de un a\u00f1o o incluso m\u00e1s de dos a\u00f1os. En esta demanda en particular, la persona fue diagnosticada con un tumor cerebral meningioma, el cual alega que est\u00e1 relacionado con Depo-Provera. Esta afirmaci\u00f3n a menudo se basa en la ubicaci\u00f3n del crecimiento tumoral, consistente con las zonas donde los estudios han encontrado que los meningiomas mediados por progesterona tienden a desarrollarse tras el uso de Depo-Provera. Pfizer enfrenta cargos que incluyen negligencia, dise\u00f1o negligente y omisi\u00f3n de advertir a las usuarias sobre el riesgo de tumores cerebrales asociado con la inyecci\u00f3n de Depo-Provera.<\/p>\n<h2>C\u00f3mo podemos ayudarle con su reclamo por tumor cerebral relacionado con Depo-Provera<\/h2>\n<p>Salvi, Schostok &amp; Pritchard P.C. est\u00e1 investigando activamente los reclamos relacionados con tumores cerebrales vinculados a Depo-Provera. Si usted cree que el uso de Depo-Provera le ha ocasionado un tumor cerebral, o si busca informaci\u00f3n sobre c\u00f3mo presentar una demanda, le animamos a ponerse en contacto con nuestro equipo legal experimentado para una consulta gratuita y sin compromiso. Podemos ayudarle a comprender sus opciones legales en relaci\u00f3n con los efectos de Depo-Provera.<\/p>\n<h2>\u00bfPodr\u00eda usted tener un caso de tumor cerebral relacionado con Depo-Provera?<\/h2>\n<p>Si su uso de Depo-Provera se extendi\u00f3 por m\u00e1s de un a\u00f1o, especialmente si lo utiliz\u00f3 durante al menos tres a\u00f1os antes de un diagn\u00f3stico de meningioma o del descubrimiento de un problema cerebral vinculado a Depo-Provera, es posible que sea elegible para reclamar una compensaci\u00f3n. Muchas mujeres en esta situaci\u00f3n se preguntan por su elegibilidad. Un <a href=\"https:\/\/www.salvilaw.com\/es\/abogado-de-responsabilidad-del-producto-en-chicago\/\">abogado con experiencia en responsabilidad por productos defectuosos<\/a> de Salvi, Schostok &amp; Pritchard P.C. puede analizar sus opciones legales.<\/p>\n<h3>Para determinar si usted tiene un reclamo viable relacionado con Depo-Provera y un tumor cerebral meningioma, revisaremos su historial m\u00e9dico y consideraremos:<\/h3>\n<ul>\n<li>Duraci\u00f3n del uso de Depo-Provera<\/li>\n<li>Fecha de diagn\u00f3stico del meningioma<\/li>\n<li>Reaparici\u00f3n de cualquier tumor cerebral<\/li>\n<li>Naturaleza de la atenci\u00f3n m\u00e9dica recibida para el tumor<\/li>\n<li>Si fue necesaria una intervenci\u00f3n para tratar el crecimiento del meningioma<\/li>\n<li>Tiempo durante el cual recibi\u00f3 atenci\u00f3n m\u00e9dica<\/li>\n<li>Complicaciones derivadas del meningioma o de los tratamientos posteriores<\/li>\n<li>Presencia de problemas de visi\u00f3n o memoria<\/li>\n<li>Impacto en su empleo, como p\u00e9rdida de salarios, y el riesgo al que estuvo expuesta<\/li>\n<\/ul>\n<h2>Por qu\u00e9 elegir a Salvi, Schostok &amp; Pritchard P.C. para su demanda por Depo-Provera<\/h2>\n<p>Llevar con \u00e9xito una demanda por un tumor cerebral vinculado a Depo-Provera requiere pruebas s\u00f3lidas. Esto incluye historiales m\u00e9dicos detallados, testimonio de expertos y establecer un v\u00ednculo claro entre el uso de Depo-Provera y su diagn\u00f3stico de meningioma. Los abogados experimentados de Salvi, Schostok &amp; Pritchard P.C. comprenden las complejidades del litigio contra compa\u00f1\u00edas farmac\u00e9uticas. Podemos ayudarle a construir un caso s\u00f3lido y manejar negociaciones de acuerdo o, si es necesario, llevar su reclamaci\u00f3n por Depo-Provera ante los tribunales. Nuestro bufete cuenta con un historial exitoso en casos de medicamentos peligrosos y de responsabilidad por productos defectuosos, habiendo <a href=\"https:\/\/www.salvilaw.com\/es\/resultados-de-casos\/\">asegurado m\u00e1s de 3 billones de d\u00f3lares en compensaciones<\/a> mediante una b\u00fasqueda incansable de justicia. Nuestro objetivo es responsabilizar a Pfizer.<\/p>\n<p>Cont\u00e1ctenos hoy mismo para una <a href=\"https:\/\/www.salvilaw.com\/es\/contactenos\/\">consulta gratuita<\/a> de su caso con un abogado experimentado, a fin de hablar sobre sus inquietudes y c\u00f3mo muchas mujeres est\u00e1n siendo afectadas por los riesgos de salud de esta inyecci\u00f3n anticonceptiva.<\/p>\n<p>&nbsp;<\/p>\n","protected":false},"excerpt":{"rendered":"<p>La inyecci\u00f3n Depo-Provera, un m\u00e9todo anticonceptivo inyectable ampliamente utilizado, ha estado recientemente bajo escrutinio. Muchas mujeres que optaron por este anticonceptivo durante m\u00e1s de un a\u00f1o o que experimentaron su uso prolongado de m\u00e1s de dos a\u00f1os est\u00e1n descubriendo ahora un riesgo incrementado: el desarrollo de un tumor cerebral asociado&#8230;<\/p>\n","protected":false},"author":59,"featured_media":2852628,"parent":2866059,"menu_order":0,"comment_status":"closed","ping_status":"closed","template":"","meta":{"_acf_changed":false,"footnotes":""},"class_list":["post-2866969","page","type-page","status-publish","has-post-thumbnail","hentry"],"acf":[],"yoast_head":"<!-- This site is optimized with the Yoast SEO Premium plugin v27.2 (Yoast SEO v27.3) - https:\/\/yoast.com\/product\/yoast-seo-premium-wordpress\/ -->\n<title>Demanda por meningioma por Depo-Provera | Salvi, Schostok &amp; Pritchard<\/title>\n<meta name=\"description\" content=\"Conozca el v\u00ednculo entre Depo-Provera y los tumores cerebrales, incluidos los posibles riesgos, s\u00edntomas y opciones legales si fue afectado por este f\u00e1rmaco.\" \/>\n<meta name=\"robots\" content=\"index, follow, max-snippet:-1, max-image-preview:large, max-video-preview:-1\" \/>\n<link rel=\"canonical\" href=\"https:\/\/www.salvilaw.com\/es\/abogado-de-responsabilidad-del-producto-en-chicago\/demanda-depo-provera\/\" \/>\n<meta property=\"og:locale\" content=\"es_ES\" \/>\n<meta property=\"og:type\" content=\"article\" \/>\n<meta property=\"og:title\" content=\"Demanda por meningioma relacionado con Depo-Provera\" \/>\n<meta property=\"og:description\" content=\"Conozca el v\u00ednculo entre Depo-Provera y los tumores cerebrales, incluidos los posibles riesgos, s\u00edntomas y opciones legales si fue afectado por este f\u00e1rmaco.\" \/>\n<meta property=\"og:url\" content=\"https:\/\/www.salvilaw.com\/es\/abogado-de-responsabilidad-del-producto-en-chicago\/demanda-depo-provera\/\" \/>\n<meta property=\"og:site_name\" content=\"Salvi, Schostok &amp; Pritchard P.C.\" \/>\n<meta property=\"article:publisher\" content=\"https:\/\/www.facebook.com\/SalviLaw\/\" \/>\n<meta property=\"article:modified_time\" content=\"2025-12-03T17:32:16+00:00\" \/>\n<meta property=\"og:image\" content=\"https:\/\/www.salvilaw.com\/wp-content\/uploads\/2024\/10\/Depo-Provera-and-Brain-Tumors.jpg\" \/>\n\t<meta property=\"og:image:width\" content=\"512\" \/>\n\t<meta property=\"og:image:height\" content=\"288\" \/>\n\t<meta property=\"og:image:type\" content=\"image\/jpeg\" \/>\n<meta name=\"twitter:card\" content=\"summary_large_image\" \/>\n<meta name=\"twitter:site\" content=\"@SalviLaw\" \/>\n<script type=\"application\/ld+json\" class=\"yoast-schema-graph\">{\"@context\":\"https:\\\/\\\/schema.org\",\"@graph\":[{\"@type\":\"WebPage\",\"@id\":\"https:\\\/\\\/www.salvilaw.com\\\/es\\\/abogado-de-responsabilidad-del-producto-en-chicago\\\/demanda-depo-provera\\\/\",\"url\":\"https:\\\/\\\/www.salvilaw.com\\\/es\\\/abogado-de-responsabilidad-del-producto-en-chicago\\\/demanda-depo-provera\\\/\",\"name\":\"Demanda por meningioma por Depo-Provera | Salvi, Schostok & Pritchard\",\"isPartOf\":{\"@id\":\"https:\\\/\\\/www.salvilaw.com\\\/es\\\/#website\"},\"primaryImageOfPage\":{\"@id\":\"https:\\\/\\\/www.salvilaw.com\\\/es\\\/abogado-de-responsabilidad-del-producto-en-chicago\\\/demanda-depo-provera\\\/#primaryimage\"},\"image\":{\"@id\":\"https:\\\/\\\/www.salvilaw.com\\\/es\\\/abogado-de-responsabilidad-del-producto-en-chicago\\\/demanda-depo-provera\\\/#primaryimage\"},\"thumbnailUrl\":\"https:\\\/\\\/www.salvilaw.com\\\/wp-content\\\/uploads\\\/2024\\\/10\\\/Depo-Provera-and-Brain-Tumors.jpg\",\"datePublished\":\"2024-12-05T20:07:43+00:00\",\"dateModified\":\"2025-12-03T17:32:16+00:00\",\"description\":\"Conozca el v\u00ednculo entre Depo-Provera y los tumores cerebrales, incluidos los posibles riesgos, s\u00edntomas y opciones legales si fue afectado por este f\u00e1rmaco.\",\"breadcrumb\":{\"@id\":\"https:\\\/\\\/www.salvilaw.com\\\/es\\\/abogado-de-responsabilidad-del-producto-en-chicago\\\/demanda-depo-provera\\\/#breadcrumb\"},\"inLanguage\":\"es\",\"potentialAction\":[{\"@type\":\"ReadAction\",\"target\":[\"https:\\\/\\\/www.salvilaw.com\\\/es\\\/abogado-de-responsabilidad-del-producto-en-chicago\\\/demanda-depo-provera\\\/\"]}]},{\"@type\":\"ImageObject\",\"inLanguage\":\"es\",\"@id\":\"https:\\\/\\\/www.salvilaw.com\\\/es\\\/abogado-de-responsabilidad-del-producto-en-chicago\\\/demanda-depo-provera\\\/#primaryimage\",\"url\":\"https:\\\/\\\/www.salvilaw.com\\\/wp-content\\\/uploads\\\/2024\\\/10\\\/Depo-Provera-and-Brain-Tumors.jpg\",\"contentUrl\":\"https:\\\/\\\/www.salvilaw.com\\\/wp-content\\\/uploads\\\/2024\\\/10\\\/Depo-Provera-and-Brain-Tumors.jpg\",\"width\":512,\"height\":288,\"caption\":\"Depo-Provera and Brain Tumors\"},{\"@type\":\"BreadcrumbList\",\"@id\":\"https:\\\/\\\/www.salvilaw.com\\\/es\\\/abogado-de-responsabilidad-del-producto-en-chicago\\\/demanda-depo-provera\\\/#breadcrumb\",\"itemListElement\":[{\"@type\":\"ListItem\",\"position\":1,\"name\":\"Inicio\",\"item\":\"https:\\\/\\\/www.salvilaw.com\\\/es\\\/\"},{\"@type\":\"ListItem\",\"position\":2,\"name\":\"Abogado de responsabilidad del producto en Chicago\",\"item\":\"https:\\\/\\\/www.salvilaw.com\\\/es\\\/abogado-de-responsabilidad-del-producto-en-chicago\\\/\"},{\"@type\":\"ListItem\",\"position\":3,\"name\":\"Demanda por meningioma relacionado con Depo-Provera\"}]},{\"@type\":\"WebSite\",\"@id\":\"https:\\\/\\\/www.salvilaw.com\\\/es\\\/#website\",\"url\":\"https:\\\/\\\/www.salvilaw.com\\\/es\\\/\",\"name\":\"Salvi, Schostok & Pritchard P.C.\",\"description\":\"Your Illinois Medical Malpractice and Personal Injury Attorneys\",\"publisher\":{\"@id\":\"https:\\\/\\\/www.salvilaw.com\\\/es\\\/#organization\"},\"potentialAction\":[{\"@type\":\"SearchAction\",\"target\":{\"@type\":\"EntryPoint\",\"urlTemplate\":\"https:\\\/\\\/www.salvilaw.com\\\/es\\\/?s={search_term_string}\"},\"query-input\":{\"@type\":\"PropertyValueSpecification\",\"valueRequired\":true,\"valueName\":\"search_term_string\"}}],\"inLanguage\":\"es\"},{\"@type\":\"ImageObject\",\"inLanguage\":\"es\",\"@id\":\"https:\\\/\\\/www.salvilaw.com\\\/es\\\/abogado-de-responsabilidad-del-producto-en-chicago\\\/demanda-depo-provera\\\/#local-main-organization-logo\",\"url\":\"https:\\\/\\\/www.salvilaw.com\\\/wp-content\\\/uploads\\\/2018\\\/11\\\/logo.png\",\"contentUrl\":\"https:\\\/\\\/www.salvilaw.com\\\/wp-content\\\/uploads\\\/2018\\\/11\\\/logo.png\",\"width\":266,\"height\":108,\"caption\":\"Salvi, Schostok & Pritchard P.C.\"}]}<\/script>\n<meta name=\"geo.region\" content=\"Estados Unidos (EEUU)\" \/>\n<!-- \/ Yoast SEO Premium plugin. -->","yoast_head_json":{"title":"Demanda por meningioma por Depo-Provera | Salvi, Schostok & Pritchard","description":"Conozca el v\u00ednculo entre Depo-Provera y los tumores cerebrales, incluidos los posibles riesgos, s\u00edntomas y opciones legales si fue afectado por este f\u00e1rmaco.","robots":{"index":"index","follow":"follow","max-snippet":"max-snippet:-1","max-image-preview":"max-image-preview:large","max-video-preview":"max-video-preview:-1"},"canonical":"https:\/\/www.salvilaw.com\/es\/abogado-de-responsabilidad-del-producto-en-chicago\/demanda-depo-provera\/","og_locale":"es_ES","og_type":"article","og_title":"Demanda por meningioma relacionado con Depo-Provera","og_description":"Conozca el v\u00ednculo entre Depo-Provera y los tumores cerebrales, incluidos los posibles riesgos, s\u00edntomas y opciones legales si fue afectado por este f\u00e1rmaco.","og_url":"https:\/\/www.salvilaw.com\/es\/abogado-de-responsabilidad-del-producto-en-chicago\/demanda-depo-provera\/","og_site_name":"Salvi, Schostok &amp; Pritchard P.C.","article_publisher":"https:\/\/www.facebook.com\/SalviLaw\/","article_modified_time":"2025-12-03T17:32:16+00:00","og_image":[{"width":512,"height":288,"url":"https:\/\/www.salvilaw.com\/wp-content\/uploads\/2024\/10\/Depo-Provera-and-Brain-Tumors.jpg","type":"image\/jpeg"}],"twitter_card":"summary_large_image","twitter_site":"@SalviLaw","schema":{"@context":"https:\/\/schema.org","@graph":[{"@type":"WebPage","@id":"https:\/\/www.salvilaw.com\/es\/abogado-de-responsabilidad-del-producto-en-chicago\/demanda-depo-provera\/","url":"https:\/\/www.salvilaw.com\/es\/abogado-de-responsabilidad-del-producto-en-chicago\/demanda-depo-provera\/","name":"Demanda por meningioma por Depo-Provera | Salvi, Schostok & Pritchard","isPartOf":{"@id":"https:\/\/www.salvilaw.com\/es\/#website"},"primaryImageOfPage":{"@id":"https:\/\/www.salvilaw.com\/es\/abogado-de-responsabilidad-del-producto-en-chicago\/demanda-depo-provera\/#primaryimage"},"image":{"@id":"https:\/\/www.salvilaw.com\/es\/abogado-de-responsabilidad-del-producto-en-chicago\/demanda-depo-provera\/#primaryimage"},"thumbnailUrl":"https:\/\/www.salvilaw.com\/wp-content\/uploads\/2024\/10\/Depo-Provera-and-Brain-Tumors.jpg","datePublished":"2024-12-05T20:07:43+00:00","dateModified":"2025-12-03T17:32:16+00:00","description":"Conozca el v\u00ednculo entre Depo-Provera y los tumores cerebrales, incluidos los posibles riesgos, s\u00edntomas y opciones legales si fue afectado por este f\u00e1rmaco.","breadcrumb":{"@id":"https:\/\/www.salvilaw.com\/es\/abogado-de-responsabilidad-del-producto-en-chicago\/demanda-depo-provera\/#breadcrumb"},"inLanguage":"es","potentialAction":[{"@type":"ReadAction","target":["https:\/\/www.salvilaw.com\/es\/abogado-de-responsabilidad-del-producto-en-chicago\/demanda-depo-provera\/"]}]},{"@type":"ImageObject","inLanguage":"es","@id":"https:\/\/www.salvilaw.com\/es\/abogado-de-responsabilidad-del-producto-en-chicago\/demanda-depo-provera\/#primaryimage","url":"https:\/\/www.salvilaw.com\/wp-content\/uploads\/2024\/10\/Depo-Provera-and-Brain-Tumors.jpg","contentUrl":"https:\/\/www.salvilaw.com\/wp-content\/uploads\/2024\/10\/Depo-Provera-and-Brain-Tumors.jpg","width":512,"height":288,"caption":"Depo-Provera and Brain Tumors"},{"@type":"BreadcrumbList","@id":"https:\/\/www.salvilaw.com\/es\/abogado-de-responsabilidad-del-producto-en-chicago\/demanda-depo-provera\/#breadcrumb","itemListElement":[{"@type":"ListItem","position":1,"name":"Inicio","item":"https:\/\/www.salvilaw.com\/es\/"},{"@type":"ListItem","position":2,"name":"Abogado de responsabilidad del producto en Chicago","item":"https:\/\/www.salvilaw.com\/es\/abogado-de-responsabilidad-del-producto-en-chicago\/"},{"@type":"ListItem","position":3,"name":"Demanda por meningioma relacionado con Depo-Provera"}]},{"@type":"WebSite","@id":"https:\/\/www.salvilaw.com\/es\/#website","url":"https:\/\/www.salvilaw.com\/es\/","name":"Salvi, Schostok & Pritchard P.C.","description":"Your Illinois Medical Malpractice and Personal Injury Attorneys","publisher":{"@id":"https:\/\/www.salvilaw.com\/es\/#organization"},"potentialAction":[{"@type":"SearchAction","target":{"@type":"EntryPoint","urlTemplate":"https:\/\/www.salvilaw.com\/es\/?s={search_term_string}"},"query-input":{"@type":"PropertyValueSpecification","valueRequired":true,"valueName":"search_term_string"}}],"inLanguage":"es"},{"@type":"ImageObject","inLanguage":"es","@id":"https:\/\/www.salvilaw.com\/es\/abogado-de-responsabilidad-del-producto-en-chicago\/demanda-depo-provera\/#local-main-organization-logo","url":"https:\/\/www.salvilaw.com\/wp-content\/uploads\/2018\/11\/logo.png","contentUrl":"https:\/\/www.salvilaw.com\/wp-content\/uploads\/2018\/11\/logo.png","width":266,"height":108,"caption":"Salvi, Schostok & Pritchard P.C."}]},"geo.region":"Estados Unidos (EEUU)"},"parsely":{"version":"1.1.0","canonical_url":"https:\/\/salvilaw.com\/es\/abogado-de-responsabilidad-del-producto-en-chicago\/demanda-depo-provera\/","smart_links":{"inbound":0,"outbound":0},"traffic_boost_suggestions_count":0,"meta":{"@context":"https:\/\/schema.org","@type":"WebPage","headline":"Demanda por meningioma relacionado con Depo-Provera","url":"http:\/\/www.salvilaw.com\/es\/abogado-de-responsabilidad-del-producto-en-chicago\/demanda-depo-provera\/","mainEntityOfPage":{"@type":"WebPage","@id":"http:\/\/www.salvilaw.com\/es\/abogado-de-responsabilidad-del-producto-en-chicago\/demanda-depo-provera\/"},"thumbnailUrl":"https:\/\/www.salvilaw.com\/wp-content\/uploads\/2024\/10\/Depo-Provera-and-Brain-Tumors-150x150.jpg","image":{"@type":"ImageObject","url":"https:\/\/www.salvilaw.com\/wp-content\/uploads\/2024\/10\/Depo-Provera-and-Brain-Tumors.jpg"},"articleSection":"Sin categorizar","author":[{"@type":"Person","name":"Patrick A. Salvi II"}],"creator":["Patrick A. Salvi II"],"publisher":{"@type":"Organization","name":"Salvi, Schostok &amp; Pritchard P.C.","logo":"https:\/\/www.salvilaw.com\/wp-content\/uploads\/2018\/10\/SSP-favicon.png"},"keywords":[],"dateCreated":"2024-12-05T20:07:43Z","datePublished":"2024-12-05T20:07:43Z","dateModified":"2025-12-03T17:32:16Z"},"rendered":"<script type=\"application\/ld+json\" class=\"wp-parsely-metadata\">{\"@context\":\"https:\\\/\\\/schema.org\",\"@type\":\"WebPage\",\"headline\":\"Demanda por meningioma relacionado con Depo-Provera\",\"url\":\"http:\\\/\\\/www.salvilaw.com\\\/es\\\/abogado-de-responsabilidad-del-producto-en-chicago\\\/demanda-depo-provera\\\/\",\"mainEntityOfPage\":{\"@type\":\"WebPage\",\"@id\":\"http:\\\/\\\/www.salvilaw.com\\\/es\\\/abogado-de-responsabilidad-del-producto-en-chicago\\\/demanda-depo-provera\\\/\"},\"thumbnailUrl\":\"https:\\\/\\\/www.salvilaw.com\\\/wp-content\\\/uploads\\\/2024\\\/10\\\/Depo-Provera-and-Brain-Tumors-150x150.jpg\",\"image\":{\"@type\":\"ImageObject\",\"url\":\"https:\\\/\\\/www.salvilaw.com\\\/wp-content\\\/uploads\\\/2024\\\/10\\\/Depo-Provera-and-Brain-Tumors.jpg\"},\"articleSection\":\"Sin categorizar\",\"author\":[{\"@type\":\"Person\",\"name\":\"Patrick A. Salvi II\"}],\"creator\":[\"Patrick A. Salvi II\"],\"publisher\":{\"@type\":\"Organization\",\"name\":\"Salvi, Schostok &amp; Pritchard P.C.\",\"logo\":\"https:\\\/\\\/www.salvilaw.com\\\/wp-content\\\/uploads\\\/2018\\\/10\\\/SSP-favicon.png\"},\"keywords\":[],\"dateCreated\":\"2024-12-05T20:07:43Z\",\"datePublished\":\"2024-12-05T20:07:43Z\",\"dateModified\":\"2025-12-03T17:32:16Z\"}<\/script>","tracker_url":"https:\/\/cdn.parsely.com\/keys\/salvilaw.com\/p.js"},"_links":{"self":[{"href":"https:\/\/www.salvilaw.com\/es\/wp-json\/wp\/v2\/pages\/2866969","targetHints":{"allow":["GET"]}}],"collection":[{"href":"https:\/\/www.salvilaw.com\/es\/wp-json\/wp\/v2\/pages"}],"about":[{"href":"https:\/\/www.salvilaw.com\/es\/wp-json\/wp\/v2\/types\/page"}],"author":[{"embeddable":true,"href":"https:\/\/www.salvilaw.com\/es\/wp-json\/wp\/v2\/users\/59"}],"replies":[{"embeddable":true,"href":"https:\/\/www.salvilaw.com\/es\/wp-json\/wp\/v2\/comments?post=2866969"}],"version-history":[{"count":0,"href":"https:\/\/www.salvilaw.com\/es\/wp-json\/wp\/v2\/pages\/2866969\/revisions"}],"up":[{"embeddable":true,"href":"https:\/\/www.salvilaw.com\/es\/wp-json\/wp\/v2\/pages\/2866059"}],"wp:featuredmedia":[{"embeddable":true,"href":"https:\/\/www.salvilaw.com\/es\/wp-json\/wp\/v2\/media\/2852628"}],"wp:attachment":[{"href":"https:\/\/www.salvilaw.com\/es\/wp-json\/wp\/v2\/media?parent=2866969"}],"curies":[{"name":"wp","href":"https:\/\/api.w.org\/{rel}","templated":true}]}}