{"id":2866971,"date":"2018-12-11T14:18:38","date_gmt":"2018-12-11T20:18:38","guid":{"rendered":"https:\/\/www.salvilaw.com\/?page_id=2866971"},"modified":"2025-12-03T11:27:11","modified_gmt":"2025-12-03T17:27:11","slug":"autoridad-transito-chicago","status":"publish","type":"page","link":"https:\/\/www.salvilaw.com\/es\/abogado-de-accidentes-en-transporte-publico\/autoridad-transito-chicago\/","title":{"rendered":"Accidentes en la Autoridad de Tr\u00e1nsito de Chicago (CTA) y Metra"},"content":{"rendered":"<p>En un d\u00eda laboral cualquiera en Chicago, se realizan 1.6 millones de viajes en la <a href=\"https:\/\/www.cnn.com\/2013\/11\/01\/us\/chicago-transit-authority-fast-facts\/index.html\" target=\"_blank\" rel=\"noopener\">Autoridad de Tr\u00e1nsito de Chicago<\/a> (CTA, por sus siglas en ingl\u00e9s), lo que la convierte en el segundo <a href=\"https:\/\/www.salvilaw.com\/es\/abogado-de-accidentes-en-transporte-publico\/\">sistema de transporte<\/a> m\u00e1s grande del pa\u00eds. El sistema cuenta con 1,864 autobuses, 10,768 paradas se\u00f1alizadas y 129 rutas. Tambi\u00e9n dispone de 1,492 vagones de tren, 145 estaciones y ocho rutas diferentes. En promedio, cada semana, aproximadamente 760,000 personas utilizan el \u201cL\u201d, el sistema ferroviario elevado de la ciudad que circula por encima de las calles. El L proporciona transporte tanto a los dos aeropuertos principales de Chicago como a sus vecindarios m\u00e1s importantes. <a href=\"https:\/\/metrarail.com\/\" target=\"_blank\" rel=\"noopener\">Metra<\/a> es un ferrocarril suburbano que opera 242 estaciones en 11 l\u00edneas ferroviarias distintas.<\/p>\n<p>Lamentablemente, los operadores de la CTA y de Metra no siempre act\u00faan con seguridad. Con frecuencia provocan accidentes, incluyendo choques con veh\u00edculos, peatones y ciclistas. En Salvi, Schostok &amp; Pritchard P.C., nuestros abogados de lesiones personales ayudan a las v\u00edctimas de accidentes de la CTA y Metra a reclamar compensaci\u00f3n por los da\u00f1os sufridos. Si usted o un ser querido resultan lesionados en uno de estos accidentes, <a href=\"https:\/\/www.salvilaw.com\/es\/contactenos\/\">cont\u00e1ctenos hoy mismo<\/a> para conocer sus derechos y opciones legales en una consulta gratuita y sin compromiso.<\/p>\n<h2>La CTA ocupa una de las posiciones m\u00e1s bajas en seguridad<\/h2>\n<p>De acuerdo con <a href=\"https:\/\/www.nbcchicago.com\/investigations\/Data-Shows-CTA-Ranks-Near-Bottom-For-Safety-252826581.html\" target=\"_blank\" rel=\"noopener\">NBC 5 Chicago<\/a>, la CTA se encuentra entre los sistemas de transporte p\u00fablico menos seguros del pa\u00eds. Entre 2004 y 2014, estuvo involucrada en m\u00e1s muertes que cualquier otra agencia de transporte en la naci\u00f3n, incluso m\u00e1s que el sistema de transporte m\u00e1s grande de los Estados Unidos en Nueva York. Informes de la Administraci\u00f3n Federal de Tr\u00e1nsito de 2003 a 2013 indican que la mayor\u00eda de los fallecimientos ocurrieron en estaciones de la CTA y no en los propios medios de transporte. Durante ese per\u00edodo, solamente cinco muertes correspondieron a pasajeros, mientras que 20 fueron peatones, trabajadores u otras personas en diferentes categor\u00edas. En cuanto al n\u00famero total de lesiones, la CTA ocup\u00f3 el tercer lugar, solo detr\u00e1s de Nueva York y del sistema BART de San Francisco.<\/p>\n<h2>Tipos de lesiones en el transporte p\u00fablico<\/h2>\n<p>Algunas personas involucradas en accidentes de la CTA o Metra sufren \u00fanicamente moretones y raspones, mientras que otras padecen conmociones cerebrales, huesos rotos e incluso amputaciones. En Salvi, Schostok &amp; Pritchard P.C., nuestros abogados han ayudado a innumerables clientes a reclamar compensaci\u00f3n por los siguientes tipos comunes de lesiones en el transporte p\u00fablico:<\/p>\n<ul>\n<li>Huesos rotos o fracturados<\/li>\n<li>Amputaciones<\/li>\n<li>Quemaduras graves<\/li>\n<li>Conmociones cerebrales mayores y menores<\/li>\n<li>Discapacidades permanentes<\/li>\n<\/ul>\n<h2>Qu\u00e9 hacer si usted est\u00e1 involucrado en un accidente de la CTA o Metra<\/h2>\n<p>Si usted es pasajero en un accidente de la CTA o Metra en Chicago, debe mantener la calma y actuar con decisi\u00f3n. No entre en p\u00e1nico, ya que ello solo empeorar\u00e1 la situaci\u00f3n e impedir\u00e1 que pueda tomar las medidas necesarias.<\/p>\n<p>Si se encuentra en condiciones, tome fotograf\u00edas con su tel\u00e9fono m\u00f3vil o grabe videos de la escena del accidente. Tambi\u00e9n debe documentar sus lesiones con im\u00e1genes. Cualquier fotograf\u00eda o grabaci\u00f3n puede convertirse en evidencia valiosa para respaldar su reclamo y ayudar a su abogado en Salvi, Schostok &amp; Pritchard P.C. a obtener el mejor resultado posible en su nombre. Adicionalmente, procure obtener los nombres y n\u00fameros de tel\u00e9fono de los testigos del incidente.<\/p>\n<p>Una vez que usted y sus seres queridos se encuentren a salvo lejos de la escena del accidente, debe buscar atenci\u00f3n m\u00e9dica lo antes posible. Sea lo m\u00e1s espec\u00edfico posible al describirle al m\u00e9dico c\u00f3mo y qu\u00e9 siente. Muchas v\u00edctimas de accidentes de la CTA y Metra experimentan s\u00edntomas tard\u00edos, tales como latigazo cervical, dolor de espalda o lesiones cerebrales traum\u00e1ticas. Por ello, resulta fundamental someterse a una revisi\u00f3n m\u00e9dica, incluso si en un primer momento no percibe s\u00edntomas.<\/p>\n<p>Si usted es peat\u00f3n o ciclista involucrado en un accidente con la CTA o Metra, debe seguir las mismas recomendaciones: no entrar en p\u00e1nico, tomar fotos y videos de la escena y de sus lesiones, obtener datos de testigos y acudir de inmediato a recibir atenci\u00f3n m\u00e9dica.<\/p>\n<h2>Causas de los accidentes de la CTA y Metra<\/h2>\n<p>Los accidentes de la CTA y Metra suelen ser resultado de los mismos tipos de negligencia que provocan <a href=\"https:\/\/www.salvilaw.com\/es\/accidentes-de-auto\/\">accidentes de auto particulares<\/a>, <a href=\"https:\/\/www.salvilaw.com\/truck-accidents\/\">camiones<\/a> y otros veh\u00edculos de motor. Aunque pasajeros y peatones deber\u00edan poder confiar en que Metra y la Autoridad de Tr\u00e1nsito de Chicago mantendr\u00e1n adecuadamente sus veh\u00edculos y capacitar\u00e1n correctamente a sus conductores y operadores, muchos accidentes ocurren debido a veh\u00edculos mal mantenidos y a conductas inapropiadas de los operadores, tales como exceso de velocidad, conducci\u00f3n agresiva o conducci\u00f3n bajo los efectos del alcohol, drogas o la fatiga.<\/p>\n<p>Es crucial iniciar una investigaci\u00f3n inmediata tras un accidente de la CTA o Metra, con el fin de preservar y reunir evidencia que permita determinar la causa del accidente e identificar a los responsables. En muchos casos, un conductor u operador individual puede ser responsable por su negligencia. Sin embargo, la CTA o Metra pueden ser responsables si la negligencia ocurri\u00f3 en el curso de las funciones laborales del empleado. Asimismo, estas entidades pueden ser responsables de su propia negligencia, por ejemplo, al contratar conductores u operadores no calificados, al no supervisar adecuadamente a sus empleados o al no mantener sus trenes y veh\u00edculos en condiciones seguras y adecuadas.<\/p>\n<h2>Nuestros abogados de accidentes en la CTA y Metra pueden ayudarle<\/h2>\n<p>Independientemente del tipo de accidente en el que usted haya estado involucrado, debe buscar la ayuda de un abogado experimentado y decidido en accidentes de la CTA y Metra en Chicago. En Salvi, Schostok &amp; Pritchard P.C., contamos con experiencia en el manejo de este tipo de casos complejos y podemos ayudarle a realizar lo necesario para presentar su reclamo y exigir la compensaci\u00f3n que usted merece para cubrir gastos m\u00e9dicos, salarios perdidos, dolor y sufrimiento, entre otros. Para obtener m\u00e1s informaci\u00f3n sobre c\u00f3mo podemos ayudarle, <a href=\"https:\/\/www.salvilaw.com\/es\/contactenos\/\">cont\u00e1ctenos hoy mismo<\/a> y reciba una evaluaci\u00f3n gratuita de su caso.<\/p>\n","protected":false},"excerpt":{"rendered":"<p>En un d\u00eda laboral cualquiera en Chicago, se realizan 1.6 millones de viajes en la Autoridad de Tr\u00e1nsito de Chicago (CTA, por sus siglas en ingl\u00e9s), lo que la convierte en el segundo sistema de transporte m\u00e1s grande del pa\u00eds. El sistema cuenta con 1,864 autobuses, 10,768 paradas se\u00f1alizadas y&#8230;<\/p>\n","protected":false},"author":59,"featured_media":2804435,"parent":2866069,"menu_order":301,"comment_status":"closed","ping_status":"closed","template":"","meta":{"_acf_changed":false,"footnotes":""},"class_list":["post-2866971","page","type-page","status-publish","has-post-thumbnail","hentry"],"acf":[],"yoast_head":"<!-- This site is optimized with the Yoast SEO Premium plugin v27.2 (Yoast SEO v27.3) - https:\/\/yoast.com\/product\/yoast-seo-premium-wordpress\/ -->\n<title>Accidentes en la CTA y Metra | Salvi, Schostok &amp; Pritchard<\/title>\n<meta name=\"description\" content=\"Si usted o un ser querido sufri\u00f3 lesiones en un accidente de la CTA, llame a nuestros abogados en lesiones para una consulta gratuita.\" \/>\n<meta name=\"robots\" content=\"index, follow, max-snippet:-1, max-image-preview:large, max-video-preview:-1\" \/>\n<link rel=\"canonical\" href=\"https:\/\/www.salvilaw.com\/es\/abogado-de-accidentes-en-transporte-publico\/autoridad-transito-chicago\/\" \/>\n<meta property=\"og:locale\" content=\"es_ES\" \/>\n<meta property=\"og:type\" content=\"article\" \/>\n<meta property=\"og:title\" content=\"Accidentes en la Autoridad de Tr\u00e1nsito de Chicago (CTA) y Metra\" \/>\n<meta property=\"og:description\" content=\"Si usted o un ser querido sufri\u00f3 lesiones en un accidente de la CTA, llame a nuestros abogados en lesiones para una consulta gratuita.\" \/>\n<meta property=\"og:url\" content=\"https:\/\/www.salvilaw.com\/es\/abogado-de-accidentes-en-transporte-publico\/autoridad-transito-chicago\/\" \/>\n<meta property=\"og:site_name\" content=\"Salvi, Schostok &amp; Pritchard P.C.\" \/>\n<meta property=\"article:publisher\" content=\"https:\/\/www.facebook.com\/SalviLaw\/\" \/>\n<meta property=\"article:modified_time\" content=\"2025-12-03T17:27:11+00:00\" \/>\n<meta property=\"og:image\" content=\"https:\/\/www.salvilaw.com\/wp-content\/uploads\/2018\/12\/chicago-transit-authority-accidents.jpeg\" \/>\n\t<meta property=\"og:image:width\" content=\"240\" \/>\n\t<meta property=\"og:image:height\" content=\"160\" \/>\n\t<meta property=\"og:image:type\" content=\"image\/jpeg\" \/>\n<meta name=\"twitter:card\" content=\"summary_large_image\" \/>\n<meta name=\"twitter:site\" content=\"@SalviLaw\" \/>\n<script type=\"application\/ld+json\" class=\"yoast-schema-graph\">{\"@context\":\"https:\\\/\\\/schema.org\",\"@graph\":[{\"@type\":\"WebPage\",\"@id\":\"https:\\\/\\\/www.salvilaw.com\\\/es\\\/abogado-de-accidentes-en-transporte-publico\\\/autoridad-transito-chicago\\\/\",\"url\":\"https:\\\/\\\/www.salvilaw.com\\\/es\\\/abogado-de-accidentes-en-transporte-publico\\\/autoridad-transito-chicago\\\/\",\"name\":\"Accidentes en la CTA y Metra | Salvi, Schostok & Pritchard\",\"isPartOf\":{\"@id\":\"https:\\\/\\\/www.salvilaw.com\\\/es\\\/#website\"},\"primaryImageOfPage\":{\"@id\":\"https:\\\/\\\/www.salvilaw.com\\\/es\\\/abogado-de-accidentes-en-transporte-publico\\\/autoridad-transito-chicago\\\/#primaryimage\"},\"image\":{\"@id\":\"https:\\\/\\\/www.salvilaw.com\\\/es\\\/abogado-de-accidentes-en-transporte-publico\\\/autoridad-transito-chicago\\\/#primaryimage\"},\"thumbnailUrl\":\"https:\\\/\\\/www.salvilaw.com\\\/wp-content\\\/uploads\\\/2018\\\/12\\\/chicago-transit-authority-accidents.jpeg\",\"datePublished\":\"2018-12-11T20:18:38+00:00\",\"dateModified\":\"2025-12-03T17:27:11+00:00\",\"description\":\"Si usted o un ser querido sufri\u00f3 lesiones en un accidente de la CTA, llame a nuestros abogados en lesiones para una consulta gratuita.\",\"breadcrumb\":{\"@id\":\"https:\\\/\\\/www.salvilaw.com\\\/es\\\/abogado-de-accidentes-en-transporte-publico\\\/autoridad-transito-chicago\\\/#breadcrumb\"},\"inLanguage\":\"es\",\"potentialAction\":[{\"@type\":\"ReadAction\",\"target\":[\"https:\\\/\\\/www.salvilaw.com\\\/es\\\/abogado-de-accidentes-en-transporte-publico\\\/autoridad-transito-chicago\\\/\"]}]},{\"@type\":\"ImageObject\",\"inLanguage\":\"es\",\"@id\":\"https:\\\/\\\/www.salvilaw.com\\\/es\\\/abogado-de-accidentes-en-transporte-publico\\\/autoridad-transito-chicago\\\/#primaryimage\",\"url\":\"https:\\\/\\\/www.salvilaw.com\\\/wp-content\\\/uploads\\\/2018\\\/12\\\/chicago-transit-authority-accidents.jpeg\",\"contentUrl\":\"https:\\\/\\\/www.salvilaw.com\\\/wp-content\\\/uploads\\\/2018\\\/12\\\/chicago-transit-authority-accidents.jpeg\",\"width\":240,\"height\":160},{\"@type\":\"BreadcrumbList\",\"@id\":\"https:\\\/\\\/www.salvilaw.com\\\/es\\\/abogado-de-accidentes-en-transporte-publico\\\/autoridad-transito-chicago\\\/#breadcrumb\",\"itemListElement\":[{\"@type\":\"ListItem\",\"position\":1,\"name\":\"Inicio\",\"item\":\"https:\\\/\\\/www.salvilaw.com\\\/es\\\/\"},{\"@type\":\"ListItem\",\"position\":2,\"name\":\"Abogado de accidentes en transporte p\u00fablico\",\"item\":\"https:\\\/\\\/www.salvilaw.com\\\/es\\\/abogado-de-accidentes-en-transporte-publico\\\/\"},{\"@type\":\"ListItem\",\"position\":3,\"name\":\"Accidentes en la Autoridad de Tr\u00e1nsito de Chicago (CTA) y Metra\"}]},{\"@type\":\"WebSite\",\"@id\":\"https:\\\/\\\/www.salvilaw.com\\\/es\\\/#website\",\"url\":\"https:\\\/\\\/www.salvilaw.com\\\/es\\\/\",\"name\":\"Salvi, Schostok & Pritchard P.C.\",\"description\":\"Your Illinois Medical Malpractice and Personal Injury Attorneys\",\"publisher\":{\"@id\":\"https:\\\/\\\/www.salvilaw.com\\\/es\\\/#organization\"},\"potentialAction\":[{\"@type\":\"SearchAction\",\"target\":{\"@type\":\"EntryPoint\",\"urlTemplate\":\"https:\\\/\\\/www.salvilaw.com\\\/es\\\/?s={search_term_string}\"},\"query-input\":{\"@type\":\"PropertyValueSpecification\",\"valueRequired\":true,\"valueName\":\"search_term_string\"}}],\"inLanguage\":\"es\"},{\"@type\":\"ImageObject\",\"inLanguage\":\"es\",\"@id\":\"https:\\\/\\\/www.salvilaw.com\\\/es\\\/abogado-de-accidentes-en-transporte-publico\\\/autoridad-transito-chicago\\\/#local-main-organization-logo\",\"url\":\"https:\\\/\\\/www.salvilaw.com\\\/wp-content\\\/uploads\\\/2018\\\/11\\\/logo.png\",\"contentUrl\":\"https:\\\/\\\/www.salvilaw.com\\\/wp-content\\\/uploads\\\/2018\\\/11\\\/logo.png\",\"width\":266,\"height\":108,\"caption\":\"Salvi, Schostok & Pritchard P.C.\"}]}<\/script>\n<meta name=\"geo.region\" content=\"Estados Unidos (EEUU)\" \/>\n<!-- \/ Yoast SEO Premium plugin. -->","yoast_head_json":{"title":"Accidentes en la CTA y Metra | Salvi, Schostok & Pritchard","description":"Si usted o un ser querido sufri\u00f3 lesiones en un accidente de la CTA, llame a nuestros abogados en lesiones para una consulta gratuita.","robots":{"index":"index","follow":"follow","max-snippet":"max-snippet:-1","max-image-preview":"max-image-preview:large","max-video-preview":"max-video-preview:-1"},"canonical":"https:\/\/www.salvilaw.com\/es\/abogado-de-accidentes-en-transporte-publico\/autoridad-transito-chicago\/","og_locale":"es_ES","og_type":"article","og_title":"Accidentes en la Autoridad de Tr\u00e1nsito de Chicago (CTA) y Metra","og_description":"Si usted o un ser querido sufri\u00f3 lesiones en un accidente de la CTA, llame a nuestros abogados en lesiones para una consulta gratuita.","og_url":"https:\/\/www.salvilaw.com\/es\/abogado-de-accidentes-en-transporte-publico\/autoridad-transito-chicago\/","og_site_name":"Salvi, Schostok &amp; Pritchard P.C.","article_publisher":"https:\/\/www.facebook.com\/SalviLaw\/","article_modified_time":"2025-12-03T17:27:11+00:00","og_image":[{"width":240,"height":160,"url":"https:\/\/www.salvilaw.com\/wp-content\/uploads\/2018\/12\/chicago-transit-authority-accidents.jpeg","type":"image\/jpeg"}],"twitter_card":"summary_large_image","twitter_site":"@SalviLaw","schema":{"@context":"https:\/\/schema.org","@graph":[{"@type":"WebPage","@id":"https:\/\/www.salvilaw.com\/es\/abogado-de-accidentes-en-transporte-publico\/autoridad-transito-chicago\/","url":"https:\/\/www.salvilaw.com\/es\/abogado-de-accidentes-en-transporte-publico\/autoridad-transito-chicago\/","name":"Accidentes en la CTA y Metra | Salvi, Schostok & Pritchard","isPartOf":{"@id":"https:\/\/www.salvilaw.com\/es\/#website"},"primaryImageOfPage":{"@id":"https:\/\/www.salvilaw.com\/es\/abogado-de-accidentes-en-transporte-publico\/autoridad-transito-chicago\/#primaryimage"},"image":{"@id":"https:\/\/www.salvilaw.com\/es\/abogado-de-accidentes-en-transporte-publico\/autoridad-transito-chicago\/#primaryimage"},"thumbnailUrl":"https:\/\/www.salvilaw.com\/wp-content\/uploads\/2018\/12\/chicago-transit-authority-accidents.jpeg","datePublished":"2018-12-11T20:18:38+00:00","dateModified":"2025-12-03T17:27:11+00:00","description":"Si usted o un ser querido sufri\u00f3 lesiones en un accidente de la CTA, llame a nuestros abogados en lesiones para una consulta gratuita.","breadcrumb":{"@id":"https:\/\/www.salvilaw.com\/es\/abogado-de-accidentes-en-transporte-publico\/autoridad-transito-chicago\/#breadcrumb"},"inLanguage":"es","potentialAction":[{"@type":"ReadAction","target":["https:\/\/www.salvilaw.com\/es\/abogado-de-accidentes-en-transporte-publico\/autoridad-transito-chicago\/"]}]},{"@type":"ImageObject","inLanguage":"es","@id":"https:\/\/www.salvilaw.com\/es\/abogado-de-accidentes-en-transporte-publico\/autoridad-transito-chicago\/#primaryimage","url":"https:\/\/www.salvilaw.com\/wp-content\/uploads\/2018\/12\/chicago-transit-authority-accidents.jpeg","contentUrl":"https:\/\/www.salvilaw.com\/wp-content\/uploads\/2018\/12\/chicago-transit-authority-accidents.jpeg","width":240,"height":160},{"@type":"BreadcrumbList","@id":"https:\/\/www.salvilaw.com\/es\/abogado-de-accidentes-en-transporte-publico\/autoridad-transito-chicago\/#breadcrumb","itemListElement":[{"@type":"ListItem","position":1,"name":"Inicio","item":"https:\/\/www.salvilaw.com\/es\/"},{"@type":"ListItem","position":2,"name":"Abogado de accidentes en transporte p\u00fablico","item":"https:\/\/www.salvilaw.com\/es\/abogado-de-accidentes-en-transporte-publico\/"},{"@type":"ListItem","position":3,"name":"Accidentes en la Autoridad de Tr\u00e1nsito de Chicago (CTA) y Metra"}]},{"@type":"WebSite","@id":"https:\/\/www.salvilaw.com\/es\/#website","url":"https:\/\/www.salvilaw.com\/es\/","name":"Salvi, Schostok & Pritchard P.C.","description":"Your Illinois Medical Malpractice and Personal Injury Attorneys","publisher":{"@id":"https:\/\/www.salvilaw.com\/es\/#organization"},"potentialAction":[{"@type":"SearchAction","target":{"@type":"EntryPoint","urlTemplate":"https:\/\/www.salvilaw.com\/es\/?s={search_term_string}"},"query-input":{"@type":"PropertyValueSpecification","valueRequired":true,"valueName":"search_term_string"}}],"inLanguage":"es"},{"@type":"ImageObject","inLanguage":"es","@id":"https:\/\/www.salvilaw.com\/es\/abogado-de-accidentes-en-transporte-publico\/autoridad-transito-chicago\/#local-main-organization-logo","url":"https:\/\/www.salvilaw.com\/wp-content\/uploads\/2018\/11\/logo.png","contentUrl":"https:\/\/www.salvilaw.com\/wp-content\/uploads\/2018\/11\/logo.png","width":266,"height":108,"caption":"Salvi, Schostok & Pritchard P.C."}]},"geo.region":"Estados Unidos (EEUU)"},"parsely":{"version":"1.1.0","canonical_url":"https:\/\/salvilaw.com\/es\/abogado-de-accidentes-en-transporte-publico\/autoridad-transito-chicago\/","smart_links":{"inbound":0,"outbound":0},"traffic_boost_suggestions_count":0,"meta":{"@context":"https:\/\/schema.org","@type":"WebPage","headline":"Accidentes en la Autoridad de Tr\u00e1nsito de Chicago (CTA) y Metra","url":"http:\/\/www.salvilaw.com\/es\/abogado-de-accidentes-en-transporte-publico\/autoridad-transito-chicago\/","mainEntityOfPage":{"@type":"WebPage","@id":"http:\/\/www.salvilaw.com\/es\/abogado-de-accidentes-en-transporte-publico\/autoridad-transito-chicago\/"},"thumbnailUrl":"https:\/\/www.salvilaw.com\/wp-content\/uploads\/2018\/12\/chicago-transit-authority-accidents-150x150.jpeg","image":{"@type":"ImageObject","url":"https:\/\/www.salvilaw.com\/wp-content\/uploads\/2018\/12\/chicago-transit-authority-accidents.jpeg"},"articleSection":"Sin categorizar","author":[{"@type":"Person","name":"Patrick A. Salvi II"}],"creator":["Patrick A. Salvi II"],"publisher":{"@type":"Organization","name":"Salvi, Schostok &amp; Pritchard P.C.","logo":"https:\/\/www.salvilaw.com\/wp-content\/uploads\/2018\/10\/SSP-favicon.png"},"keywords":[],"dateCreated":"2018-12-11T20:18:38Z","datePublished":"2018-12-11T20:18:38Z","dateModified":"2025-12-03T17:27:11Z"},"rendered":"<script type=\"application\/ld+json\" class=\"wp-parsely-metadata\">{\"@context\":\"https:\\\/\\\/schema.org\",\"@type\":\"WebPage\",\"headline\":\"Accidentes en la Autoridad de Tr\\u00e1nsito de Chicago (CTA) y Metra\",\"url\":\"http:\\\/\\\/www.salvilaw.com\\\/es\\\/abogado-de-accidentes-en-transporte-publico\\\/autoridad-transito-chicago\\\/\",\"mainEntityOfPage\":{\"@type\":\"WebPage\",\"@id\":\"http:\\\/\\\/www.salvilaw.com\\\/es\\\/abogado-de-accidentes-en-transporte-publico\\\/autoridad-transito-chicago\\\/\"},\"thumbnailUrl\":\"https:\\\/\\\/www.salvilaw.com\\\/wp-content\\\/uploads\\\/2018\\\/12\\\/chicago-transit-authority-accidents-150x150.jpeg\",\"image\":{\"@type\":\"ImageObject\",\"url\":\"https:\\\/\\\/www.salvilaw.com\\\/wp-content\\\/uploads\\\/2018\\\/12\\\/chicago-transit-authority-accidents.jpeg\"},\"articleSection\":\"Sin categorizar\",\"author\":[{\"@type\":\"Person\",\"name\":\"Patrick A. Salvi II\"}],\"creator\":[\"Patrick A. Salvi II\"],\"publisher\":{\"@type\":\"Organization\",\"name\":\"Salvi, Schostok &amp; Pritchard P.C.\",\"logo\":\"https:\\\/\\\/www.salvilaw.com\\\/wp-content\\\/uploads\\\/2018\\\/10\\\/SSP-favicon.png\"},\"keywords\":[],\"dateCreated\":\"2018-12-11T20:18:38Z\",\"datePublished\":\"2018-12-11T20:18:38Z\",\"dateModified\":\"2025-12-03T17:27:11Z\"}<\/script>","tracker_url":"https:\/\/cdn.parsely.com\/keys\/salvilaw.com\/p.js"},"_links":{"self":[{"href":"https:\/\/www.salvilaw.com\/es\/wp-json\/wp\/v2\/pages\/2866971","targetHints":{"allow":["GET"]}}],"collection":[{"href":"https:\/\/www.salvilaw.com\/es\/wp-json\/wp\/v2\/pages"}],"about":[{"href":"https:\/\/www.salvilaw.com\/es\/wp-json\/wp\/v2\/types\/page"}],"author":[{"embeddable":true,"href":"https:\/\/www.salvilaw.com\/es\/wp-json\/wp\/v2\/users\/59"}],"replies":[{"embeddable":true,"href":"https:\/\/www.salvilaw.com\/es\/wp-json\/wp\/v2\/comments?post=2866971"}],"version-history":[{"count":0,"href":"https:\/\/www.salvilaw.com\/es\/wp-json\/wp\/v2\/pages\/2866971\/revisions"}],"up":[{"embeddable":true,"href":"https:\/\/www.salvilaw.com\/es\/wp-json\/wp\/v2\/pages\/2866069"}],"wp:featuredmedia":[{"embeddable":true,"href":"https:\/\/www.salvilaw.com\/es\/wp-json\/wp\/v2\/media\/2804435"}],"wp:attachment":[{"href":"https:\/\/www.salvilaw.com\/es\/wp-json\/wp\/v2\/media?parent=2866971"}],"curies":[{"name":"wp","href":"https:\/\/api.w.org\/{rel}","templated":true}]}}