{"id":2867949,"date":"2018-09-30T13:46:49","date_gmt":"2018-09-30T18:46:49","guid":{"rendered":"https:\/\/www.salvilaw.com\/?page_id=2867949"},"modified":"2026-04-28T07:19:14","modified_gmt":"2026-04-28T12:19:14","slug":"cuanto-tiempo-tomara-mi-caso","status":"publish","type":"page","link":"https:\/\/www.salvilaw.com\/es\/recurso-lesiones-chicago\/cuanto-tiempo-tomara-mi-caso\/","title":{"rendered":"\u00bfCu\u00e1nto tiempo tomar\u00e1 mi caso?"},"content":{"rendered":"<p>Si sus facturas se est\u00e1n acumulando despu\u00e9s de una lesi\u00f3n derivada de un accidente de auto, un caso de negligencia m\u00e9dica o una ca\u00edda por resbal\u00f3n, es posible que se pregunte: \u201c\u00bfPor qu\u00e9 mi acuerdo est\u00e1 tardando tanto?\u201d<\/p>\n<p><strong>La respuesta breve:<\/strong> aunque cada caso es \u00fanico, la mayor\u00eda de los reclamos por lesiones personales tardan entre <strong>seis meses y dos a\u00f1os<\/strong> en resolverse. Los casos simples, con responsabilidad clara, pueden resolverse en unos pocos meses, mientras que los litigios complejos que involucran lesiones graves o hechos en disputa pueden extenderse m\u00e1s all\u00e1 de tres a\u00f1os.<\/p>\n<p>A continuaci\u00f3n, le explicamos lo que necesita saber sobre el proceso de reclamo por lesiones personales y los factores que pueden afectar el tiempo de resoluci\u00f3n de su caso.<\/p>\n<p><iframe loading=\"lazy\" title=\"YouTube video player\" src=\"https:\/\/www.youtube.com\/embed\/SNlp1jdaERM?si=Dgj-O-68aBzrGO6j\" width=\"560\" height=\"315\" frameborder=\"0\" allowfullscreen=\"allowfullscreen\"><span data-mce-type=\"bookmark\" style=\"display: inline-block; width: 0px; overflow: hidden; line-height: 0;\" class=\"mce_SELRES_start\">\ufeff<\/span><span data-mce-type=\"bookmark\" style=\"display: inline-block; width: 0px; overflow: hidden; line-height: 0;\" class=\"mce_SELRES_start\">\ufeff<\/span><\/iframe><\/p>\n<h2>La importancia del apoyo legal a lo largo del proceso de reclamo por lesiones personales<\/h2>\n<p>Presentar un reclamo por lesiones personales es un proceso complejo, especialmente cuando se enfrenta a las t\u00e1cticas de las aseguradoras dise\u00f1adas para proteger sus propios intereses. Los ajustadores de seguros suelen retrasar el proceso de acuerdo del accidente solicitando documentaci\u00f3n excesiva u ofreciendo acuerdos muy bajos, con la esperanza de que usted acepte un pago r\u00e1pido por desesperaci\u00f3n.<\/p>\n<p>En situaciones como estas, contar con apoyo legal puede marcar una gran diferencia. Un <a href=\"https:\/\/www.salvilaw.com\/es\/\">abogado de lesiones personales<\/a> sabe c\u00f3mo manejar las t\u00e1cticas de las aseguradoras y exigir un trato justo. En <strong>Salvi, Schostok &amp; Pritchard P.C.<\/strong>, nos encargamos del papeleo y los plazos mientras usted se enfoca en su recuperaci\u00f3n. Nuestro objetivo es evitar retrasos innecesarios, al mismo tiempo asegur\u00e1ndonos de que el proceso no se acelere a costa de la minuciosidad. Actuar con prisa puede provocar errores o la p\u00e9rdida de oportunidades para obtener una compensaci\u00f3n mayor.<\/p>\n<h2>Cronograma de un reclamo por lesiones personales<\/h2>\n<p>El proceso de reclamo por lesiones personales implica varios pasos clave. Aunque algunos pueden superponerse, generalmente siguen este orden:<\/p>\n<ol>\n<li><b>Consulta con un abogado<\/b><span style=\"font-weight: 400;\">: el primer paso es reunirse con un abogado de lesiones personales para revisar los detalles del accidente y determinar si usted tiene un reclamo viable.<\/span><\/li>\n<li><b>Presentaci\u00f3n de la demanda y plazo de prescripci\u00f3n<\/b><span style=\"font-weight: 400;\">: su abogado se asegurar\u00e1 de que su reclamo se presente dentro del plazo de <strong>prescripci\u00f3n<\/strong> correspondiente en el estado. Este es un plazo legal estricto, por lo general de dos a\u00f1os en Illinois para casos de lesiones personales, dentro del cual debe interponer la demanda. No cumplir con este plazo suele implicar la p\u00e9rdida de su derecho a demandar, por lo que establece el ritmo inicial de su caso.<\/span><\/li>\n<li><b>Investigaci\u00f3n de su reclamo<\/b><span style=\"font-weight: 400;\">: su equipo legal recopila pruebas, como informes policiales, registros m\u00e9dicos y declaraciones de testigos, para establecer la responsabilidad y documentar el alcance total de sus lesiones.<\/span><\/li>\n<li><b>Tratamiento m\u00e9dico y recuperaci\u00f3n (MMI)<\/b><span style=\"font-weight: 400;\">: debe continuar con su tratamiento hasta alcanzar la Mejor\u00eda M\u00e9dica M\u00e1xima (MMI, por sus siglas en ingl\u00e9s). No es posible valorar con precisi\u00f3n su reclamo hasta que un m\u00e9dico confirme que su condici\u00f3n se ha estabilizado e identifique cualquier afectaci\u00f3n permanente.<\/span><\/li>\n<li><b>Negociaci\u00f3n con ajustadores de seguros<\/b><span style=\"font-weight: 400;\">: su abogado env\u00eda una carta de demanda e inicia negociaciones con la aseguradora. En ellas se discute la compensaci\u00f3n necesaria para cubrir gastos m\u00e9dicos, salarios perdidos y dolor y sufrimiento.<\/span><\/li>\n<li><b>Mediaci\u00f3n o arbitraje<\/b><span style=\"font-weight: 400;\">: si las negociaciones directas se estancan, las partes pueden recurrir a la <strong>mediaci\u00f3n o al arbitraje<\/strong>. Estas son formas de resoluci\u00f3n alternativa de disputas que funcionan como un punto intermedio entre la negociaci\u00f3n y un juicio completo. Un tercero neutral (mediador o \u00e1rbitro) ayuda a facilitar un acuerdo, lo que puede acelerar significativamente el proceso en comparaci\u00f3n con esperar una fecha en el tribunal.<\/span><\/li>\n<\/ol>\n<p><b>Litigio y juicio<\/b><span style=\"font-weight: 400;\">: si no se logra un acuerdo justo mediante la negociaci\u00f3n o la mediaci\u00f3n, su abogado se preparar\u00e1 para llevar su caso a los tribunales y presentar sus argumentos ante un juez o un jurado.<\/span><\/p>\n<h2><b>\u00bfCu\u00e1nto tiempo deber\u00eda tomar resolver un caso de lesiones personales?<\/b><\/h2>\n<p><span style=\"font-weight: 400;\">Varios factores influyen en la rapidez de su acuerdo, incluyendo la gravedad de las lesiones, las t\u00e1cticas de las aseguradoras y la complejidad del caso. Sin embargo, distintos tipos de accidentes suelen seguir diferentes plazos.<\/span><\/p>\n<h2><b>Estimaciones de tiempo seg\u00fan el tipo de caso<\/b><\/h2>\n<ul>\n<li style=\"font-weight: 400;\" aria-level=\"1\"><b>Duraci\u00f3n de un caso de accidente de auto<\/b><span style=\"font-weight: 400;\">: los reclamos por accidentes de auto sencillos, donde la responsabilidad es clara, suelen resolverse en un plazo de <strong>6 a 12 meses<\/strong>. No obstante, si existen disputas sobre qui\u00e9n caus\u00f3 el accidente o si las lesiones son catastr\u00f3ficas, el proceso puede extenderse de <strong>18 a 24 meses<\/strong>.<\/span><\/li>\n<li style=\"font-weight: 400;\" aria-level=\"1\"><b>Plazo en casos de negligencia m\u00e9dica<\/b><span style=\"font-weight: 400;\">: estos casos son inherentemente complejos y requieren una revisi\u00f3n exhaustiva por parte de expertos m\u00e9dicos. En consecuencia, suelen tardar m\u00e1s que el promedio, por lo general entre 2 y 4 a\u00f1os en resolverse.<\/span><\/li>\n<\/ul>\n<p><b>Casos de resbal\u00f3n y ca\u00edda<\/b><span style=\"font-weight: 400;\">: estos reclamos suelen depender de demostrar que el propietario del inmueble conoc\u00eda el peligro. Dependiendo de la evidencia disponible (como grabaciones de seguridad), estos casos suelen tardar entre 12 y 24 meses.<\/span><\/p>\n<h2><b>\u00bfPor qu\u00e9 una demanda tarda tanto?<\/b><\/h2>\n<p><span style=\"font-weight: 400;\">Si no se logra llegar a un acuerdo y se presenta una demanda, el tiempo del proceso queda en gran medida determinado por el sistema judicial.<\/span><\/p>\n<ul>\n<li><b>Fase de descubrimiento (discovery)<\/b><span style=\"font-weight: 400;\">: ambas partes intercambian pruebas, realizan declaraciones bajo juramento (deposiciones) y solicitan documentos. Esta etapa es fundamental para la preparaci\u00f3n del juicio, pero suele ser la m\u00e1s larga, ya que puede durar meses o incluso a\u00f1os, dependiendo de la complejidad del caso.<\/span><\/li>\n<li><b>Carga de trabajo de los tribunales<\/b><span style=\"font-weight: 400;\">: los sistemas judiciales, especialmente en grandes \u00e1reas metropolitanas como Chicago (condado de Cook), suelen tener agendas saturadas. En Illinois, el tiempo promedio desde la presentaci\u00f3n de una demanda hasta un veredicto del jurado puede oscilar entre 24 y 36 meses, simplemente debido a la acumulaci\u00f3n de casos en espera de una fecha de juicio.<\/span><\/li>\n<li><b>Mociones<\/b>: los abogados pueden presentar mociones para resolver cuestiones legales antes del juicio, lo que requiere tiempo adicional para que el juez las revise y emita una resoluci\u00f3n.<\/li>\n<\/ul>\n<p><span style=\"font-weight: 400;\">Su abogado trabajar\u00e1 dentro del sistema judicial, procurando agilizar el proceso en la medida de lo posible, mientras se asegura de que su caso reciba la atenci\u00f3n que merece.<\/span><\/p>\n<h2><b>Comun\u00edquese con nuestros abogados de lesiones personales con experiencia para una evaluaci\u00f3n gratuita de su caso<\/b><\/h2>\n<p><span style=\"font-weight: 400;\">\u00bfEst\u00e1 enfrentando las consecuencias de una lesi\u00f3n prevenible y se siente abrumado? Comun\u00edquese con <strong>Salvi, Schostok &amp; Pritchard P.C.<\/strong> para una consulta inicial gratuita. Trabajamos bajo un esquema de <strong>honorarios de contingencia<\/strong>, lo que significa que usted no paga honorarios legales a menos que ganemos su caso. Esto le permite acceder a una representaci\u00f3n legal de primer nivel sin preocuparse por costos iniciales. Con m\u00e1s de 40 a\u00f1os de experiencia en el manejo de casos de lesiones personales en Chicago, nuestros abogados han obtenido m\u00e1s de <strong>$3.5 mil millones<\/strong> en favor de nuestros clientes. <\/span><a href=\"https:\/\/www.salvilaw.com\/es\/contactenos\/\"><span style=\"font-weight: 400;\">Cont\u00e1ctenos hoy mismo<\/span><\/a><span style=\"font-weight: 400;\"> para comenzar la conversaci\u00f3n.<\/span><\/p>\n","protected":false},"excerpt":{"rendered":"<p>Si sus facturas se est\u00e1n acumulando despu\u00e9s de una lesi\u00f3n derivada de un accidente de auto, un caso de negligencia m\u00e9dica o una ca\u00edda por resbal\u00f3n, es posible que se pregunte: \u201c\u00bfPor qu\u00e9 mi acuerdo est\u00e1 tardando tanto?\u201d La respuesta breve: aunque cada caso es \u00fanico, la mayor\u00eda de los&#8230;<\/p>\n","protected":false},"author":95,"featured_media":2803957,"parent":2814776,"menu_order":73,"comment_status":"closed","ping_status":"closed","template":"","meta":{"_acf_changed":false,"footnotes":""},"class_list":["post-2867949","page","type-page","status-publish","has-post-thumbnail","hentry"],"acf":[],"yoast_head":"<!-- This site is optimized with the Yoast SEO Premium plugin v27.5 (Yoast SEO v27.5) - https:\/\/yoast.com\/product\/yoast-seo-premium-wordpress\/ -->\n<title>\u00bfCu\u00e1nto tiempo tomar\u00e1 su caso? | Salvi, Schostok &amp; Pritchard<\/title>\n<meta name=\"description\" content=\"Descubra cu\u00e1nto tarda un caso de lesiones personales, los factores clave y c\u00f3mo un abogado puede agilizar su acuerdo y maximizar el monto de su compensaci\u00f3n.\" \/>\n<meta name=\"robots\" content=\"index, follow, max-snippet:-1, max-image-preview:large, max-video-preview:-1\" \/>\n<link rel=\"canonical\" href=\"https:\/\/www.salvilaw.com\/es\/recurso-lesiones-chicago\/cuanto-tiempo-tomara-mi-caso\/\" \/>\n<meta property=\"og:locale\" content=\"es_ES\" \/>\n<meta property=\"og:type\" content=\"article\" \/>\n<meta property=\"og:title\" content=\"\u00bfCu\u00e1nto tiempo tomar\u00e1 mi caso?\" \/>\n<meta property=\"og:description\" content=\"Descubra cu\u00e1nto tarda un caso de lesiones personales, los factores clave y c\u00f3mo un abogado puede agilizar su acuerdo y maximizar el monto de su compensaci\u00f3n.\" \/>\n<meta property=\"og:url\" content=\"https:\/\/www.salvilaw.com\/es\/recurso-lesiones-chicago\/cuanto-tiempo-tomara-mi-caso\/\" \/>\n<meta property=\"og:site_name\" content=\"Salvi, Schostok &amp; Pritchard P.C.\" \/>\n<meta property=\"article:publisher\" content=\"https:\/\/www.facebook.com\/SalviLaw\/\" \/>\n<meta property=\"article:modified_time\" content=\"2026-04-28T12:19:14+00:00\" \/>\n<meta property=\"og:image\" content=\"https:\/\/www.salvilaw.com\/wp-content\/uploads\/2018\/11\/length-of-case.jpg\" \/>\n\t<meta property=\"og:image:width\" content=\"500\" \/>\n\t<meta property=\"og:image:height\" content=\"334\" \/>\n\t<meta property=\"og:image:type\" content=\"image\/jpeg\" \/>\n<meta name=\"twitter:card\" content=\"summary_large_image\" \/>\n<meta name=\"twitter:site\" content=\"@SalviLaw\" \/>\n<script type=\"application\/ld+json\" class=\"yoast-schema-graph\">{\"@context\":\"https:\\\/\\\/schema.org\",\"@graph\":[{\"@type\":\"WebPage\",\"@id\":\"https:\\\/\\\/www.salvilaw.com\\\/es\\\/recurso-lesiones-chicago\\\/cuanto-tiempo-tomara-mi-caso\\\/\",\"url\":\"https:\\\/\\\/www.salvilaw.com\\\/es\\\/recurso-lesiones-chicago\\\/cuanto-tiempo-tomara-mi-caso\\\/\",\"name\":\"\u00bfCu\u00e1nto tiempo tomar\u00e1 su caso? | Salvi, Schostok & Pritchard\",\"isPartOf\":{\"@id\":\"https:\\\/\\\/www.salvilaw.com\\\/es\\\/#website\"},\"primaryImageOfPage\":{\"@id\":\"https:\\\/\\\/www.salvilaw.com\\\/es\\\/recurso-lesiones-chicago\\\/cuanto-tiempo-tomara-mi-caso\\\/#primaryimage\"},\"image\":{\"@id\":\"https:\\\/\\\/www.salvilaw.com\\\/es\\\/recurso-lesiones-chicago\\\/cuanto-tiempo-tomara-mi-caso\\\/#primaryimage\"},\"thumbnailUrl\":\"https:\\\/\\\/www.salvilaw.com\\\/wp-content\\\/uploads\\\/2018\\\/11\\\/length-of-case.jpg\",\"datePublished\":\"2018-09-30T18:46:49+00:00\",\"dateModified\":\"2026-04-28T12:19:14+00:00\",\"description\":\"Descubra cu\u00e1nto tarda un caso de lesiones personales, los factores clave y c\u00f3mo un abogado puede agilizar su acuerdo y maximizar el monto de su compensaci\u00f3n.\",\"breadcrumb\":{\"@id\":\"https:\\\/\\\/www.salvilaw.com\\\/es\\\/recurso-lesiones-chicago\\\/cuanto-tiempo-tomara-mi-caso\\\/#breadcrumb\"},\"inLanguage\":\"es\",\"potentialAction\":[{\"@type\":\"ReadAction\",\"target\":[\"https:\\\/\\\/www.salvilaw.com\\\/es\\\/recurso-lesiones-chicago\\\/cuanto-tiempo-tomara-mi-caso\\\/\"]}]},{\"@type\":\"ImageObject\",\"inLanguage\":\"es\",\"@id\":\"https:\\\/\\\/www.salvilaw.com\\\/es\\\/recurso-lesiones-chicago\\\/cuanto-tiempo-tomara-mi-caso\\\/#primaryimage\",\"url\":\"https:\\\/\\\/www.salvilaw.com\\\/wp-content\\\/uploads\\\/2018\\\/11\\\/length-of-case.jpg\",\"contentUrl\":\"https:\\\/\\\/www.salvilaw.com\\\/wp-content\\\/uploads\\\/2018\\\/11\\\/length-of-case.jpg\",\"width\":500,\"height\":334,\"caption\":\"Chicago length of case\"},{\"@type\":\"BreadcrumbList\",\"@id\":\"https:\\\/\\\/www.salvilaw.com\\\/es\\\/recurso-lesiones-chicago\\\/cuanto-tiempo-tomara-mi-caso\\\/#breadcrumb\",\"itemListElement\":[{\"@type\":\"ListItem\",\"position\":1,\"name\":\"Inicio\",\"item\":\"https:\\\/\\\/www.salvilaw.com\\\/es\\\/\"},{\"@type\":\"ListItem\",\"position\":2,\"name\":\"Lesiones Personales\",\"item\":\"https:\\\/\\\/www.salvilaw.com\\\/es\\\/recurso-lesiones-chicago\\\/\"},{\"@type\":\"ListItem\",\"position\":3,\"name\":\"\u00bfCu\u00e1nto tiempo tomar\u00e1 mi caso?\"}]},{\"@type\":\"WebSite\",\"@id\":\"https:\\\/\\\/www.salvilaw.com\\\/es\\\/#website\",\"url\":\"https:\\\/\\\/www.salvilaw.com\\\/es\\\/\",\"name\":\"Salvi, Schostok & Pritchard P.C.\",\"description\":\"Your Illinois Medical Malpractice and Personal Injury Attorneys\",\"publisher\":{\"@id\":\"https:\\\/\\\/www.salvilaw.com\\\/es\\\/#organization\"},\"potentialAction\":[{\"@type\":\"SearchAction\",\"target\":{\"@type\":\"EntryPoint\",\"urlTemplate\":\"https:\\\/\\\/www.salvilaw.com\\\/es\\\/?s={search_term_string}\"},\"query-input\":{\"@type\":\"PropertyValueSpecification\",\"valueRequired\":true,\"valueName\":\"search_term_string\"}}],\"inLanguage\":\"es\"},{\"@type\":\"ImageObject\",\"inLanguage\":\"es\",\"@id\":\"https:\\\/\\\/www.salvilaw.com\\\/es\\\/recurso-lesiones-chicago\\\/cuanto-tiempo-tomara-mi-caso\\\/#local-main-organization-logo\",\"url\":\"https:\\\/\\\/www.salvilaw.com\\\/wp-content\\\/uploads\\\/2018\\\/11\\\/logo.png\",\"contentUrl\":\"https:\\\/\\\/www.salvilaw.com\\\/wp-content\\\/uploads\\\/2018\\\/11\\\/logo.png\",\"width\":266,\"height\":108,\"caption\":\"Salvi, Schostok & Pritchard P.C.\"}]}<\/script>\n<meta name=\"geo.region\" content=\"Estados Unidos (EEUU)\" \/>\n<!-- \/ Yoast SEO Premium plugin. -->","yoast_head_json":{"title":"\u00bfCu\u00e1nto tiempo tomar\u00e1 su caso? | Salvi, Schostok & Pritchard","description":"Descubra cu\u00e1nto tarda un caso de lesiones personales, los factores clave y c\u00f3mo un abogado puede agilizar su acuerdo y maximizar el monto de su compensaci\u00f3n.","robots":{"index":"index","follow":"follow","max-snippet":"max-snippet:-1","max-image-preview":"max-image-preview:large","max-video-preview":"max-video-preview:-1"},"canonical":"https:\/\/www.salvilaw.com\/es\/recurso-lesiones-chicago\/cuanto-tiempo-tomara-mi-caso\/","og_locale":"es_ES","og_type":"article","og_title":"\u00bfCu\u00e1nto tiempo tomar\u00e1 mi caso?","og_description":"Descubra cu\u00e1nto tarda un caso de lesiones personales, los factores clave y c\u00f3mo un abogado puede agilizar su acuerdo y maximizar el monto de su compensaci\u00f3n.","og_url":"https:\/\/www.salvilaw.com\/es\/recurso-lesiones-chicago\/cuanto-tiempo-tomara-mi-caso\/","og_site_name":"Salvi, Schostok &amp; Pritchard P.C.","article_publisher":"https:\/\/www.facebook.com\/SalviLaw\/","article_modified_time":"2026-04-28T12:19:14+00:00","og_image":[{"width":500,"height":334,"url":"https:\/\/www.salvilaw.com\/wp-content\/uploads\/2018\/11\/length-of-case.jpg","type":"image\/jpeg"}],"twitter_card":"summary_large_image","twitter_site":"@SalviLaw","schema":{"@context":"https:\/\/schema.org","@graph":[{"@type":"WebPage","@id":"https:\/\/www.salvilaw.com\/es\/recurso-lesiones-chicago\/cuanto-tiempo-tomara-mi-caso\/","url":"https:\/\/www.salvilaw.com\/es\/recurso-lesiones-chicago\/cuanto-tiempo-tomara-mi-caso\/","name":"\u00bfCu\u00e1nto tiempo tomar\u00e1 su caso? | Salvi, Schostok & Pritchard","isPartOf":{"@id":"https:\/\/www.salvilaw.com\/es\/#website"},"primaryImageOfPage":{"@id":"https:\/\/www.salvilaw.com\/es\/recurso-lesiones-chicago\/cuanto-tiempo-tomara-mi-caso\/#primaryimage"},"image":{"@id":"https:\/\/www.salvilaw.com\/es\/recurso-lesiones-chicago\/cuanto-tiempo-tomara-mi-caso\/#primaryimage"},"thumbnailUrl":"https:\/\/www.salvilaw.com\/wp-content\/uploads\/2018\/11\/length-of-case.jpg","datePublished":"2018-09-30T18:46:49+00:00","dateModified":"2026-04-28T12:19:14+00:00","description":"Descubra cu\u00e1nto tarda un caso de lesiones personales, los factores clave y c\u00f3mo un abogado puede agilizar su acuerdo y maximizar el monto de su compensaci\u00f3n.","breadcrumb":{"@id":"https:\/\/www.salvilaw.com\/es\/recurso-lesiones-chicago\/cuanto-tiempo-tomara-mi-caso\/#breadcrumb"},"inLanguage":"es","potentialAction":[{"@type":"ReadAction","target":["https:\/\/www.salvilaw.com\/es\/recurso-lesiones-chicago\/cuanto-tiempo-tomara-mi-caso\/"]}]},{"@type":"ImageObject","inLanguage":"es","@id":"https:\/\/www.salvilaw.com\/es\/recurso-lesiones-chicago\/cuanto-tiempo-tomara-mi-caso\/#primaryimage","url":"https:\/\/www.salvilaw.com\/wp-content\/uploads\/2018\/11\/length-of-case.jpg","contentUrl":"https:\/\/www.salvilaw.com\/wp-content\/uploads\/2018\/11\/length-of-case.jpg","width":500,"height":334,"caption":"Chicago length of case"},{"@type":"BreadcrumbList","@id":"https:\/\/www.salvilaw.com\/es\/recurso-lesiones-chicago\/cuanto-tiempo-tomara-mi-caso\/#breadcrumb","itemListElement":[{"@type":"ListItem","position":1,"name":"Inicio","item":"https:\/\/www.salvilaw.com\/es\/"},{"@type":"ListItem","position":2,"name":"Lesiones Personales","item":"https:\/\/www.salvilaw.com\/es\/recurso-lesiones-chicago\/"},{"@type":"ListItem","position":3,"name":"\u00bfCu\u00e1nto tiempo tomar\u00e1 mi caso?"}]},{"@type":"WebSite","@id":"https:\/\/www.salvilaw.com\/es\/#website","url":"https:\/\/www.salvilaw.com\/es\/","name":"Salvi, Schostok & Pritchard P.C.","description":"Your Illinois Medical Malpractice and Personal Injury Attorneys","publisher":{"@id":"https:\/\/www.salvilaw.com\/es\/#organization"},"potentialAction":[{"@type":"SearchAction","target":{"@type":"EntryPoint","urlTemplate":"https:\/\/www.salvilaw.com\/es\/?s={search_term_string}"},"query-input":{"@type":"PropertyValueSpecification","valueRequired":true,"valueName":"search_term_string"}}],"inLanguage":"es"},{"@type":"ImageObject","inLanguage":"es","@id":"https:\/\/www.salvilaw.com\/es\/recurso-lesiones-chicago\/cuanto-tiempo-tomara-mi-caso\/#local-main-organization-logo","url":"https:\/\/www.salvilaw.com\/wp-content\/uploads\/2018\/11\/logo.png","contentUrl":"https:\/\/www.salvilaw.com\/wp-content\/uploads\/2018\/11\/logo.png","width":266,"height":108,"caption":"Salvi, Schostok & Pritchard P.C."}]},"geo.region":"Estados Unidos (EEUU)"},"parsely":{"version":"1.1.0","canonical_url":"https:\/\/salvilaw.com\/es\/recurso-lesiones-chicago\/cuanto-tiempo-tomara-mi-caso\/","smart_links":{"inbound":0,"outbound":0},"traffic_boost_suggestions_count":0,"meta":{"@context":"https:\/\/schema.org","@type":"WebPage","headline":"\u00bfCu\u00e1nto tiempo tomar\u00e1 mi caso?","url":"http:\/\/www.salvilaw.com\/es\/recurso-lesiones-chicago\/cuanto-tiempo-tomara-mi-caso\/","mainEntityOfPage":{"@type":"WebPage","@id":"http:\/\/www.salvilaw.com\/es\/recurso-lesiones-chicago\/cuanto-tiempo-tomara-mi-caso\/"},"thumbnailUrl":"https:\/\/www.salvilaw.com\/wp-content\/uploads\/2018\/11\/length-of-case-150x150.jpg","image":{"@type":"ImageObject","url":"https:\/\/www.salvilaw.com\/wp-content\/uploads\/2018\/11\/length-of-case.jpg"},"articleSection":"Sin categorizar","author":[{"@type":"Person","name":"Joan Quisay"}],"creator":["Joan Quisay"],"publisher":{"@type":"Organization","name":"Salvi, Schostok &amp; Pritchard P.C.","logo":"https:\/\/www.salvilaw.com\/wp-content\/uploads\/2018\/10\/SSP-favicon.png"},"keywords":[],"dateCreated":"2018-09-30T18:46:49Z","datePublished":"2018-09-30T18:46:49Z","dateModified":"2026-04-28T12:19:14Z"},"rendered":"<script type=\"application\/ld+json\" class=\"wp-parsely-metadata\">{\"@context\":\"https:\\\/\\\/schema.org\",\"@type\":\"WebPage\",\"headline\":\"\\u00bfCu\\u00e1nto tiempo tomar\\u00e1 mi caso?\",\"url\":\"http:\\\/\\\/www.salvilaw.com\\\/es\\\/recurso-lesiones-chicago\\\/cuanto-tiempo-tomara-mi-caso\\\/\",\"mainEntityOfPage\":{\"@type\":\"WebPage\",\"@id\":\"http:\\\/\\\/www.salvilaw.com\\\/es\\\/recurso-lesiones-chicago\\\/cuanto-tiempo-tomara-mi-caso\\\/\"},\"thumbnailUrl\":\"https:\\\/\\\/www.salvilaw.com\\\/wp-content\\\/uploads\\\/2018\\\/11\\\/length-of-case-150x150.jpg\",\"image\":{\"@type\":\"ImageObject\",\"url\":\"https:\\\/\\\/www.salvilaw.com\\\/wp-content\\\/uploads\\\/2018\\\/11\\\/length-of-case.jpg\"},\"articleSection\":\"Sin categorizar\",\"author\":[{\"@type\":\"Person\",\"name\":\"Joan Quisay\"}],\"creator\":[\"Joan Quisay\"],\"publisher\":{\"@type\":\"Organization\",\"name\":\"Salvi, Schostok &amp; Pritchard P.C.\",\"logo\":\"https:\\\/\\\/www.salvilaw.com\\\/wp-content\\\/uploads\\\/2018\\\/10\\\/SSP-favicon.png\"},\"keywords\":[],\"dateCreated\":\"2018-09-30T18:46:49Z\",\"datePublished\":\"2018-09-30T18:46:49Z\",\"dateModified\":\"2026-04-28T12:19:14Z\"}<\/script>","tracker_url":"https:\/\/cdn.parsely.com\/keys\/salvilaw.com\/p.js"},"_links":{"self":[{"href":"https:\/\/www.salvilaw.com\/es\/wp-json\/wp\/v2\/pages\/2867949","targetHints":{"allow":["GET"]}}],"collection":[{"href":"https:\/\/www.salvilaw.com\/es\/wp-json\/wp\/v2\/pages"}],"about":[{"href":"https:\/\/www.salvilaw.com\/es\/wp-json\/wp\/v2\/types\/page"}],"author":[{"embeddable":true,"href":"https:\/\/www.salvilaw.com\/es\/wp-json\/wp\/v2\/users\/95"}],"replies":[{"embeddable":true,"href":"https:\/\/www.salvilaw.com\/es\/wp-json\/wp\/v2\/comments?post=2867949"}],"version-history":[{"count":0,"href":"https:\/\/www.salvilaw.com\/es\/wp-json\/wp\/v2\/pages\/2867949\/revisions"}],"up":[{"embeddable":true,"href":"https:\/\/www.salvilaw.com\/es\/wp-json\/wp\/v2\/pages\/2814776"}],"wp:featuredmedia":[{"embeddable":true,"href":"https:\/\/www.salvilaw.com\/es\/wp-json\/wp\/v2\/media\/2803957"}],"wp:attachment":[{"href":"https:\/\/www.salvilaw.com\/es\/wp-json\/wp\/v2\/media?parent=2867949"}],"curies":[{"name":"wp","href":"https:\/\/api.w.org\/{rel}","templated":true}]}}