{"id":2868060,"date":"2018-09-30T13:47:07","date_gmt":"2018-09-30T18:47:07","guid":{"rendered":"https:\/\/www.salvilaw.com\/?page_id=2868060"},"modified":"2026-04-29T08:38:47","modified_gmt":"2026-04-29T13:38:47","slug":"que-es-un-acuerdo-extrajudicial","status":"publish","type":"page","link":"https:\/\/www.salvilaw.com\/es\/recurso-lesiones-chicago\/que-es-un-acuerdo-extrajudicial\/","title":{"rendered":"\u00bfQu\u00e9 es un acuerdo extrajudicial?"},"content":{"rendered":"<p><span style=\"font-weight: 400;\">Un <strong>acuerdo extrajudicial por lesiones personales<\/strong> es una resoluci\u00f3n formal entre la parte lesionada y los responsables del da\u00f1o. Cuando una persona sufre lesiones debido a la negligencia de otra, un acuerdo extrajudicial se refiere a la compensaci\u00f3n que la parte culpable proporciona para restablecer a la persona lesionada. Este convenio legal permite que ambas partes involucradas resuelvan su disputa sin someterse a un proceso judicial prolongado.<\/span><\/p>\n<p><span style=\"font-weight: 400;\">Ya sea que decida llegar a un acuerdo extrajudicial o iniciar un litigio, los abogados con experiencia de <strong>Salvi, Schostok &amp; Pritchard P.C.<\/strong> estar\u00e1n con usted en cada paso del proceso. Hemos recuperado m\u00e1s de <\/span><strong><a href=\"https:\/\/www.salvilaw.com\/case-results\/\">3.500 millones<\/a><\/strong><span style=\"font-weight: 400;\"> para nuestros clientes, incluidos m\u00e1s de 400 veredictos y acuerdos extrajudiciales de 1 mill\u00f3n o m\u00e1s. Obtuvimos el veredicto compensatorio m\u00e1s alto otorgado a un demandante individual en la historia de Illinois. Nuestro equipo de m\u00e1s de 20 litigantes especializados y m\u00e1s de 35 miembros del personal de apoyo puede brindarle la atenci\u00f3n y el cuidado que merece.<\/span><\/p>\n<p><span style=\"font-weight: 400;\">Cuando elige nuestra firma, trabaja con abogados que comprenden las complejidades del derecho de <\/span><strong><a href=\"https:\/\/www.salvilaw.com\/es\/\">lesiones personales<\/a><\/strong><span style=\"font-weight: 400;\"> y tienen la experiencia necesaria para maximizar su compensaci\u00f3n. Si bien muchos casos se resuelven sin presentar una demanda, preparamos cada caso como si fuera a ir a juicio, lo que garantiza la posici\u00f3n negociadora m\u00e1s s\u00f3lida posible.<\/span><\/p>\n<h2><b>\u00bfQu\u00e9 es un acuerdo extrajudicial en un caso de lesiones personales?<\/b><\/h2>\n<p><span style=\"font-weight: 400;\">Cuando una persona sufre lesiones debido a la negligencia de otra, tiene el derecho de buscar compensaci\u00f3n por sus p\u00e9rdidas. Un acuerdo extrajudicial se produce cuando la parte responsable o su aseguradora acepta pagar una cantidad espec\u00edfica a la persona lesionada. Esta resoluci\u00f3n generalmente ocurre antes o durante el proceso formal de litigaci\u00f3n, lo que elimina la necesidad de un juicio.<\/span><\/p>\n<p><span style=\"font-weight: 400;\">Si las partes no llegan a un acuerdo extrajudicial en ning\u00fan momento, las v\u00edctimas de lesiones personales pueden presentar demandas para obtener una compensaci\u00f3n ante el tribunal. En estas situaciones, el juez o el jurado emite un veredicto despu\u00e9s del juicio. Si fallan a favor de la parte lesionada (el demandante), determinar\u00e1n la cantidad apropiada que se le otorgar\u00e1 por las p\u00e9rdidas relacionadas con su lesi\u00f3n. Los demandados son responsables de pagar estos da\u00f1os y perjuicios. Si el tribunal falla a favor del demandado, la parte lesionada no recibir\u00e1 nada.<\/span><\/p>\n<h2><b>Beneficios de un acuerdo extrajudicial<\/b><\/h2>\n<p><span style=\"font-weight: 400;\">La mayor\u00eda de los acuerdos extrajudiciales ofrecen varias ventajas sobre llevar un caso a juicio. En primer lugar, los acuerdos extrajudiciales proporcionan una compensaci\u00f3n m\u00e1s r\u00e1pida a las personas lesionadas que necesitan apoyo financiero inmediato para cubrir facturas m\u00e9dicas y salarios perdidos. Adem\u00e1s, los acuerdos <\/span><span style=\"font-weight: 400;\">extrajudiciales eliminan la incertidumbre de un veredicto judicial y otorgan a las partes lesionadas un mayor control sobre el resultado de su caso.<\/span><\/p>\n<p><span style=\"font-weight: 400;\">Un acuerdo extrajudicial generalmente ofrece:<\/span><\/p>\n<ul>\n<li><span style=\"font-weight: 400;\">Compensaci\u00f3n garantizada sin el riesgo de un veredicto desfavorable del jurado<\/span><\/li>\n<li><span style=\"font-weight: 400;\">Resoluci\u00f3n m\u00e1s r\u00e1pida en comparaci\u00f3n con los prolongados procedimientos judiciales<\/span><\/li>\n<li><span style=\"font-weight: 400;\">Menores costos legales y honorarios al evitar la costosa preparaci\u00f3n de un juicio<\/span><\/li>\n<li><span style=\"font-weight: 400;\">Privacidad, ya que los t\u00e9rminos del acuerdo extrajudicial pueden permanecer confidenciales<\/span><\/li>\n<li><span style=\"font-weight: 400;\">Reducci\u00f3n del estr\u00e9s al evitar los procedimientos judiciales<\/span><\/li>\n<\/ul>\n<p><span style=\"font-weight: 400;\">Los t\u00e9rminos exactos de los acuerdos extrajudiciales dictan la cantidad de dinero que recibir\u00e1 la v\u00edctima de la lesi\u00f3n y la forma en que se le pagar\u00e1. Por ejemplo, algunos acuerdos extrajudiciales estipulan que la compensaci\u00f3n debe pagarse en un pago \u00fanico, mientras que otros se pagan mediante anualidades.<\/span><\/p>\n<p><span style=\"font-weight: 400;\">La mayor\u00eda de los casos de lesiones personales se resuelven mediante acuerdos extrajudiciales. Sin embargo, trabajar con un abogado especializado en lesiones personales es fundamental para proteger sus derechos e intereses durante el proceso de negociaci\u00f3n. Adem\u00e1s, las aseguradoras suelen estar m\u00e1s dispuestas a ofrecer un acuerdo extrajudicial justo si saben que la parte lesionada cuenta con un litigante experimentado y competente de su lado, que no teme llevar el caso a juicio.<\/span><\/p>\n<h2><b>C\u00f3mo negociar un acuerdo extrajudicial por lesiones personales<\/b><\/h2>\n<p><span style=\"font-weight: 400;\">Una negociaci\u00f3n exitosa requiere una documentaci\u00f3n exhaustiva de sus lesiones y p\u00e9rdidas, as\u00ed como pruebas s\u00f3lidas de respaldo. Cuando la parte contraria hace una oferta de acuerdo extrajudicial, un abogado con experiencia puede evaluarla y compararla con el valor real de las p\u00e9rdidas de su cliente para evitar llegar a un acuerdo por menos de lo que vale su caso. Un equipo legal eficaz preparar\u00e1 cada caso mediante:<\/span><\/p>\n<h2><b>Recopilaci\u00f3n de documentaci\u00f3n m\u00e9dica y facturas exhaustivas<\/b><\/h2>\n<p><span style=\"font-weight: 400;\">Su abogado re\u00fane todos los registros m\u00e9dicos, facturas y planes de tratamiento para establecer el alcance total de sus lesiones. Esto incluye registros de urgencias, informes quir\u00fargicos, registros de rehabilitaci\u00f3n, listas de medicamentos y requisitos de tratamiento continuo. Su equipo legal realiza un an\u00e1lisis detallado de todos los costos m\u00e9dicos, como:<\/span><\/p>\n<ul>\n<li><span style=\"font-weight: 400;\">Hospitalizaciones<\/span><\/li>\n<li><span style=\"font-weight: 400;\">Cirug\u00edas<\/span><\/li>\n<li><span style=\"font-weight: 400;\">Medicamentos<\/span><\/li>\n<li><span style=\"font-weight: 400;\">Rehabilitaci\u00f3n<\/span><\/li>\n<li><span style=\"font-weight: 400;\">Equipos m\u00e9dicos<\/span><\/li>\n<\/ul>\n<p><span style=\"font-weight: 400;\">Sus abogados tambi\u00e9n pueden trabajar con expertos m\u00e9dicos para documentar cualquier necesidad m\u00e9dica futura relacionada con sus lesiones, como necesidades de atenci\u00f3n a largo plazo, cirug\u00edas futuras y requisitos terap\u00e9uticos continuos.<\/span><\/p>\n<h2><b>Documentaci\u00f3n de salarios perdidos y disminuci\u00f3n de la capacidad de generar ingresos<\/b><\/h2>\n<p><span style=\"font-weight: 400;\">Sus abogados recopilan registros de empleo, talones de pago y declaraciones de impuestos para calcular los ingresos que ha dejado de percibir. En casos que involucran discapacidades a largo plazo o permanentes, pueden trabajar con expertos econ\u00f3micos para determinar el impacto en su potencial de ingresos futuros, incluidos los beneficios perdidos, los ascensos y las oportunidades de desarrollo profesional.<\/span><\/p>\n<h2><b>Recopilaci\u00f3n de pruebas y evaluaci\u00f3n de la responsabilidad<\/b><\/h2>\n<p><span style=\"font-weight: 400;\">Su abogado de lesiones re\u00fane informes policiales, material de vigilancia, fotograf\u00edas, declaraciones de testigos y pruebas f\u00edsicas del lugar del incidente.<\/span><\/p>\n<h2><b>Trabajo con testigos expertos<\/b><\/h2>\n<p><span style=\"font-weight: 400;\">Sus abogados pueden colaborar con especialistas m\u00e9dicos, planificadores de atenci\u00f3n vitalicia, economistas y otros expertos relevantes que pueden proporcionar testimonio profesional sobre sus lesiones, la atenci\u00f3n futura necesaria y el impacto financiero de la lesi\u00f3n en su vida. Estos expertos refuerzan sus reclamos legales al proporcionar una verificaci\u00f3n independiente y cre\u00edble de sus p\u00e9rdidas.<\/span><\/p>\n<h2><b>Determinaci\u00f3n del valor total de las p\u00e9rdidas intangibles<\/b><\/h2>\n<p><span style=\"font-weight: 400;\">Su equipo legal eval\u00faa a detalle el impacto de sus lesiones en su calidad de vida, incluidos el dolor f\u00edsico, el sufrimiento emocional, la angustia mental, la p\u00e9rdida del disfrute de la vida y los cambios en las relaciones personales. Esta evaluaci\u00f3n ayuda a garantizar que usted reciba una compensaci\u00f3n justa tanto por las p\u00e9rdidas tangibles como por las intangibles.<\/span><\/p>\n<p><span style=\"font-weight: 400;\">Los abogados de lesiones personales y las aseguradoras pueden intercambiar propuestas varias veces antes de que las partes acuerden una cifra justa para resolver el reclamo.<\/span><\/p>\n<h2><b>Monto promedio de los acuerdos extrajudiciales por lesiones personales en Chicago<\/b><\/h2>\n<p><span style=\"font-weight: 400;\">Los montos de los acuerdos extrajudiciales en Chicago var\u00edan significativamente en funci\u00f3n de factores como la gravedad de las lesiones, la claridad de la responsabilidad y la cobertura de seguros disponible. Si bien cada caso es \u00fanico, el historial de nuestra firma en la recuperaci\u00f3n de m\u00e1s de 3.500 millones para nuestros clientes demuestra nuestra capacidad para obtener compensaciones sustanciales para las personas lesionadas.<\/span><\/p>\n<h2><b>Ejemplos de acuerdos extrajudiciales por lesiones personales<\/b><\/h2>\n<p><span style=\"font-weight: 400;\">El compromiso de nuestra firma de maximizar la compensaci\u00f3n de nuestros clientes es evidente en nuestros resultados recientes, que incluyen:<\/span><\/p>\n<ul>\n<li><span style=\"font-weight: 400;\">Acuerdo extrajudicial de 45 millones por colisi\u00f3n de veh\u00edculos de motor<\/span><\/li>\n<li><span style=\"font-weight: 400;\">Acuerdo extrajudicial de 27,5 millones por negligencia m\u00e9dica<\/span><\/li>\n<li><span style=\"font-weight: 400;\">Acuerdo extrajudicial de 20,65 millones por lesiones personales<\/span><\/li>\n<\/ul>\n<p><span style=\"font-weight: 400;\">Estos resultados demuestran nuestra capacidad para obtener acuerdos extrajudiciales para nuestros clientes, aunque los resultados pasados no garantizan resultados futuros.<\/span><\/p>\n<h2><b>Cont\u00e1ctenos hoy para una revisi\u00f3n gratuita de su caso<\/b><\/h2>\n<p><img loading=\"lazy\" decoding=\"async\" class=\"aligncenter\" src=\"https:\/\/lh3.googleusercontent.com\/p\/AF1QipPuvZy3hkSSguXxe1t95LeJJyHrpwWxmt3Ld3Ci=s680-w680-h510\" alt=\"personal injury lawyer in Chicago\" width=\"587\" height=\"289\" \/><br \/>\n<span style=\"font-weight: 400;\">Si usted o un ser querido ha sufrido lesiones debido a la negligencia o conducta indebida<\/span><\/p>\n<p><span style=\"font-weight: 400;\">de otra persona, el equipo legal con experiencia de <\/span><strong><a href=\"https:\/\/www.salvilaw.com\/es\/\">Salvi, Schostok &amp; Pritchard P.C.<\/a><\/strong><span style=\"font-weight: 400;\"> est\u00e1 aqu\u00ed para ayudarle. Contamos con amplios recursos para investigar y litigar casos, lo que garantiza que cada detalle sea examinado y que se explore cada posible v\u00eda de \u00e9xito.<\/span><\/p>\n<p><span style=\"font-weight: 400;\">Ofrecemos consultas gratuitas para analizar su caso y sus opciones legales. Nuestro equipo dedicado evaluar\u00e1 minuciosamente su caso, le explicar\u00e1 sus derechos y desarrollar\u00e1 un plan estrat\u00e9gico para buscar la m\u00e1xima compensaci\u00f3n por sus lesiones. Adem\u00e1s, solo cobraremos honorarios una vez que hayamos obtenido una compensaci\u00f3n en su nombre. <a href=\"https:\/\/www.salvilaw.com\/es\/contactenos\/\">Cont\u00e1ctenos en Salvi, Schostok &amp; Pritchard P.C.<\/a> hoy mismo para su consulta gratuita y descubra c\u00f3mo podemos ayudarle a obtener el acuerdo extrajudicial que merece.<\/span><\/p>\n","protected":false},"excerpt":{"rendered":"<p>Un acuerdo extrajudicial por lesiones personales es una resoluci\u00f3n formal entre la parte lesionada y los responsables del da\u00f1o. Cuando una persona sufre lesiones debido a la negligencia de otra, un acuerdo extrajudicial se refiere a la compensaci\u00f3n que la parte culpable proporciona para restablecer a la persona lesionada. Este&#8230;<\/p>\n","protected":false},"author":95,"featured_media":2805491,"parent":2814776,"menu_order":74,"comment_status":"closed","ping_status":"closed","template":"","meta":{"_acf_changed":false,"footnotes":""},"class_list":["post-2868060","page","type-page","status-publish","has-post-thumbnail","hentry"],"acf":[],"yoast_head":"<!-- This site is optimized with the Yoast SEO Premium plugin v27.5 (Yoast SEO v27.5) - https:\/\/yoast.com\/product\/yoast-seo-premium-wordpress\/ -->\n<title>\u00bfQu\u00e9 es un acuerdo extrajudicial?<\/title>\n<meta name=\"description\" content=\"Un acuerdo extrajudicial por lesiones personales es una resoluci\u00f3n formal entre la parte lesionada y los responsables del da\u00f1o. Cuando una persona sufre\" \/>\n<meta name=\"robots\" content=\"index, follow, max-snippet:-1, max-image-preview:large, max-video-preview:-1\" \/>\n<link rel=\"canonical\" href=\"https:\/\/www.salvilaw.com\/es\/recurso-lesiones-chicago\/que-es-un-acuerdo-extrajudicial\/\" \/>\n<meta property=\"og:locale\" content=\"es_ES\" \/>\n<meta property=\"og:type\" content=\"article\" \/>\n<meta property=\"og:title\" content=\"\u00bfQu\u00e9 es un acuerdo extrajudicial?\" \/>\n<meta property=\"og:description\" content=\"Un acuerdo extrajudicial por lesiones personales es una resoluci\u00f3n formal entre la parte lesionada y los responsables del da\u00f1o. Cuando una persona sufre\" \/>\n<meta property=\"og:url\" content=\"https:\/\/www.salvilaw.com\/es\/recurso-lesiones-chicago\/que-es-un-acuerdo-extrajudicial\/\" \/>\n<meta property=\"og:site_name\" content=\"Salvi, Schostok &amp; Pritchard P.C.\" \/>\n<meta property=\"article:publisher\" content=\"https:\/\/www.facebook.com\/SalviLaw\/\" \/>\n<meta property=\"article:modified_time\" content=\"2026-04-29T13:38:47+00:00\" \/>\n<meta property=\"og:image\" content=\"https:\/\/www.salvilaw.com\/wp-content\/uploads\/2022\/09\/Rectangle-392.jpg\" \/>\n\t<meta property=\"og:image:width\" content=\"743\" \/>\n\t<meta property=\"og:image:height\" content=\"296\" \/>\n\t<meta property=\"og:image:type\" content=\"image\/jpeg\" \/>\n<meta name=\"twitter:card\" content=\"summary_large_image\" \/>\n<meta name=\"twitter:site\" content=\"@SalviLaw\" \/>\n<script type=\"application\/ld+json\" class=\"yoast-schema-graph\">{\"@context\":\"https:\\\/\\\/schema.org\",\"@graph\":[{\"@type\":\"WebPage\",\"@id\":\"https:\\\/\\\/www.salvilaw.com\\\/es\\\/recurso-lesiones-chicago\\\/que-es-un-acuerdo-extrajudicial\\\/\",\"url\":\"https:\\\/\\\/www.salvilaw.com\\\/es\\\/recurso-lesiones-chicago\\\/que-es-un-acuerdo-extrajudicial\\\/\",\"name\":\"\u00bfQu\u00e9 es un acuerdo extrajudicial?\",\"isPartOf\":{\"@id\":\"https:\\\/\\\/www.salvilaw.com\\\/es\\\/#website\"},\"primaryImageOfPage\":{\"@id\":\"https:\\\/\\\/www.salvilaw.com\\\/es\\\/recurso-lesiones-chicago\\\/que-es-un-acuerdo-extrajudicial\\\/#primaryimage\"},\"image\":{\"@id\":\"https:\\\/\\\/www.salvilaw.com\\\/es\\\/recurso-lesiones-chicago\\\/que-es-un-acuerdo-extrajudicial\\\/#primaryimage\"},\"thumbnailUrl\":\"https:\\\/\\\/www.salvilaw.com\\\/wp-content\\\/uploads\\\/2022\\\/09\\\/Rectangle-392.jpg\",\"datePublished\":\"2018-09-30T18:47:07+00:00\",\"dateModified\":\"2026-04-29T13:38:47+00:00\",\"description\":\"Un acuerdo extrajudicial por lesiones personales es una resoluci\u00f3n formal entre la parte lesionada y los responsables del da\u00f1o. Cuando una persona sufre\",\"breadcrumb\":{\"@id\":\"https:\\\/\\\/www.salvilaw.com\\\/es\\\/recurso-lesiones-chicago\\\/que-es-un-acuerdo-extrajudicial\\\/#breadcrumb\"},\"inLanguage\":\"es\",\"potentialAction\":[{\"@type\":\"ReadAction\",\"target\":[\"https:\\\/\\\/www.salvilaw.com\\\/es\\\/recurso-lesiones-chicago\\\/que-es-un-acuerdo-extrajudicial\\\/\"]}]},{\"@type\":\"ImageObject\",\"inLanguage\":\"es\",\"@id\":\"https:\\\/\\\/www.salvilaw.com\\\/es\\\/recurso-lesiones-chicago\\\/que-es-un-acuerdo-extrajudicial\\\/#primaryimage\",\"url\":\"https:\\\/\\\/www.salvilaw.com\\\/wp-content\\\/uploads\\\/2022\\\/09\\\/Rectangle-392.jpg\",\"contentUrl\":\"https:\\\/\\\/www.salvilaw.com\\\/wp-content\\\/uploads\\\/2022\\\/09\\\/Rectangle-392.jpg\",\"width\":743,\"height\":296,\"caption\":\"Settlement\"},{\"@type\":\"BreadcrumbList\",\"@id\":\"https:\\\/\\\/www.salvilaw.com\\\/es\\\/recurso-lesiones-chicago\\\/que-es-un-acuerdo-extrajudicial\\\/#breadcrumb\",\"itemListElement\":[{\"@type\":\"ListItem\",\"position\":1,\"name\":\"Inicio\",\"item\":\"https:\\\/\\\/www.salvilaw.com\\\/es\\\/\"},{\"@type\":\"ListItem\",\"position\":2,\"name\":\"Lesiones Personales\",\"item\":\"https:\\\/\\\/www.salvilaw.com\\\/es\\\/recurso-lesiones-chicago\\\/\"},{\"@type\":\"ListItem\",\"position\":3,\"name\":\"\u00bfQu\u00e9 es un acuerdo extrajudicial?\"}]},{\"@type\":\"WebSite\",\"@id\":\"https:\\\/\\\/www.salvilaw.com\\\/es\\\/#website\",\"url\":\"https:\\\/\\\/www.salvilaw.com\\\/es\\\/\",\"name\":\"Salvi, Schostok & Pritchard P.C.\",\"description\":\"Your Illinois Medical Malpractice and Personal Injury Attorneys\",\"publisher\":{\"@id\":\"https:\\\/\\\/www.salvilaw.com\\\/es\\\/#organization\"},\"potentialAction\":[{\"@type\":\"SearchAction\",\"target\":{\"@type\":\"EntryPoint\",\"urlTemplate\":\"https:\\\/\\\/www.salvilaw.com\\\/es\\\/?s={search_term_string}\"},\"query-input\":{\"@type\":\"PropertyValueSpecification\",\"valueRequired\":true,\"valueName\":\"search_term_string\"}}],\"inLanguage\":\"es\"},{\"@type\":\"ImageObject\",\"inLanguage\":\"es\",\"@id\":\"https:\\\/\\\/www.salvilaw.com\\\/es\\\/recurso-lesiones-chicago\\\/que-es-un-acuerdo-extrajudicial\\\/#local-main-organization-logo\",\"url\":\"https:\\\/\\\/www.salvilaw.com\\\/wp-content\\\/uploads\\\/2018\\\/11\\\/logo.png\",\"contentUrl\":\"https:\\\/\\\/www.salvilaw.com\\\/wp-content\\\/uploads\\\/2018\\\/11\\\/logo.png\",\"width\":266,\"height\":108,\"caption\":\"Salvi, Schostok & Pritchard P.C.\"}]}<\/script>\n<meta name=\"geo.region\" content=\"Estados Unidos (EEUU)\" \/>\n<!-- \/ Yoast SEO Premium plugin. -->","yoast_head_json":{"title":"\u00bfQu\u00e9 es un acuerdo extrajudicial?","description":"Un acuerdo extrajudicial por lesiones personales es una resoluci\u00f3n formal entre la parte lesionada y los responsables del da\u00f1o. Cuando una persona sufre","robots":{"index":"index","follow":"follow","max-snippet":"max-snippet:-1","max-image-preview":"max-image-preview:large","max-video-preview":"max-video-preview:-1"},"canonical":"https:\/\/www.salvilaw.com\/es\/recurso-lesiones-chicago\/que-es-un-acuerdo-extrajudicial\/","og_locale":"es_ES","og_type":"article","og_title":"\u00bfQu\u00e9 es un acuerdo extrajudicial?","og_description":"Un acuerdo extrajudicial por lesiones personales es una resoluci\u00f3n formal entre la parte lesionada y los responsables del da\u00f1o. Cuando una persona sufre","og_url":"https:\/\/www.salvilaw.com\/es\/recurso-lesiones-chicago\/que-es-un-acuerdo-extrajudicial\/","og_site_name":"Salvi, Schostok &amp; Pritchard P.C.","article_publisher":"https:\/\/www.facebook.com\/SalviLaw\/","article_modified_time":"2026-04-29T13:38:47+00:00","og_image":[{"width":743,"height":296,"url":"https:\/\/www.salvilaw.com\/wp-content\/uploads\/2022\/09\/Rectangle-392.jpg","type":"image\/jpeg"}],"twitter_card":"summary_large_image","twitter_site":"@SalviLaw","schema":{"@context":"https:\/\/schema.org","@graph":[{"@type":"WebPage","@id":"https:\/\/www.salvilaw.com\/es\/recurso-lesiones-chicago\/que-es-un-acuerdo-extrajudicial\/","url":"https:\/\/www.salvilaw.com\/es\/recurso-lesiones-chicago\/que-es-un-acuerdo-extrajudicial\/","name":"\u00bfQu\u00e9 es un acuerdo extrajudicial?","isPartOf":{"@id":"https:\/\/www.salvilaw.com\/es\/#website"},"primaryImageOfPage":{"@id":"https:\/\/www.salvilaw.com\/es\/recurso-lesiones-chicago\/que-es-un-acuerdo-extrajudicial\/#primaryimage"},"image":{"@id":"https:\/\/www.salvilaw.com\/es\/recurso-lesiones-chicago\/que-es-un-acuerdo-extrajudicial\/#primaryimage"},"thumbnailUrl":"https:\/\/www.salvilaw.com\/wp-content\/uploads\/2022\/09\/Rectangle-392.jpg","datePublished":"2018-09-30T18:47:07+00:00","dateModified":"2026-04-29T13:38:47+00:00","description":"Un acuerdo extrajudicial por lesiones personales es una resoluci\u00f3n formal entre la parte lesionada y los responsables del da\u00f1o. Cuando una persona sufre","breadcrumb":{"@id":"https:\/\/www.salvilaw.com\/es\/recurso-lesiones-chicago\/que-es-un-acuerdo-extrajudicial\/#breadcrumb"},"inLanguage":"es","potentialAction":[{"@type":"ReadAction","target":["https:\/\/www.salvilaw.com\/es\/recurso-lesiones-chicago\/que-es-un-acuerdo-extrajudicial\/"]}]},{"@type":"ImageObject","inLanguage":"es","@id":"https:\/\/www.salvilaw.com\/es\/recurso-lesiones-chicago\/que-es-un-acuerdo-extrajudicial\/#primaryimage","url":"https:\/\/www.salvilaw.com\/wp-content\/uploads\/2022\/09\/Rectangle-392.jpg","contentUrl":"https:\/\/www.salvilaw.com\/wp-content\/uploads\/2022\/09\/Rectangle-392.jpg","width":743,"height":296,"caption":"Settlement"},{"@type":"BreadcrumbList","@id":"https:\/\/www.salvilaw.com\/es\/recurso-lesiones-chicago\/que-es-un-acuerdo-extrajudicial\/#breadcrumb","itemListElement":[{"@type":"ListItem","position":1,"name":"Inicio","item":"https:\/\/www.salvilaw.com\/es\/"},{"@type":"ListItem","position":2,"name":"Lesiones Personales","item":"https:\/\/www.salvilaw.com\/es\/recurso-lesiones-chicago\/"},{"@type":"ListItem","position":3,"name":"\u00bfQu\u00e9 es un acuerdo extrajudicial?"}]},{"@type":"WebSite","@id":"https:\/\/www.salvilaw.com\/es\/#website","url":"https:\/\/www.salvilaw.com\/es\/","name":"Salvi, Schostok & Pritchard P.C.","description":"Your Illinois Medical Malpractice and Personal Injury Attorneys","publisher":{"@id":"https:\/\/www.salvilaw.com\/es\/#organization"},"potentialAction":[{"@type":"SearchAction","target":{"@type":"EntryPoint","urlTemplate":"https:\/\/www.salvilaw.com\/es\/?s={search_term_string}"},"query-input":{"@type":"PropertyValueSpecification","valueRequired":true,"valueName":"search_term_string"}}],"inLanguage":"es"},{"@type":"ImageObject","inLanguage":"es","@id":"https:\/\/www.salvilaw.com\/es\/recurso-lesiones-chicago\/que-es-un-acuerdo-extrajudicial\/#local-main-organization-logo","url":"https:\/\/www.salvilaw.com\/wp-content\/uploads\/2018\/11\/logo.png","contentUrl":"https:\/\/www.salvilaw.com\/wp-content\/uploads\/2018\/11\/logo.png","width":266,"height":108,"caption":"Salvi, Schostok & Pritchard P.C."}]},"geo.region":"Estados Unidos (EEUU)"},"parsely":{"version":"1.1.0","canonical_url":"https:\/\/salvilaw.com\/es\/recurso-lesiones-chicago\/que-es-un-acuerdo-extrajudicial\/","smart_links":{"inbound":0,"outbound":0},"traffic_boost_suggestions_count":0,"meta":{"@context":"https:\/\/schema.org","@type":"WebPage","headline":"\u00bfQu\u00e9 es un acuerdo extrajudicial?","url":"http:\/\/www.salvilaw.com\/es\/recurso-lesiones-chicago\/que-es-un-acuerdo-extrajudicial\/","mainEntityOfPage":{"@type":"WebPage","@id":"http:\/\/www.salvilaw.com\/es\/recurso-lesiones-chicago\/que-es-un-acuerdo-extrajudicial\/"},"thumbnailUrl":"https:\/\/www.salvilaw.com\/wp-content\/uploads\/2022\/09\/Rectangle-392-150x150.jpg","image":{"@type":"ImageObject","url":"https:\/\/www.salvilaw.com\/wp-content\/uploads\/2022\/09\/Rectangle-392.jpg"},"articleSection":"Sin categorizar","author":[{"@type":"Person","name":"Joan Quisay"}],"creator":["Joan Quisay"],"publisher":{"@type":"Organization","name":"Salvi, Schostok &amp; Pritchard P.C.","logo":"https:\/\/www.salvilaw.com\/wp-content\/uploads\/2018\/10\/SSP-favicon.png"},"keywords":[],"dateCreated":"2018-09-30T18:47:07Z","datePublished":"2018-09-30T18:47:07Z","dateModified":"2026-04-29T13:38:47Z"},"rendered":"<script type=\"application\/ld+json\" class=\"wp-parsely-metadata\">{\"@context\":\"https:\\\/\\\/schema.org\",\"@type\":\"WebPage\",\"headline\":\"\\u00bfQu\\u00e9 es un acuerdo extrajudicial?\",\"url\":\"http:\\\/\\\/www.salvilaw.com\\\/es\\\/recurso-lesiones-chicago\\\/que-es-un-acuerdo-extrajudicial\\\/\",\"mainEntityOfPage\":{\"@type\":\"WebPage\",\"@id\":\"http:\\\/\\\/www.salvilaw.com\\\/es\\\/recurso-lesiones-chicago\\\/que-es-un-acuerdo-extrajudicial\\\/\"},\"thumbnailUrl\":\"https:\\\/\\\/www.salvilaw.com\\\/wp-content\\\/uploads\\\/2022\\\/09\\\/Rectangle-392-150x150.jpg\",\"image\":{\"@type\":\"ImageObject\",\"url\":\"https:\\\/\\\/www.salvilaw.com\\\/wp-content\\\/uploads\\\/2022\\\/09\\\/Rectangle-392.jpg\"},\"articleSection\":\"Sin categorizar\",\"author\":[{\"@type\":\"Person\",\"name\":\"Joan Quisay\"}],\"creator\":[\"Joan Quisay\"],\"publisher\":{\"@type\":\"Organization\",\"name\":\"Salvi, Schostok &amp; Pritchard P.C.\",\"logo\":\"https:\\\/\\\/www.salvilaw.com\\\/wp-content\\\/uploads\\\/2018\\\/10\\\/SSP-favicon.png\"},\"keywords\":[],\"dateCreated\":\"2018-09-30T18:47:07Z\",\"datePublished\":\"2018-09-30T18:47:07Z\",\"dateModified\":\"2026-04-29T13:38:47Z\"}<\/script>","tracker_url":"https:\/\/cdn.parsely.com\/keys\/salvilaw.com\/p.js"},"_links":{"self":[{"href":"https:\/\/www.salvilaw.com\/es\/wp-json\/wp\/v2\/pages\/2868060","targetHints":{"allow":["GET"]}}],"collection":[{"href":"https:\/\/www.salvilaw.com\/es\/wp-json\/wp\/v2\/pages"}],"about":[{"href":"https:\/\/www.salvilaw.com\/es\/wp-json\/wp\/v2\/types\/page"}],"author":[{"embeddable":true,"href":"https:\/\/www.salvilaw.com\/es\/wp-json\/wp\/v2\/users\/95"}],"replies":[{"embeddable":true,"href":"https:\/\/www.salvilaw.com\/es\/wp-json\/wp\/v2\/comments?post=2868060"}],"version-history":[{"count":0,"href":"https:\/\/www.salvilaw.com\/es\/wp-json\/wp\/v2\/pages\/2868060\/revisions"}],"up":[{"embeddable":true,"href":"https:\/\/www.salvilaw.com\/es\/wp-json\/wp\/v2\/pages\/2814776"}],"wp:featuredmedia":[{"embeddable":true,"href":"https:\/\/www.salvilaw.com\/es\/wp-json\/wp\/v2\/media\/2805491"}],"wp:attachment":[{"href":"https:\/\/www.salvilaw.com\/es\/wp-json\/wp\/v2\/media?parent=2868060"}],"curies":[{"name":"wp","href":"https:\/\/api.w.org\/{rel}","templated":true}]}}