{"id":2868249,"date":"2018-11-21T17:37:59","date_gmt":"2018-11-21T23:37:59","guid":{"rendered":"https:\/\/www.salvilaw.com\/?page_id=2868249"},"modified":"2026-04-29T11:04:15","modified_gmt":"2026-04-29T16:04:15","slug":"abogado-lesiones-catastroficas-chicago","status":"publish","type":"page","link":"https:\/\/www.salvilaw.com\/es\/recurso-lesiones-chicago\/abogado-lesiones-catastroficas-chicago\/","title":{"rendered":"Abogados de lesiones catastr\u00f3ficas en Chicago"},"content":{"rendered":"<p>Sufrir cualquier lesi\u00f3n debido a la negligencia de otra parte siempre resulta f\u00edsica, emocional y financieramente agotador. Sin embargo, su vida puede cambiar para siempre si la lesi\u00f3n es compleja y grave. Las lesiones catastr\u00f3ficas pueden dejarle con incertidumbre sobre lo que le depara el futuro. Cuando la vida presenta este tipo de desaf\u00edo, usted merece apoyo legal de alto nivel para responsabilizar a la parte responsable.<\/p>\n<p>Acuda a los <a href=\"https:\/\/www.salvilaw.com\/es\/\">abogados de lesiones personales<\/a> de Salvi, Schostok &amp; Pritchard P.C. Nuestro equipo legal, con resultados comprobados, cuenta con los recursos y la experiencia necesarios para construir un caso s\u00f3lido y exigir la m\u00e1xima compensaci\u00f3n por sus p\u00e9rdidas. Hasta la fecha, hemos recuperado m\u00e1s de 3.5 mil millones de d\u00f3lares para nuestros clientes, con numerosos veredictos y acuerdos por lesiones personales que superan el mill\u00f3n de d\u00f3lares.<\/p>\n<p>Durante m\u00e1s de 40 a\u00f1os, las personas lesionadas injustamente han confiado en nuestro despacho de lesiones catastr\u00f3ficas en Chicago para salvaguardar sus derechos y proteger sus intereses. Cont\u00e1ctenos hoy mismo para una consulta gratuita.<\/p>\n<h2>\u00bfQu\u00e9 es una lesi\u00f3n catastr\u00f3fica?<\/h2>\n<p>Illinois no cuenta con una definici\u00f3n legal espec\u00edfica para una lesi\u00f3n catastr\u00f3fica. En general, se trata de una lesi\u00f3n grave y debilitante que ocasiona una discapacidad permanente o altera por completo la vida de una persona. Las lesiones catastr\u00f3ficas suelen afectar:<\/p>\n<ul>\n<li>La movilidad<\/li>\n<li>La capacidad de cuidar de s\u00ed mismo<\/li>\n<li>La capacidad para trabajar y generar ingresos<\/li>\n<li>La calidad de vida<\/li>\n<\/ul>\n<p>Las personas que sobreviven a una lesi\u00f3n catastr\u00f3fica a menudo requieren tratamiento m\u00e9dico extenso, rehabilitaci\u00f3n, atenci\u00f3n asistencial a largo plazo y adaptaciones para sus nuevas discapacidades. Cuando otra persona es responsable de la lesi\u00f3n, la ley de Illinois permite a las v\u00edctimas elegibles reclamar una compensaci\u00f3n por estos gastos extraordinarios y otras p\u00e9rdidas. Un abogado con experiencia en lesiones catastr\u00f3ficas en Chicago puede revisar su caso, asignar un valor adecuado a su reclamo y luchar por la compensaci\u00f3n total que usted merece.<\/p>\n<h2>Tipos comunes de lesiones catastr\u00f3ficas en Chicago<\/h2>\n<p>Algunos de los tipos m\u00e1s comunes de lesiones catastr\u00f3ficas en Chicago incluyen:<\/p>\n<ul>\n<li><strong>Lesi\u00f3n de la m\u00e9dula espinal <span style=\"box-sizing: border-box; margin: 0px; padding: 0px;\">\u2013<\/span><\/strong>\u00a0Una secci\u00f3n completa de la m\u00e9dula espinal puede provocar par\u00e1lisis, como paraplejia o tetraplejia.<\/li>\n<li><strong>Lesi\u00f3n cerebral traum\u00e1tica (TBI)<\/strong> <span style=\"box-sizing: border-box; margin: 0px; padding: 0px;\"><strong>\u2013<\/strong><\/span> Las lesiones cerebrales traum\u00e1ticas catastr\u00f3ficas pueden afectar la cognici\u00f3n, el comportamiento, el habla, la coordinaci\u00f3n motora y la percepci\u00f3n sensorial.<\/li>\n<li><strong>P\u00e9rdida de extremidades<\/strong> <span style=\"box-sizing: border-box; margin: 0px; padding: 0px;\"><strong>\u2013<\/strong><\/span> La amputaci\u00f3n provoca desfiguraci\u00f3n permanente y puede requerir pr\u00f3tesis para mejorar la calidad de vida de la persona lesionada.<\/li>\n<li><strong>Quemaduras graves<\/strong> <span style=\"box-sizing: border-box; margin: 0px; padding: 0px;\"><strong>\u2013<\/strong><\/span> Las quemaduras catastr\u00f3ficas pueden requerir m\u00faltiples injertos de piel y cirug\u00edas, lo que resulta en cicatrices severas y significativas.<\/li>\n<li><strong>Lesiones por aplastamiento<\/strong> <span style=\"box-sizing: border-box; margin: 0px; padding: 0px;\"><strong>\u2013<\/strong><\/span> Los incidentes de atrapamiento o aplastamiento pueden da\u00f1ar \u00f3rganos internos, fracturar m\u00faltiples huesos y causar una p\u00e9rdida masiva de sangre.<\/li>\n<\/ul>\n<p>Nuestros abogados de lesiones catastr\u00f3ficas en Chicago cuentan con amplia experiencia en el manejo de estos casos complejos. Entendemos el impacto que estas lesiones pueden tener en la vida de las personas y trabajamos de manera agresiva para obtener una compensaci\u00f3n que contemple sus p\u00e9rdidas pasadas, actuales y futuras.<\/p>\n<h2>\u00bfCu\u00e1les son las causas de una lesi\u00f3n catastr\u00f3fica?<\/h2>\n<p>Las lesiones catastr\u00f3ficas pueden ocurrir en cualquier lugar y bajo diversas circunstancias. Entre las principales causas se encuentran:<\/p>\n<ul>\n<li><strong>Accidentes automovil\u00edsticos \u2013 <\/strong>Colisiones frontales, volcaduras y choques a alta velocidad pueden provocar lesiones de la m\u00e9dula espinal, lesiones cerebrales, amputaciones y otros traumas graves.<\/li>\n<li><strong>Accidentes de camiones <\/strong>\u2013 El gran tama\u00f1o y peso de los camiones comerciales ponen en riesgo de sufrir lesiones catastr\u00f3ficas a los ocupantes de veh\u00edculos de pasajeros.<\/li>\n<li><strong>Accidentes de motocicleta \u2013<\/strong>\u00a0Los motociclistas est\u00e1n menos protegidos en la v\u00eda p\u00fablica que otros conductores, lo que incrementa su riesgo de sufrir lesiones catastr\u00f3ficas.<\/li>\n<li><strong>Atropellamientos de peatones \u2013 <\/strong>Ser impactado por un veh\u00edculo mientras se camina puede ocasionar fracturas complejas, da\u00f1os en \u00f3rganos vitales, lesiones en la cabeza, da\u00f1o en la m\u00e9dula espinal y otras lesiones graves.<\/li>\n<li><strong>Productos defectuosos \u2013<\/strong>\u00a0Defectos peligrosos en productos como autom\u00f3viles, dispositivos m\u00e9dicos y bienes de consumo pueden causar explosiones, incendios y otros incidentes que resultan en da\u00f1os catastr\u00f3ficos.<\/li>\n<li><strong>Accidentes en la construcci\u00f3n \u2013<\/strong>\u00a0Ca\u00eddas desde altura, descargas el\u00e9ctricas y maquinaria pesada en obras de construcci\u00f3n pueden causar f\u00e1cilmente lesiones que cambian la vida cuando existe negligencia.<\/li>\n<li><strong>Responsabilidad de las instalaciones \u2013<\/strong>\u00a0Peligros en propiedades, como pisos irregulares, escaleras da\u00f1adas, mala iluminaci\u00f3n y falta de seguridad, pueden provocar ca\u00eddas, agresiones y otras lesiones que afectan permanentemente la calidad de vida de la v\u00edctima.<\/li>\n<li><strong>Negligencia m\u00e9dica \u2013<\/strong>\u00a0Errores quir\u00fargicos, errores en la medicaci\u00f3n, diagn\u00f3sticos incorrectos y negligencia por parte de proveedores de salud pueden ocasionar lesiones catastr\u00f3ficas y da\u00f1os permanentes en uno o m\u00e1s sistemas principales del cuerpo.<\/li>\n<\/ul>\n<p>Si usted ha resultado lesionado, los abogados de lesiones catastr\u00f3ficas de Salvi, Schostok &amp; Pritchard P.C. investigar\u00e1n a fondo la causa del accidente e identificar\u00e1n a todas las partes potencialmente responsables.<\/p>\n<h2>Determinaci\u00f3n de la responsabilidad en casos de lesiones catastr\u00f3ficas<\/h2>\n<p>Para recibir una compensaci\u00f3n, usted debe demostrar que otra persona es responsable de su lesi\u00f3n catastr\u00f3fica. Determinar la responsabilidad puede ser complicado. En algunos casos, una sola parte puede ser culpable. Sin embargo, existen muchas situaciones en las que m\u00faltiples demandados comparten la responsabilidad. Estos casos son siempre complejos, por lo que contar con un abogado de lesiones catastr\u00f3ficas lo antes posible puede ayudar a construir el reclamo m\u00e1s s\u00f3lido en su favor.<\/p>\n<p>En Salvi, Schostok &amp; Pritchard P.C., sabemos lo que se necesita para construir un caso s\u00f3lido de responsabilidad. Recopilaremos pruebas para demostrar:<\/p>\n<ul>\n<li aria-level=\"1\">Qui\u00e9n caus\u00f3 el accidente<\/li>\n<li aria-level=\"1\">C\u00f3mo sus acciones provocaron el incidente<\/li>\n<li aria-level=\"1\">C\u00f3mo el incidente condujo directamente a su lesi\u00f3n catastr\u00f3fica<\/li>\n<li aria-level=\"1\">C\u00f3mo la lesi\u00f3n continuar\u00e1 afectando su vida<\/li>\n<\/ul>\n<p>Nuestros abogados de lesiones catastr\u00f3ficas no dejan ning\u00fan detalle sin investigar. Con frecuencia consultamos a destacados expertos m\u00e9dicos, financieros y en reconstrucci\u00f3n de accidentes para obtener testimonios que fortalezcan los casos de nuestros clientes.<\/p>\n<h2>Obtenga la ayuda legal que necesita de un abogado de lesiones catastr\u00f3ficas en Chicago<\/h2>\n<p>Sufrir una lesi\u00f3n catastr\u00f3fica puede trastocar completamente su vida. Si lo impensable le ha ocurrido a usted o a un ser querido, usted merece todo el apoyo posible para recuperar sus p\u00e9rdidas financieras y prepararse para el futuro. Los dedicados abogados de lesiones catastr\u00f3ficas de Salvi, Schostok &amp; Pritchard P.C. luchar\u00e1n incansablemente para ayudarle a obtener una compensaci\u00f3n por:<\/p>\n<ul>\n<li>Gastos m\u00e9dicos<\/li>\n<li>Costos de rehabilitaci\u00f3n<\/li>\n<li>P\u00e9rdida de ingresos<\/li>\n<li>Disminuci\u00f3n de la capacidad de generar ingresos<\/li>\n<li>Dolor y sufrimiento<\/li>\n<li>Reducci\u00f3n de la calidad de vida<\/li>\n<\/ul>\n<p>En casos de conductas particularmente graves o negligentes, usted tambi\u00e9n puede tener derecho a reclamar da\u00f1os punitivos.<\/p>\n<p>Durante las \u00faltimas d\u00e9cadas, hemos obtenido numerosos veredictos y acuerdos multimillonarios para nuestros clientes, incluyendo el veredicto de jurado m\u00e1s grande para un individuo en la historia de Illinois. Si bien ninguna cantidad de dinero puede compensar lo sucedido, la indemnizaci\u00f3n puede ayudarle a restablecer su seguridad financiera y prepararse para el futuro. Ll\u00e1menos hoy mismo o cont\u00e1ctenos en l\u00ednea para una revisi\u00f3n gratuita de su caso con uno de nuestros abogados de lesiones catastr\u00f3ficas en Chicago.<\/p>\n","protected":false},"excerpt":{"rendered":"<p>Sufrir cualquier lesi\u00f3n debido a la negligencia de otra parte siempre resulta f\u00edsica, emocional y financieramente agotador. Sin embargo, su vida puede cambiar para siempre si la lesi\u00f3n es compleja y grave. Las lesiones catastr\u00f3ficas pueden dejarle con incertidumbre sobre lo que le depara el futuro. Cuando la vida presenta&#8230;<\/p>\n","protected":false},"author":95,"featured_media":2804344,"parent":2814776,"menu_order":75,"comment_status":"closed","ping_status":"closed","template":"","meta":{"_acf_changed":false,"footnotes":""},"class_list":["post-2868249","page","type-page","status-publish","has-post-thumbnail","hentry"],"acf":[],"yoast_head":"<!-- This site is optimized with the Yoast SEO Premium plugin v27.5 (Yoast SEO v27.5) - https:\/\/yoast.com\/product\/yoast-seo-premium-wordpress\/ -->\n<title>Abogados de lesiones catastr\u00f3ficas en Chicago | Salvi, Schostok &amp; Pritchard<\/title>\n<meta name=\"description\" content=\"\u00bfSufri\u00f3 una lesi\u00f3n catastr\u00f3fica en Chicago? Usted podr\u00eda tener derecho a compensaci\u00f3n. Llame hoy para una consulta gratuita con nuestros abogados.\" \/>\n<meta name=\"robots\" content=\"index, follow, max-snippet:-1, max-image-preview:large, max-video-preview:-1\" \/>\n<link rel=\"canonical\" href=\"https:\/\/www.salvilaw.com\/es\/recurso-lesiones-chicago\/abogado-lesiones-catastroficas-chicago\/\" \/>\n<meta property=\"og:locale\" content=\"es_ES\" \/>\n<meta property=\"og:type\" content=\"article\" \/>\n<meta property=\"og:title\" content=\"Abogados de lesiones catastr\u00f3ficas en Chicago\" \/>\n<meta property=\"og:description\" content=\"\u00bfSufri\u00f3 una lesi\u00f3n catastr\u00f3fica en Chicago? Usted podr\u00eda tener derecho a compensaci\u00f3n. Llame hoy para una consulta gratuita con nuestros abogados.\" \/>\n<meta property=\"og:url\" content=\"https:\/\/www.salvilaw.com\/es\/recurso-lesiones-chicago\/abogado-lesiones-catastroficas-chicago\/\" \/>\n<meta property=\"og:site_name\" content=\"Salvi, Schostok &amp; Pritchard P.C.\" \/>\n<meta property=\"article:publisher\" content=\"https:\/\/www.facebook.com\/SalviLaw\/\" \/>\n<meta property=\"article:modified_time\" content=\"2026-04-29T16:04:15+00:00\" \/>\n<meta property=\"og:image\" content=\"https:\/\/www.salvilaw.com\/wp-content\/uploads\/2018\/11\/Catastrophic-Injury.jpg\" \/>\n\t<meta property=\"og:image:width\" content=\"300\" \/>\n\t<meta property=\"og:image:height\" content=\"200\" \/>\n\t<meta property=\"og:image:type\" content=\"image\/jpeg\" \/>\n<meta name=\"twitter:card\" content=\"summary_large_image\" \/>\n<meta name=\"twitter:site\" content=\"@SalviLaw\" \/>\n<script type=\"application\/ld+json\" class=\"yoast-schema-graph\">{\"@context\":\"https:\\\/\\\/schema.org\",\"@graph\":[{\"@type\":\"WebPage\",\"@id\":\"https:\\\/\\\/www.salvilaw.com\\\/es\\\/recurso-lesiones-chicago\\\/abogado-lesiones-catastroficas-chicago\\\/\",\"url\":\"https:\\\/\\\/www.salvilaw.com\\\/es\\\/recurso-lesiones-chicago\\\/abogado-lesiones-catastroficas-chicago\\\/\",\"name\":\"Abogados de lesiones catastr\u00f3ficas en Chicago | Salvi, Schostok & Pritchard\",\"isPartOf\":{\"@id\":\"https:\\\/\\\/www.salvilaw.com\\\/es\\\/#website\"},\"primaryImageOfPage\":{\"@id\":\"https:\\\/\\\/www.salvilaw.com\\\/es\\\/recurso-lesiones-chicago\\\/abogado-lesiones-catastroficas-chicago\\\/#primaryimage\"},\"image\":{\"@id\":\"https:\\\/\\\/www.salvilaw.com\\\/es\\\/recurso-lesiones-chicago\\\/abogado-lesiones-catastroficas-chicago\\\/#primaryimage\"},\"thumbnailUrl\":\"https:\\\/\\\/www.salvilaw.com\\\/wp-content\\\/uploads\\\/2018\\\/11\\\/Catastrophic-Injury.jpg\",\"datePublished\":\"2018-11-21T23:37:59+00:00\",\"dateModified\":\"2026-04-29T16:04:15+00:00\",\"description\":\"\u00bfSufri\u00f3 una lesi\u00f3n catastr\u00f3fica en Chicago? Usted podr\u00eda tener derecho a compensaci\u00f3n. Llame hoy para una consulta gratuita con nuestros abogados.\",\"breadcrumb\":{\"@id\":\"https:\\\/\\\/www.salvilaw.com\\\/es\\\/recurso-lesiones-chicago\\\/abogado-lesiones-catastroficas-chicago\\\/#breadcrumb\"},\"inLanguage\":\"es\",\"potentialAction\":[{\"@type\":\"ReadAction\",\"target\":[\"https:\\\/\\\/www.salvilaw.com\\\/es\\\/recurso-lesiones-chicago\\\/abogado-lesiones-catastroficas-chicago\\\/\"]}]},{\"@type\":\"ImageObject\",\"inLanguage\":\"es\",\"@id\":\"https:\\\/\\\/www.salvilaw.com\\\/es\\\/recurso-lesiones-chicago\\\/abogado-lesiones-catastroficas-chicago\\\/#primaryimage\",\"url\":\"https:\\\/\\\/www.salvilaw.com\\\/wp-content\\\/uploads\\\/2018\\\/11\\\/Catastrophic-Injury.jpg\",\"contentUrl\":\"https:\\\/\\\/www.salvilaw.com\\\/wp-content\\\/uploads\\\/2018\\\/11\\\/Catastrophic-Injury.jpg\",\"width\":300,\"height\":200,\"caption\":\"Abogados de lesiones catastr\u00f3ficas en Chicago\"},{\"@type\":\"BreadcrumbList\",\"@id\":\"https:\\\/\\\/www.salvilaw.com\\\/es\\\/recurso-lesiones-chicago\\\/abogado-lesiones-catastroficas-chicago\\\/#breadcrumb\",\"itemListElement\":[{\"@type\":\"ListItem\",\"position\":1,\"name\":\"Inicio\",\"item\":\"https:\\\/\\\/www.salvilaw.com\\\/es\\\/\"},{\"@type\":\"ListItem\",\"position\":2,\"name\":\"Lesiones Personales\",\"item\":\"https:\\\/\\\/www.salvilaw.com\\\/es\\\/recurso-lesiones-chicago\\\/\"},{\"@type\":\"ListItem\",\"position\":3,\"name\":\"Abogados de lesiones catastr\u00f3ficas en Chicago\"}]},{\"@type\":\"WebSite\",\"@id\":\"https:\\\/\\\/www.salvilaw.com\\\/es\\\/#website\",\"url\":\"https:\\\/\\\/www.salvilaw.com\\\/es\\\/\",\"name\":\"Salvi, Schostok & Pritchard P.C.\",\"description\":\"Your Illinois Medical Malpractice and Personal Injury Attorneys\",\"publisher\":{\"@id\":\"https:\\\/\\\/www.salvilaw.com\\\/es\\\/#organization\"},\"potentialAction\":[{\"@type\":\"SearchAction\",\"target\":{\"@type\":\"EntryPoint\",\"urlTemplate\":\"https:\\\/\\\/www.salvilaw.com\\\/es\\\/?s={search_term_string}\"},\"query-input\":{\"@type\":\"PropertyValueSpecification\",\"valueRequired\":true,\"valueName\":\"search_term_string\"}}],\"inLanguage\":\"es\"},{\"@type\":\"ImageObject\",\"inLanguage\":\"es\",\"@id\":\"https:\\\/\\\/www.salvilaw.com\\\/es\\\/recurso-lesiones-chicago\\\/abogado-lesiones-catastroficas-chicago\\\/#local-main-organization-logo\",\"url\":\"https:\\\/\\\/www.salvilaw.com\\\/wp-content\\\/uploads\\\/2018\\\/11\\\/logo.png\",\"contentUrl\":\"https:\\\/\\\/www.salvilaw.com\\\/wp-content\\\/uploads\\\/2018\\\/11\\\/logo.png\",\"width\":266,\"height\":108,\"caption\":\"Salvi, Schostok & Pritchard P.C.\"}]}<\/script>\n<meta name=\"geo.region\" content=\"Estados Unidos (EEUU)\" \/>\n<!-- \/ Yoast SEO Premium plugin. -->","yoast_head_json":{"title":"Abogados de lesiones catastr\u00f3ficas en Chicago | Salvi, Schostok & Pritchard","description":"\u00bfSufri\u00f3 una lesi\u00f3n catastr\u00f3fica en Chicago? Usted podr\u00eda tener derecho a compensaci\u00f3n. Llame hoy para una consulta gratuita con nuestros abogados.","robots":{"index":"index","follow":"follow","max-snippet":"max-snippet:-1","max-image-preview":"max-image-preview:large","max-video-preview":"max-video-preview:-1"},"canonical":"https:\/\/www.salvilaw.com\/es\/recurso-lesiones-chicago\/abogado-lesiones-catastroficas-chicago\/","og_locale":"es_ES","og_type":"article","og_title":"Abogados de lesiones catastr\u00f3ficas en Chicago","og_description":"\u00bfSufri\u00f3 una lesi\u00f3n catastr\u00f3fica en Chicago? Usted podr\u00eda tener derecho a compensaci\u00f3n. Llame hoy para una consulta gratuita con nuestros abogados.","og_url":"https:\/\/www.salvilaw.com\/es\/recurso-lesiones-chicago\/abogado-lesiones-catastroficas-chicago\/","og_site_name":"Salvi, Schostok &amp; Pritchard P.C.","article_publisher":"https:\/\/www.facebook.com\/SalviLaw\/","article_modified_time":"2026-04-29T16:04:15+00:00","og_image":[{"width":300,"height":200,"url":"https:\/\/www.salvilaw.com\/wp-content\/uploads\/2018\/11\/Catastrophic-Injury.jpg","type":"image\/jpeg"}],"twitter_card":"summary_large_image","twitter_site":"@SalviLaw","schema":{"@context":"https:\/\/schema.org","@graph":[{"@type":"WebPage","@id":"https:\/\/www.salvilaw.com\/es\/recurso-lesiones-chicago\/abogado-lesiones-catastroficas-chicago\/","url":"https:\/\/www.salvilaw.com\/es\/recurso-lesiones-chicago\/abogado-lesiones-catastroficas-chicago\/","name":"Abogados de lesiones catastr\u00f3ficas en Chicago | Salvi, Schostok & Pritchard","isPartOf":{"@id":"https:\/\/www.salvilaw.com\/es\/#website"},"primaryImageOfPage":{"@id":"https:\/\/www.salvilaw.com\/es\/recurso-lesiones-chicago\/abogado-lesiones-catastroficas-chicago\/#primaryimage"},"image":{"@id":"https:\/\/www.salvilaw.com\/es\/recurso-lesiones-chicago\/abogado-lesiones-catastroficas-chicago\/#primaryimage"},"thumbnailUrl":"https:\/\/www.salvilaw.com\/wp-content\/uploads\/2018\/11\/Catastrophic-Injury.jpg","datePublished":"2018-11-21T23:37:59+00:00","dateModified":"2026-04-29T16:04:15+00:00","description":"\u00bfSufri\u00f3 una lesi\u00f3n catastr\u00f3fica en Chicago? Usted podr\u00eda tener derecho a compensaci\u00f3n. Llame hoy para una consulta gratuita con nuestros abogados.","breadcrumb":{"@id":"https:\/\/www.salvilaw.com\/es\/recurso-lesiones-chicago\/abogado-lesiones-catastroficas-chicago\/#breadcrumb"},"inLanguage":"es","potentialAction":[{"@type":"ReadAction","target":["https:\/\/www.salvilaw.com\/es\/recurso-lesiones-chicago\/abogado-lesiones-catastroficas-chicago\/"]}]},{"@type":"ImageObject","inLanguage":"es","@id":"https:\/\/www.salvilaw.com\/es\/recurso-lesiones-chicago\/abogado-lesiones-catastroficas-chicago\/#primaryimage","url":"https:\/\/www.salvilaw.com\/wp-content\/uploads\/2018\/11\/Catastrophic-Injury.jpg","contentUrl":"https:\/\/www.salvilaw.com\/wp-content\/uploads\/2018\/11\/Catastrophic-Injury.jpg","width":300,"height":200,"caption":"Abogados de lesiones catastr\u00f3ficas en Chicago"},{"@type":"BreadcrumbList","@id":"https:\/\/www.salvilaw.com\/es\/recurso-lesiones-chicago\/abogado-lesiones-catastroficas-chicago\/#breadcrumb","itemListElement":[{"@type":"ListItem","position":1,"name":"Inicio","item":"https:\/\/www.salvilaw.com\/es\/"},{"@type":"ListItem","position":2,"name":"Lesiones Personales","item":"https:\/\/www.salvilaw.com\/es\/recurso-lesiones-chicago\/"},{"@type":"ListItem","position":3,"name":"Abogados de lesiones catastr\u00f3ficas en Chicago"}]},{"@type":"WebSite","@id":"https:\/\/www.salvilaw.com\/es\/#website","url":"https:\/\/www.salvilaw.com\/es\/","name":"Salvi, Schostok & Pritchard P.C.","description":"Your Illinois Medical Malpractice and Personal Injury Attorneys","publisher":{"@id":"https:\/\/www.salvilaw.com\/es\/#organization"},"potentialAction":[{"@type":"SearchAction","target":{"@type":"EntryPoint","urlTemplate":"https:\/\/www.salvilaw.com\/es\/?s={search_term_string}"},"query-input":{"@type":"PropertyValueSpecification","valueRequired":true,"valueName":"search_term_string"}}],"inLanguage":"es"},{"@type":"ImageObject","inLanguage":"es","@id":"https:\/\/www.salvilaw.com\/es\/recurso-lesiones-chicago\/abogado-lesiones-catastroficas-chicago\/#local-main-organization-logo","url":"https:\/\/www.salvilaw.com\/wp-content\/uploads\/2018\/11\/logo.png","contentUrl":"https:\/\/www.salvilaw.com\/wp-content\/uploads\/2018\/11\/logo.png","width":266,"height":108,"caption":"Salvi, Schostok & Pritchard P.C."}]},"geo.region":"Estados Unidos (EEUU)"},"parsely":{"version":"1.1.0","canonical_url":"https:\/\/salvilaw.com\/es\/recurso-lesiones-chicago\/abogado-lesiones-catastroficas-chicago\/","smart_links":{"inbound":0,"outbound":0},"traffic_boost_suggestions_count":0,"meta":{"@context":"https:\/\/schema.org","@type":"WebPage","headline":"Abogados de lesiones catastr\u00f3ficas en Chicago","url":"http:\/\/www.salvilaw.com\/es\/recurso-lesiones-chicago\/abogado-lesiones-catastroficas-chicago\/","mainEntityOfPage":{"@type":"WebPage","@id":"http:\/\/www.salvilaw.com\/es\/recurso-lesiones-chicago\/abogado-lesiones-catastroficas-chicago\/"},"thumbnailUrl":"https:\/\/www.salvilaw.com\/wp-content\/uploads\/2018\/11\/Catastrophic-Injury-150x150.jpg","image":{"@type":"ImageObject","url":"https:\/\/www.salvilaw.com\/wp-content\/uploads\/2018\/11\/Catastrophic-Injury.jpg"},"articleSection":"Sin categorizar","author":[{"@type":"Person","name":"Joan Quisay"}],"creator":["Joan Quisay"],"publisher":{"@type":"Organization","name":"Salvi, Schostok &amp; Pritchard P.C.","logo":"https:\/\/www.salvilaw.com\/wp-content\/uploads\/2018\/10\/SSP-favicon.png"},"keywords":[],"dateCreated":"2018-11-21T23:37:59Z","datePublished":"2018-11-21T23:37:59Z","dateModified":"2026-04-29T16:04:15Z"},"rendered":"<script type=\"application\/ld+json\" class=\"wp-parsely-metadata\">{\"@context\":\"https:\\\/\\\/schema.org\",\"@type\":\"WebPage\",\"headline\":\"Abogados de lesiones catastr\\u00f3ficas en Chicago\",\"url\":\"http:\\\/\\\/www.salvilaw.com\\\/es\\\/recurso-lesiones-chicago\\\/abogado-lesiones-catastroficas-chicago\\\/\",\"mainEntityOfPage\":{\"@type\":\"WebPage\",\"@id\":\"http:\\\/\\\/www.salvilaw.com\\\/es\\\/recurso-lesiones-chicago\\\/abogado-lesiones-catastroficas-chicago\\\/\"},\"thumbnailUrl\":\"https:\\\/\\\/www.salvilaw.com\\\/wp-content\\\/uploads\\\/2018\\\/11\\\/Catastrophic-Injury-150x150.jpg\",\"image\":{\"@type\":\"ImageObject\",\"url\":\"https:\\\/\\\/www.salvilaw.com\\\/wp-content\\\/uploads\\\/2018\\\/11\\\/Catastrophic-Injury.jpg\"},\"articleSection\":\"Sin categorizar\",\"author\":[{\"@type\":\"Person\",\"name\":\"Joan Quisay\"}],\"creator\":[\"Joan Quisay\"],\"publisher\":{\"@type\":\"Organization\",\"name\":\"Salvi, Schostok &amp; Pritchard P.C.\",\"logo\":\"https:\\\/\\\/www.salvilaw.com\\\/wp-content\\\/uploads\\\/2018\\\/10\\\/SSP-favicon.png\"},\"keywords\":[],\"dateCreated\":\"2018-11-21T23:37:59Z\",\"datePublished\":\"2018-11-21T23:37:59Z\",\"dateModified\":\"2026-04-29T16:04:15Z\"}<\/script>","tracker_url":"https:\/\/cdn.parsely.com\/keys\/salvilaw.com\/p.js"},"_links":{"self":[{"href":"https:\/\/www.salvilaw.com\/es\/wp-json\/wp\/v2\/pages\/2868249","targetHints":{"allow":["GET"]}}],"collection":[{"href":"https:\/\/www.salvilaw.com\/es\/wp-json\/wp\/v2\/pages"}],"about":[{"href":"https:\/\/www.salvilaw.com\/es\/wp-json\/wp\/v2\/types\/page"}],"author":[{"embeddable":true,"href":"https:\/\/www.salvilaw.com\/es\/wp-json\/wp\/v2\/users\/95"}],"replies":[{"embeddable":true,"href":"https:\/\/www.salvilaw.com\/es\/wp-json\/wp\/v2\/comments?post=2868249"}],"version-history":[{"count":0,"href":"https:\/\/www.salvilaw.com\/es\/wp-json\/wp\/v2\/pages\/2868249\/revisions"}],"up":[{"embeddable":true,"href":"https:\/\/www.salvilaw.com\/es\/wp-json\/wp\/v2\/pages\/2814776"}],"wp:featuredmedia":[{"embeddable":true,"href":"https:\/\/www.salvilaw.com\/es\/wp-json\/wp\/v2\/media\/2804344"}],"wp:attachment":[{"href":"https:\/\/www.salvilaw.com\/es\/wp-json\/wp\/v2\/media?parent=2868249"}],"curies":[{"name":"wp","href":"https:\/\/api.w.org\/{rel}","templated":true}]}}